{"id":27488,"date":"2025-07-08T09:47:53","date_gmt":"2025-07-08T09:47:53","guid":{"rendered":"https:\/\/limosinn.com\/conditions-generales-dutilisation\/"},"modified":"2025-07-28T14:48:58","modified_gmt":"2025-07-28T14:48:58","slug":"conditions-generales-dutilisation","status":"publish","type":"page","link":"https:\/\/limosinn.com\/fr\/conditions-generales-dutilisation\/","title":{"rendered":"Conditions g\u00e9n\u00e9rales d&rsquo;utilisation"},"content":{"rendered":"<div class=\"wpb-content-wrapper\"><p>[vc_row][vc_column][vc_column_text css=\u00a0\u00bb\u00a0\u00bb]<\/p>\n<h2 class=\"wp-block-heading\">CHICAGO LIMOS INN TERMES ET CONDITIONS<\/h2>\n<p><!-- \/wp:post-content --><\/p>\n<p><!-- wp:paragraph -->Les conditions g\u00e9n\u00e9rales de Chicago Limos Inn Inc. Les conditions g\u00e9n\u00e9rales sont consid\u00e9r\u00e9es comme un engagement l\u00e9gal entre le client et Chicago Limos. En utilisant les services de Chicago Limos Inc, vous acceptez d&rsquo;\u00eatre li\u00e9 par ces conditions de service. Veuillez lire attentivement les conditions de service avant de les utiliser. Vous serez \u00e9galement soumis \u00e0 toutes les conditions suppl\u00e9mentaires affich\u00e9es sur notre site Web \u00e0 l&rsquo;adresse suivante <a class=\"links\" href=\"https:\/\/limosinn.com\/fr\/conditions-generales-dutilisation\/\"><b>limosinn.com\/terms-and-conditions\/<\/b><\/a> . Ces conditions suppl\u00e9mentaires comprennent, sans s&rsquo;y limiter, les conditions d&rsquo;utilisation et la politique de confidentialit\u00e9. Si vous n&rsquo;acceptez pas les conditions g\u00e9n\u00e9rales de Chicago Limos Inn, nous vous conseillons de cesser d&rsquo;utiliser les services propos\u00e9s par Chicago Limos Inn Car &amp; Limousine Service.<br \/>Chicago Limos Inn se r\u00e9serve le droit de modifier ou de compl\u00e9ter ces conditions g\u00e9n\u00e9rales de service \u00e0 tout moment et sans pr\u00e9avis. Il est de votre responsabilit\u00e9 de consulter r\u00e9guli\u00e8rement ces conditions d&rsquo;utilisation. En continuant \u00e0 utiliser le service Chicago Limos Inn apr\u00e8s des modifications ou des compl\u00e9ments des conditions, vous acceptez les conditions telles que modifi\u00e9es ou compl\u00e9t\u00e9es.       <\/p>\n<p><!-- \/wp:paragraph --><br \/>\n<!-- wp:heading --><\/p>\n<h2 class=\"wp-block-heading\">ANNULATIONS ET NON-PR\u00c9SENTATIONS<\/h2>\n<p><!-- \/wp:heading --><\/p>\n<p><!-- wp:paragraph -->Une annulation dans les d\u00e9lais impartis n&rsquo;entra\u00eene pas de frais. Pour \u00e9viter les frais d&rsquo;annulation, les clients doivent informer un repr\u00e9sentant du service client\u00e8le de leur annulation au moins 2 heures \u00e0 l&rsquo;avance pour les ramassages \u00e0 O&rsquo;hare et au moins 3 heures \u00e0 l&rsquo;avance pour les ramassages \u00e0 Chicago. Les annulations sont accept\u00e9es par courrier \u00e9lectronique <a class=\"links\" href=\"mailto:info@LimosInn.com\"><b>info@LimosInn.com<\/b><\/a> et par t\u00e9l\u00e9phone au <strong><a class=\"links\" href=\"tel:13122656322\"><b>+1-312-265-6322<\/b><\/a><\/strong>.<br \/>Sur la base des informations fournies dans la r\u00e9servation, si Chicago Limo Inn n&rsquo;est pas en mesure de contacter le passager ou le client dans les 30 minutes pr\u00e9c\u00e9dant l&rsquo;heure de prise en charge pr\u00e9vue, le service sera abandonn\u00e9 et des frais de non-pr\u00e9sentation seront factur\u00e9s.  <\/p>\n<p><!-- \/wp:paragraph --><br \/>\n<!-- wp:heading --><\/p>\n<h2 class=\"wp-block-heading\">POLITIQUE DE MODIFICATION DES R\u00c9SERVATIONS<\/h2>\n<p><!-- \/wp:heading --><\/p>\n<p><!-- wp:paragraph -->Chicago Limos Inn exige que tous les changements soient re\u00e7us par t\u00e9l\u00e9phone ou par courriel au moins deux heures avant l&rsquo;heure de prise en charge. Si les changements effectu\u00e9s moins de deux heures avant la prise en charge ne peuvent \u00eatre pris en compte, l&rsquo;annulation qui en r\u00e9sulte peut entra\u00eener une facturation totale ou partielle au client. <\/p>\n<p><!-- \/wp:paragraph --><br \/>\n<!-- wp:heading --><\/p>\n<h2 class=\"wp-block-heading\">POLITIQUE EN MATI\u00c8RE DE CARTES DE CR\u00c9DIT<\/h2>\n<p><!-- \/wp:heading --><\/p>\n<p><!-- wp:paragraph -->Si vous payez par carte de cr\u00e9dit, vous devez fournir le num\u00e9ro de la carte de cr\u00e9dit \u00e0 l&rsquo;avance pour approbation pr\u00e9alable. Il s&rsquo;agit uniquement d&rsquo;une pr\u00e9-approbation et non d&rsquo;un paiement pour le voyage. Lorsque vous r\u00e9servez avec une carte de cr\u00e9dit ou de d\u00e9bit, une retenue pr\u00e9liminaire est plac\u00e9e sur la carte pour garantir le prix total anticip\u00e9 avec le pourboire. Cette retenue est lib\u00e9r\u00e9e lorsque le paiement est effectu\u00e9, environ 1 \u00e0 3 jours ouvrables apr\u00e8s le voyage. La carte de cr\u00e9dit doit \u00eatre pr\u00e9sent\u00e9e au chauffeur au moment de la prise en charge. Le chauffeur peut demander une pi\u00e8ce d&rsquo;identit\u00e9 suppl\u00e9mentaire pour s&rsquo;assurer de la validit\u00e9 de la carte. Toutes les signatures et informations doivent correspondre pour que la carte soit accept\u00e9e comme moyen de paiement. Le chauffeur pr\u00e9sentera un bordereau de carte de cr\u00e9dit \u00e0 remplir et \u00e0 signer \u00e0 la fin du voyage. Les passagers ne peuvent pas quitter le v\u00e9hicule, pour quelque raison que ce soit, sans avoir pr\u00e9alablement sign\u00e9 le bordereau de carte de cr\u00e9dit non rempli. Si le passager ne retourne pas au v\u00e9hicule, le prix total du trajet sera d\u00e9bit\u00e9 de la carte de cr\u00e9dit. Les frais appara\u00eetront sur votre relev\u00e9 \u00e0 la date du traitement et non \u00e0 la date du voyage. Toutes les transactions sont trait\u00e9es dans un format s\u00fbr et crypt\u00e9 par un serveur s\u00e9curis\u00e9 afin de garantir aux clients de Chicago Limos Inn une s\u00e9curit\u00e9 maximale et l&rsquo;assurance que vos informations restent confidentielles, priv\u00e9es et s\u00fbres.          <\/p>\n<p><!-- \/wp:paragraph --><br \/>\n<!-- wp:heading --><\/p>\n<h2 class=\"wp-block-heading\">POLITIQUE DE SERVICE AUX AFFILI\u00c9S<\/h2>\n<p><!-- \/wp:heading --><\/p>\n<p><!-- wp:paragraph -->Chicago Limos Inn fait appel, \u00e0 sa discr\u00e9tion, \u00e0 des soci\u00e9t\u00e9s affili\u00e9es pour fournir les services de limousine et de transport terrestre demand\u00e9s par nos clients.<\/p>\n<p><!-- \/wp:paragraph --><br \/>\n<!-- wp:heading --><\/p>\n<h2 class=\"wp-block-heading\">ARTICLES PERDUS OU ENDOMMAG\u00c9S<\/h2>\n<p><!-- \/wp:heading --><\/p>\n<p><!-- wp:paragraph -->Chicago Limos Inn service et ses affili\u00e9s ne sont pas responsables des objets perdus ou endommag\u00e9s laiss\u00e9s dans les v\u00e9hicules. Nous faisons tout notre possible pour retrouver les objets qui ont \u00e9t\u00e9 laiss\u00e9s dans l&rsquo;un de nos v\u00e9hicules. Chicago Limos Inn se r\u00e9serve le droit de facturer des frais de livraison pour le retour de l&rsquo;objet trouv\u00e9. Si vous avez laiss\u00e9 un objet personnel dans l&rsquo;un de nos v\u00e9hicules et que vous souhaitez le r\u00e9cup\u00e9rer, appelez notre bureau au <strong><a class=\"links\" href=\"tel:13122656322\"><b>+1-312-265-6322<\/b><\/a><\/strong>.   <\/p>\n<p><!-- \/wp:paragraph --><br \/>\n<!-- wp:heading --><\/p>\n<h2 class=\"wp-block-heading\">EXCLUSION ET LIMITATION DE LA RESPONSABILIT\u00c9<\/h2>\n<p><!-- \/wp:heading --><\/p>\n<p><!-- wp:paragraph -->Chicago Limos Inn Service et ses affili\u00e9s ne sont pas responsables des plans abandonn\u00e9s, des vols manqu\u00e9s ou des pertes dues \u00e0 des circonstances ind\u00e9pendantes de notre volont\u00e9. Ces circonstances peuvent \u00eatre des causes ind\u00e9pendantes de notre volont\u00e9, des actes de terrorisme, des actes de Dieu et de la nature, des fermetures de routes, des embouteillages, des accidents, des intemp\u00e9ries et des retards de vols. <\/p>\n<p><!-- \/wp:paragraph --><\/p>\n<p>&nbsp;<\/p>\n<p>[\/vc_column_text][\/vc_column][\/vc_row]<\/p>\n<\/div>","protected":false},"excerpt":{"rendered":"<p>[vc_row][vc_column][vc_column_text css=\u00a0\u00bb\u00a0\u00bb] CHICAGO LIMOS INN TERMES ET CONDITIONS Les conditions g\u00e9n\u00e9rales de Chicago Limos Inn Inc. Les conditions g\u00e9n\u00e9rales sont consid\u00e9r\u00e9es comme un engagement l\u00e9gal entre le client et Chicago Limos. En utilisant les services de Chicago Limos Inc, vous acceptez d&rsquo;\u00eatre li\u00e9 par ces conditions de service. Veuillez lire attentivement les conditions de service [&#8230;]<\/p>\n","protected":false},"author":1,"featured_media":0,"parent":0,"menu_order":0,"comment_status":"closed","ping_status":"closed","template":"","meta":{"footnotes":""},"class_list":["post-27488","page","type-page","status-publish","hentry"],"yoast_head":"<!-- This site is optimized with the Yoast SEO Premium plugin v27.4 (Yoast SEO v27.4) - https:\/\/yoast.com\/product\/yoast-seo-premium-wordpress\/ -->\n<title>Conditions g\u00e9n\u00e9rales d&#039;utilisation | Chicago Limos Inn\u2122<\/title>\n<meta name=\"robots\" content=\"noindex, follow\" \/>\n<meta property=\"og:locale\" content=\"fr_FR\" \/>\n<meta property=\"og:type\" content=\"article\" \/>\n<meta property=\"og:title\" content=\"Conditions g\u00e9n\u00e9rales d&#039;utilisation\" \/>\n<meta property=\"og:description\" content=\"[vc_row][vc_column][vc_column_text css=\u00a0\u00bb\u00a0\u00bb] CHICAGO LIMOS INN TERMES ET CONDITIONS Les conditions g\u00e9n\u00e9rales de Chicago Limos Inn Inc. Les conditions g\u00e9n\u00e9rales sont consid\u00e9r\u00e9es comme un engagement l\u00e9gal entre le client et Chicago Limos. En utilisant les services de Chicago Limos Inc, vous acceptez d&rsquo;\u00eatre li\u00e9 par ces conditions de service. Veuillez lire attentivement les conditions de service [...]\" \/>\n<meta property=\"og:url\" content=\"https:\/\/limosinn.com\/fr\/conditions-generales-dutilisation\/\" \/>\n<meta property=\"og:site_name\" content=\"Chicago Limos Inn\u2122\" \/>\n<meta property=\"article:publisher\" content=\"https:\/\/facebook.com\/ChicagoLimosInn\/\" \/>\n<meta property=\"article:modified_time\" content=\"2025-07-28T14:48:58+00:00\" \/>\n<meta property=\"og:image\" content=\"https:\/\/limosinn.com\/wp-content\/uploads\/2022\/11\/website-limosinn-com.webp\" \/>\n\t<meta property=\"og:image:width\" content=\"1200\" \/>\n\t<meta property=\"og:image:height\" content=\"675\" \/>\n\t<meta property=\"og:image:type\" content=\"image\/webp\" \/>\n<meta name=\"twitter:card\" content=\"summary_large_image\" \/>\n<meta name=\"twitter:site\" content=\"@limosinn\" \/>\n<meta name=\"twitter:label1\" content=\"Dur\u00e9e de lecture estim\u00e9e\" \/>\n\t<meta name=\"twitter:data1\" content=\"4 minutes\" \/>\n<script type=\"application\/ld+json\" class=\"yoast-schema-graph\">{\"@context\":\"https:\\\/\\\/schema.org\",\"@graph\":[{\"@type\":\"WebPage\",\"@id\":\"https:\\\/\\\/limosinn.com\\\/fr\\\/conditions-generales-dutilisation\\\/\",\"url\":\"https:\\\/\\\/limosinn.com\\\/fr\\\/conditions-generales-dutilisation\\\/\",\"name\":\"Conditions g\u00e9n\u00e9rales d'utilisation | Chicago Limos Inn\u2122\",\"isPartOf\":{\"@id\":\"https:\\\/\\\/limosinn.com\\\/fr\\\/#website\"},\"datePublished\":\"2025-07-08T09:47:53+00:00\",\"dateModified\":\"2025-07-28T14:48:58+00:00\",\"breadcrumb\":{\"@id\":\"https:\\\/\\\/limosinn.com\\\/fr\\\/conditions-generales-dutilisation\\\/#breadcrumb\"},\"inLanguage\":\"fr-FR\",\"potentialAction\":[{\"@type\":\"ReadAction\",\"target\":[\"https:\\\/\\\/limosinn.com\\\/fr\\\/conditions-generales-dutilisation\\\/\"]}]},{\"@type\":\"BreadcrumbList\",\"@id\":\"https:\\\/\\\/limosinn.com\\\/fr\\\/conditions-generales-dutilisation\\\/#breadcrumb\",\"itemListElement\":[{\"@type\":\"ListItem\",\"position\":1,\"name\":\"Home\",\"item\":\"https:\\\/\\\/limosinn.com\\\/fr\\\/\"},{\"@type\":\"ListItem\",\"position\":2,\"name\":\"Conditions g\u00e9n\u00e9rales d&#8217;utilisation\"}]},{\"@type\":\"WebSite\",\"@id\":\"https:\\\/\\\/limosinn.com\\\/fr\\\/#website\",\"url\":\"https:\\\/\\\/limosinn.com\\\/fr\\\/\",\"name\":\"Chicago Limos Inn\u2122: Chicago City Limousines and Airport Black Car Service\",\"description\":\"Most Reliable Airport VIP Limo Car Services in Chicago\",\"publisher\":{\"@id\":\"https:\\\/\\\/limosinn.com\\\/fr\\\/#organization\"},\"alternateName\":\"Chicago Limo Airport Black Car Service (Last Minute Chicago VIP Limousines and Airport Black Car SUV Rides Chauffeured Service (Chicago Limos Inn))\",\"potentialAction\":[{\"@type\":\"SearchAction\",\"target\":{\"@type\":\"EntryPoint\",\"urlTemplate\":\"https:\\\/\\\/limosinn.com\\\/fr\\\/?s={search_term_string}\"},\"query-input\":{\"@type\":\"PropertyValueSpecification\",\"valueRequired\":true,\"valueName\":\"search_term_string\"}}],\"inLanguage\":\"fr-FR\"},{\"@type\":\"Organization\",\"@id\":\"https:\\\/\\\/limosinn.com\\\/fr\\\/#organization\",\"name\":\"Chicago Limos Inn\u2122: Chicago City Limousines and Airport Black Car Service\",\"url\":\"https:\\\/\\\/limosinn.com\\\/fr\\\/\",\"logo\":{\"@type\":\"ImageObject\",\"inLanguage\":\"fr-FR\",\"@id\":\"https:\\\/\\\/limosinn.com\\\/fr\\\/#\\\/schema\\\/logo\\\/image\\\/\",\"url\":\"https:\\\/\\\/limosinn.com\\\/wp-content\\\/uploads\\\/2022\\\/11\\\/cropped-logo-limosinn-1.png\",\"contentUrl\":\"https:\\\/\\\/limosinn.com\\\/wp-content\\\/uploads\\\/2022\\\/11\\\/cropped-logo-limosinn-1.png\",\"width\":512,\"height\":512,\"caption\":\"Chicago Limos Inn\u2122: Chicago City Limousines and Airport Black Car Service\"},\"image\":{\"@id\":\"https:\\\/\\\/limosinn.com\\\/fr\\\/#\\\/schema\\\/logo\\\/image\\\/\"},\"sameAs\":[\"https:\\\/\\\/facebook.com\\\/ChicagoLimosInn\\\/\",\"https:\\\/\\\/x.com\\\/limosinn\"]}]}<\/script>\n<!-- \/ Yoast SEO Premium plugin. -->","yoast_head_json":{"title":"Conditions g\u00e9n\u00e9rales d'utilisation | Chicago Limos Inn\u2122","robots":{"index":"noindex","follow":"follow"},"og_locale":"fr_FR","og_type":"article","og_title":"Conditions g\u00e9n\u00e9rales d'utilisation","og_description":"[vc_row][vc_column][vc_column_text css=\u00a0\u00bb\u00a0\u00bb] CHICAGO LIMOS INN TERMES ET CONDITIONS Les conditions g\u00e9n\u00e9rales de Chicago Limos Inn Inc. Les conditions g\u00e9n\u00e9rales sont consid\u00e9r\u00e9es comme un engagement l\u00e9gal entre le client et Chicago Limos. En utilisant les services de Chicago Limos Inc, vous acceptez d&rsquo;\u00eatre li\u00e9 par ces conditions de service. Veuillez lire attentivement les conditions de service [...]","og_url":"https:\/\/limosinn.com\/fr\/conditions-generales-dutilisation\/","og_site_name":"Chicago Limos Inn\u2122","article_publisher":"https:\/\/facebook.com\/ChicagoLimosInn\/","article_modified_time":"2025-07-28T14:48:58+00:00","og_image":[{"width":1200,"height":675,"url":"https:\/\/limosinn.com\/wp-content\/uploads\/2022\/11\/website-limosinn-com.webp","type":"image\/webp"}],"twitter_card":"summary_large_image","twitter_site":"@limosinn","twitter_misc":{"Dur\u00e9e de lecture estim\u00e9e":"4 minutes"},"schema":{"@context":"https:\/\/schema.org","@graph":[{"@type":"WebPage","@id":"https:\/\/limosinn.com\/fr\/conditions-generales-dutilisation\/","url":"https:\/\/limosinn.com\/fr\/conditions-generales-dutilisation\/","name":"Conditions g\u00e9n\u00e9rales d'utilisation | Chicago Limos Inn\u2122","isPartOf":{"@id":"https:\/\/limosinn.com\/fr\/#website"},"datePublished":"2025-07-08T09:47:53+00:00","dateModified":"2025-07-28T14:48:58+00:00","breadcrumb":{"@id":"https:\/\/limosinn.com\/fr\/conditions-generales-dutilisation\/#breadcrumb"},"inLanguage":"fr-FR","potentialAction":[{"@type":"ReadAction","target":["https:\/\/limosinn.com\/fr\/conditions-generales-dutilisation\/"]}]},{"@type":"BreadcrumbList","@id":"https:\/\/limosinn.com\/fr\/conditions-generales-dutilisation\/#breadcrumb","itemListElement":[{"@type":"ListItem","position":1,"name":"Home","item":"https:\/\/limosinn.com\/fr\/"},{"@type":"ListItem","position":2,"name":"Conditions g\u00e9n\u00e9rales d&#8217;utilisation"}]},{"@type":"WebSite","@id":"https:\/\/limosinn.com\/fr\/#website","url":"https:\/\/limosinn.com\/fr\/","name":"Chicago Limos Inn\u2122: Chicago City Limousines and Airport Black Car Service","description":"Most Reliable Airport VIP Limo Car Services in Chicago","publisher":{"@id":"https:\/\/limosinn.com\/fr\/#organization"},"alternateName":"Chicago Limo Airport Black Car Service (Last Minute Chicago VIP Limousines and Airport Black Car SUV Rides Chauffeured Service (Chicago Limos Inn))","potentialAction":[{"@type":"SearchAction","target":{"@type":"EntryPoint","urlTemplate":"https:\/\/limosinn.com\/fr\/?s={search_term_string}"},"query-input":{"@type":"PropertyValueSpecification","valueRequired":true,"valueName":"search_term_string"}}],"inLanguage":"fr-FR"},{"@type":"Organization","@id":"https:\/\/limosinn.com\/fr\/#organization","name":"Chicago Limos Inn\u2122: Chicago City Limousines and Airport Black Car Service","url":"https:\/\/limosinn.com\/fr\/","logo":{"@type":"ImageObject","inLanguage":"fr-FR","@id":"https:\/\/limosinn.com\/fr\/#\/schema\/logo\/image\/","url":"https:\/\/limosinn.com\/wp-content\/uploads\/2022\/11\/cropped-logo-limosinn-1.png","contentUrl":"https:\/\/limosinn.com\/wp-content\/uploads\/2022\/11\/cropped-logo-limosinn-1.png","width":512,"height":512,"caption":"Chicago Limos Inn\u2122: Chicago City Limousines and Airport Black Car Service"},"image":{"@id":"https:\/\/limosinn.com\/fr\/#\/schema\/logo\/image\/"},"sameAs":["https:\/\/facebook.com\/ChicagoLimosInn\/","https:\/\/x.com\/limosinn"]}]}},"_hostinger_reach_plugin_has_subscription_block":false,"_hostinger_reach_plugin_is_elementor":false,"_links":{"self":[{"href":"https:\/\/limosinn.com\/fr\/wp-json\/wp\/v2\/pages\/27488","targetHints":{"allow":["GET"]}}],"collection":[{"href":"https:\/\/limosinn.com\/fr\/wp-json\/wp\/v2\/pages"}],"about":[{"href":"https:\/\/limosinn.com\/fr\/wp-json\/wp\/v2\/types\/page"}],"author":[{"embeddable":true,"href":"https:\/\/limosinn.com\/fr\/wp-json\/wp\/v2\/users\/1"}],"replies":[{"embeddable":true,"href":"https:\/\/limosinn.com\/fr\/wp-json\/wp\/v2\/comments?post=27488"}],"version-history":[{"count":0,"href":"https:\/\/limosinn.com\/fr\/wp-json\/wp\/v2\/pages\/27488\/revisions"}],"wp:attachment":[{"href":"https:\/\/limosinn.com\/fr\/wp-json\/wp\/v2\/media?parent=27488"}],"curies":[{"name":"wp","href":"https:\/\/api.w.org\/{rel}","templated":true}]}}