{"id":27512,"date":"2025-07-01T12:06:11","date_gmt":"2025-07-01T12:06:11","guid":{"rendered":"https:\/\/limosinn.com\/forfaits-pour-evenements-sportifs\/"},"modified":"2025-11-21T10:31:45","modified_gmt":"2025-11-21T10:31:45","slug":"forfaits-pour-evenements-sportifs","status":"publish","type":"page","link":"https:\/\/limosinn.com\/fr\/forfaits-pour-evenements-sportifs\/","title":{"rendered":"FORFAITS POUR \u00c9V\u00c9NEMENTS SPORTIFS"},"content":{"rendered":"<div class=\"wpb-content-wrapper\"><p>[vc_row content_placement=\u00a0\u00bbmiddle\u00a0\u00bb][vc_column width=\u00a0\u00bb1\/2&Prime;][vc_single_image image=\u00a0\u00bb26677&Prime; img_size=\u00a0\u00bbfull\u00a0\u00bb css=\u00a0\u00bb\u00a0\u00bb][\/vc_column][vc_column width=\u00a0\u00bb1\/2&Prime;][vc_custom_heading text=\u00a0\u00bbLimousine pour \u00e9v\u00e9nements sportifs\u00a0\u00bb font_container=\u00a0\u00bbtag:h1|text_align:center\u00a0\u00bb google_fonts=\u00a0\u00bbfont_family:Montserrat%3Aregular%2C700|font_style:700%20bold%20regular%3A700%3Anormal\u00a0\u00bb css=\u00a0\u00bb.vc_custom_1763721103014{margin-bottom: 0px !important;}\u00a0\u00bb][vc_column_text css=\u00a0\u00bb\u00a0\u00bb el_class=\u00a0\u00bbtheme-padding-top-30&Prime;]A <strong>Chicago Limos Inn<\/strong>, nous rendons vos \u00e9v\u00e9nements sportifs amusants et m\u00e9morables, nos chauffeurs professionnels seront heureux de vous servir. Nous pouvons vous proposer des services de voiture pour vous rendre \u00e0 des matchs de baseball, de basket-ball, de hockey, de basket-ball, etc. \u00e0 Chicago et dans d&rsquo;autres r\u00e9gions de l&rsquo;Illinois.[\/vc_column_text][\/vc_column][vc_column][vc_column_text css=\u00a0\u00bb\u00a0\u00bb el_class=\u00a0\u00bbtheme-padding-top-30&Prime;]Qu&rsquo;il s&rsquo;agisse d&rsquo;un concert dans un stade, d&rsquo;un \u00e9v\u00e9nement dans un parc ou d&rsquo;un th\u00e9\u00e2tre, les services de Chicago Limos Inn sont sur le point de faire monter votre soir\u00e9e d&rsquo;un cran. R\u00e9servez votre prochain concert avec nous.[\/vc_column_text][\/vc_column][\/vc_row][vc_row el_class=\u00a0\u00bbtheme-margin-top-20&Prime;][vc_column][vc_single_image image=\u00a0\u00bb26667&Prime; img_size=\u00a0\u00bbfull\u00a0\u00bb alignment=\u00a0\u00bbright\u00a0\u00bb css=\u00a0\u00bb\u00a0\u00bb][vc_custom_heading text=\u00a0\u00bbTRON\u00c7ONS, LIMOUSINES SUV, HUMMERS ET AUTOBUS LIMOUSINES\u00a0\u00bb font_container=\u00a0\u00bbtag:h2|text_align:center\u00a0\u00bb google_fonts=\u00a0\u00bbfont_family:Montserrat%3Aregular%2C700|font_style:700%20bold%20regular%3A700%3Anormal\u00a0\u00bb css=\u00a0\u00bb.vc_custom_1751371657191{margin-bottom: 0px !important;}\u00a0\u00bb][vc_column_text css=\u00a0\u00bb\u00a0\u00bb el_class=\u00a0\u00bbtheme-padding-top-30&Prime;]Nos limousines peuvent \u00eatre utilis\u00e9es pour des services de ramassage et de d\u00e9p\u00f4t ou pour des services d&rsquo;affr\u00e8tement \u00e0 temps partiel. Nous proposons des services tels qu&rsquo;un bar complet, de l&rsquo;eau et de la glace. Notre service professionnel peut transformer des \u00e9v\u00e9nements sportifs ordinaires en \u00e9v\u00e9nements amusants et m\u00e9morables. Nous avons desservi de nombreux \u00e9v\u00e9nements sportifs universitaires tels que <strong>Notre Dame Indiana<\/strong>, <strong>West Lafayette Indiana<\/strong>, <strong>Green Bay Wisconsin<\/strong>, <strong>Champaign Urbana<\/strong>, et <strong>Milwaukee Wisconsin<\/strong>.[\/vc_column_text][\/vc_column][\/vc_row][vc_row equal_height=\u00a0\u00bbyes\u00a0\u00bb content_placement=\u00a0\u00bbmiddle\u00a0\u00bb css=\u00a0\u00bb.vc_custom_1751371724278{margin-right: 20px !important;margin-left: 20px !important;}\u00a0\u00bb][vc_column width=\u00a0\u00bb1\/3&Prime;][vc_single_image image=\u00a0\u00bb26237&Prime; img_size=\u00a0\u00bbfull\u00a0\u00bb alignment=\u00a0\u00bbcenter\u00a0\u00bb css=\u00a0\u00bb\u00a0\u00bb][vc_custom_heading text=\u00a0\u00bbLimousine allong\u00e9e\u00a0\u00bb font_container=\u00a0\u00bbtag:h3|text_align:center\u00a0\u00bb google_fonts=\u00a0\u00bbfont_family:Montserrat%3Aregular%2C700|font_style:700%20bold%20regular%3A700%3Anormal\u00a0\u00bb css=\u00a0\u00bb\u00a0\u00bb][vc_column_text css=\u00a0\u00bb\u00a0\u00bb]<\/p>\n<p style=\"text-align: center;\">Pour un maximum de 10 passagers, l&rsquo;aller simple est propos\u00e9 \u00e0 partir de <strong> 195 $<\/strong>.<\/p>\n<p>[\/vc_column_text][\/vc_column][vc_column width=\u00a0\u00bb1\/3&Prime;][vc_single_image image=\u00a0\u00bb26687&Prime; img_size=\u00a0\u00bbfull\u00a0\u00bb alignment=\u00a0\u00bbcenter\u00a0\u00bb css=\u00a0\u00bb\u00a0\u00bb][vc_custom_heading text=\u00a0\u00bbLimousine SUV allong\u00e9e\u00a0\u00bb font_container=\u00a0\u00bbtag:h3|text_align:center\u00a0\u00bb google_fonts=\u00a0\u00bbfont_family:Montserrat%3Aregular%2C700|font_style:700%20bold%20regular%3A700%3Anormal\u00a0\u00bb css=\u00a0\u00bb\u00a0\u00bb][vc_column_text css=\u00a0\u00bb\u00a0\u00bb]<\/p>\n<p style=\"text-align: center;\">Jusqu&rsquo;\u00e0 <strong>14 passagers<\/strong>, l&rsquo;aller simple commence \u00e0 <strong> 355 $<\/strong> et jusqu&rsquo;\u00e0 <strong>18 passagers<\/strong>, l&rsquo;aller simple commence \u00e0 <strong> 455 $<\/strong>.<\/p>\n<p>[\/vc_column_text][\/vc_column][vc_column width=\u00a0\u00bb1\/3&Prime;][vc_single_image image=\u00a0\u00bb26697&Prime; img_size=\u00a0\u00bbfull\u00a0\u00bb alignment=\u00a0\u00bbcenter\u00a0\u00bb css=\u00a0\u00bb\u00a0\u00bb][vc_custom_heading text=\u00a0\u00bbLimousine\u00a0\u00bb font_container=\u00a0\u00bbtag:h3|text_align:center\u00a0\u00bb google_fonts=\u00a0\u00bbfont_family:Montserrat%3Aregular%2C700|font_style:700%20bold%20regular%3A700%3Anormal\u00a0\u00bb css=\u00a0\u00bb\u00a0\u00bb][vc_column_text css=\u00a0\u00bb\u00a0\u00bb]<\/p>\n<p style=\"text-align: center;\">Pour un bus limousine jusqu&rsquo;\u00e0 <strong>18 passagers<\/strong>, l&rsquo;aller simple commence \u00e0<strong> 395 $<\/strong> et pour un bus limousine jusqu&rsquo;\u00e0 <strong>26 passagers<\/strong>, l&rsquo;aller simple commence \u00e0 <strong> 525 $<\/strong>.<\/p>\n<p>[\/vc_column_text][\/vc_column][\/vc_row]<\/p>\n<\/div>","protected":false},"excerpt":{"rendered":"<p>[vc_row content_placement=\u00a0\u00bbmiddle\u00a0\u00bb][vc_column width=\u00a0\u00bb1\/2&Prime;][vc_single_image image=\u00a0\u00bb26677&Prime; img_size=\u00a0\u00bbfull\u00a0\u00bb css=\u00a0\u00bb\u00a0\u00bb][\/vc_column][vc_column width=\u00a0\u00bb1\/2&Prime;][vc_custom_heading text=\u00a0\u00bbLimousine pour \u00e9v\u00e9nements sportifs\u00a0\u00bb font_container=\u00a0\u00bbtag:h1|text_align:center\u00a0\u00bb google_fonts=\u00a0\u00bbfont_family:Montserrat%3Aregular%2C700|font_style:700%20bold%20regular%3A700%3Anormal\u00a0\u00bb css=\u00a0\u00bb.vc_custom_1763721103014{margin-bottom: 0px !important;}\u00a0\u00bb][vc_column_text css=\u00a0\u00bb\u00a0\u00bb el_class=\u00a0\u00bbtheme-padding-top-30&Prime;]A Chicago Limos Inn, nous rendons vos \u00e9v\u00e9nements sportifs amusants et m\u00e9morables, nos chauffeurs professionnels seront heureux de vous servir. Nous pouvons vous proposer des services de voiture pour vous rendre \u00e0 des matchs de baseball, de basket-ball, [&#8230;]<\/p>\n","protected":false},"author":1,"featured_media":0,"parent":0,"menu_order":0,"comment_status":"closed","ping_status":"closed","template":"","meta":{"footnotes":""},"class_list":["post-27512","page","type-page","status-publish","hentry"],"yoast_head":"<!-- This site is optimized with the Yoast SEO Premium plugin v27.4 (Yoast SEO v27.4) - https:\/\/yoast.com\/product\/yoast-seo-premium-wordpress\/ -->\n<title>Chicago Limousines pour \u00e9v\u00e9nements sportifs | Limos Inn<\/title>\n<meta name=\"description\" content=\"R\u00e9servez une limousine \u00e0 Chicago avec Limos Inn pour vos \u00e9v\u00e9nements sportifs. Confort, style et ponctualit\u00e9 garantis.\" \/>\n<meta name=\"robots\" content=\"index, follow, max-snippet:-1, max-image-preview:large, max-video-preview:-1\" \/>\n<link rel=\"canonical\" href=\"https:\/\/limosinn.com\/fr\/forfaits-pour-evenements-sportifs\/\" \/>\n<meta property=\"og:locale\" content=\"fr_FR\" \/>\n<meta property=\"og:type\" content=\"article\" \/>\n<meta property=\"og:title\" content=\"FORFAITS POUR \u00c9V\u00c9NEMENTS SPORTIFS\" \/>\n<meta property=\"og:description\" content=\"R\u00e9servez une limousine \u00e0 Chicago avec Limos Inn pour vos \u00e9v\u00e9nements sportifs. Confort, style et ponctualit\u00e9 garantis.\" \/>\n<meta property=\"og:url\" content=\"https:\/\/limosinn.com\/fr\/forfaits-pour-evenements-sportifs\/\" \/>\n<meta property=\"og:site_name\" content=\"Chicago Limos Inn\u2122\" \/>\n<meta property=\"article:publisher\" content=\"https:\/\/facebook.com\/ChicagoLimosInn\/\" \/>\n<meta property=\"article:modified_time\" content=\"2025-11-21T10:31:45+00:00\" \/>\n<meta property=\"og:image\" content=\"https:\/\/limosinn.com\/wp-content\/uploads\/2022\/11\/website-limosinn-com.webp\" \/>\n\t<meta property=\"og:image:width\" content=\"1200\" \/>\n\t<meta property=\"og:image:height\" content=\"675\" \/>\n\t<meta property=\"og:image:type\" content=\"image\/webp\" \/>\n<meta name=\"twitter:card\" content=\"summary_large_image\" \/>\n<meta name=\"twitter:site\" content=\"@limosinn\" \/>\n<meta name=\"twitter:label1\" content=\"Dur\u00e9e de lecture estim\u00e9e\" \/>\n\t<meta name=\"twitter:data1\" content=\"2 minutes\" \/>\n<script type=\"application\/ld+json\" class=\"yoast-schema-graph\">{\"@context\":\"https:\\\/\\\/schema.org\",\"@graph\":[{\"@type\":\"WebPage\",\"@id\":\"https:\\\/\\\/limosinn.com\\\/fr\\\/forfaits-pour-evenements-sportifs\\\/\",\"url\":\"https:\\\/\\\/limosinn.com\\\/fr\\\/forfaits-pour-evenements-sportifs\\\/\",\"name\":\"Chicago Limousines pour \u00e9v\u00e9nements sportifs | Limos Inn\",\"isPartOf\":{\"@id\":\"https:\\\/\\\/limosinn.com\\\/fr\\\/#website\"},\"datePublished\":\"2025-07-01T12:06:11+00:00\",\"dateModified\":\"2025-11-21T10:31:45+00:00\",\"description\":\"R\u00e9servez une limousine \u00e0 Chicago avec Limos Inn pour vos \u00e9v\u00e9nements sportifs. Confort, style et ponctualit\u00e9 garantis.\",\"breadcrumb\":{\"@id\":\"https:\\\/\\\/limosinn.com\\\/fr\\\/forfaits-pour-evenements-sportifs\\\/#breadcrumb\"},\"inLanguage\":\"fr-FR\",\"potentialAction\":[{\"@type\":\"ReadAction\",\"target\":[\"https:\\\/\\\/limosinn.com\\\/fr\\\/forfaits-pour-evenements-sportifs\\\/\"]}]},{\"@type\":\"BreadcrumbList\",\"@id\":\"https:\\\/\\\/limosinn.com\\\/fr\\\/forfaits-pour-evenements-sportifs\\\/#breadcrumb\",\"itemListElement\":[{\"@type\":\"ListItem\",\"position\":1,\"name\":\"Home\",\"item\":\"https:\\\/\\\/limosinn.com\\\/fr\\\/\"},{\"@type\":\"ListItem\",\"position\":2,\"name\":\"FORFAITS POUR \u00c9V\u00c9NEMENTS SPORTIFS\"}]},{\"@type\":\"WebSite\",\"@id\":\"https:\\\/\\\/limosinn.com\\\/fr\\\/#website\",\"url\":\"https:\\\/\\\/limosinn.com\\\/fr\\\/\",\"name\":\"Chicago Limos Inn\u2122: Chicago City Limousines and Airport Black Car Service\",\"description\":\"Most Reliable Airport VIP Limo Car Services in Chicago\",\"publisher\":{\"@id\":\"https:\\\/\\\/limosinn.com\\\/fr\\\/#organization\"},\"alternateName\":\"Chicago Limo Airport Black Car Service (Last Minute Chicago VIP Limousines and Airport Black Car SUV Rides Chauffeured Service (Chicago Limos Inn))\",\"potentialAction\":[{\"@type\":\"SearchAction\",\"target\":{\"@type\":\"EntryPoint\",\"urlTemplate\":\"https:\\\/\\\/limosinn.com\\\/fr\\\/?s={search_term_string}\"},\"query-input\":{\"@type\":\"PropertyValueSpecification\",\"valueRequired\":true,\"valueName\":\"search_term_string\"}}],\"inLanguage\":\"fr-FR\"},{\"@type\":\"Organization\",\"@id\":\"https:\\\/\\\/limosinn.com\\\/fr\\\/#organization\",\"name\":\"Chicago Limos Inn\u2122: Chicago City Limousines and Airport Black Car Service\",\"url\":\"https:\\\/\\\/limosinn.com\\\/fr\\\/\",\"logo\":{\"@type\":\"ImageObject\",\"inLanguage\":\"fr-FR\",\"@id\":\"https:\\\/\\\/limosinn.com\\\/fr\\\/#\\\/schema\\\/logo\\\/image\\\/\",\"url\":\"https:\\\/\\\/limosinn.com\\\/wp-content\\\/uploads\\\/2022\\\/11\\\/cropped-logo-limosinn-1.png\",\"contentUrl\":\"https:\\\/\\\/limosinn.com\\\/wp-content\\\/uploads\\\/2022\\\/11\\\/cropped-logo-limosinn-1.png\",\"width\":512,\"height\":512,\"caption\":\"Chicago Limos Inn\u2122: Chicago City Limousines and Airport Black Car Service\"},\"image\":{\"@id\":\"https:\\\/\\\/limosinn.com\\\/fr\\\/#\\\/schema\\\/logo\\\/image\\\/\"},\"sameAs\":[\"https:\\\/\\\/facebook.com\\\/ChicagoLimosInn\\\/\",\"https:\\\/\\\/x.com\\\/limosinn\"]}]}<\/script>\n<!-- \/ Yoast SEO Premium plugin. -->","yoast_head_json":{"title":"Chicago Limousines pour \u00e9v\u00e9nements sportifs | Limos Inn","description":"R\u00e9servez une limousine \u00e0 Chicago avec Limos Inn pour vos \u00e9v\u00e9nements sportifs. Confort, style et ponctualit\u00e9 garantis.","robots":{"index":"index","follow":"follow","max-snippet":"max-snippet:-1","max-image-preview":"max-image-preview:large","max-video-preview":"max-video-preview:-1"},"canonical":"https:\/\/limosinn.com\/fr\/forfaits-pour-evenements-sportifs\/","og_locale":"fr_FR","og_type":"article","og_title":"FORFAITS POUR \u00c9V\u00c9NEMENTS SPORTIFS","og_description":"R\u00e9servez une limousine \u00e0 Chicago avec Limos Inn pour vos \u00e9v\u00e9nements sportifs. Confort, style et ponctualit\u00e9 garantis.","og_url":"https:\/\/limosinn.com\/fr\/forfaits-pour-evenements-sportifs\/","og_site_name":"Chicago Limos Inn\u2122","article_publisher":"https:\/\/facebook.com\/ChicagoLimosInn\/","article_modified_time":"2025-11-21T10:31:45+00:00","og_image":[{"width":1200,"height":675,"url":"https:\/\/limosinn.com\/wp-content\/uploads\/2022\/11\/website-limosinn-com.webp","type":"image\/webp"}],"twitter_card":"summary_large_image","twitter_site":"@limosinn","twitter_misc":{"Dur\u00e9e de lecture estim\u00e9e":"2 minutes"},"schema":{"@context":"https:\/\/schema.org","@graph":[{"@type":"WebPage","@id":"https:\/\/limosinn.com\/fr\/forfaits-pour-evenements-sportifs\/","url":"https:\/\/limosinn.com\/fr\/forfaits-pour-evenements-sportifs\/","name":"Chicago Limousines pour \u00e9v\u00e9nements sportifs | Limos Inn","isPartOf":{"@id":"https:\/\/limosinn.com\/fr\/#website"},"datePublished":"2025-07-01T12:06:11+00:00","dateModified":"2025-11-21T10:31:45+00:00","description":"R\u00e9servez une limousine \u00e0 Chicago avec Limos Inn pour vos \u00e9v\u00e9nements sportifs. Confort, style et ponctualit\u00e9 garantis.","breadcrumb":{"@id":"https:\/\/limosinn.com\/fr\/forfaits-pour-evenements-sportifs\/#breadcrumb"},"inLanguage":"fr-FR","potentialAction":[{"@type":"ReadAction","target":["https:\/\/limosinn.com\/fr\/forfaits-pour-evenements-sportifs\/"]}]},{"@type":"BreadcrumbList","@id":"https:\/\/limosinn.com\/fr\/forfaits-pour-evenements-sportifs\/#breadcrumb","itemListElement":[{"@type":"ListItem","position":1,"name":"Home","item":"https:\/\/limosinn.com\/fr\/"},{"@type":"ListItem","position":2,"name":"FORFAITS POUR \u00c9V\u00c9NEMENTS SPORTIFS"}]},{"@type":"WebSite","@id":"https:\/\/limosinn.com\/fr\/#website","url":"https:\/\/limosinn.com\/fr\/","name":"Chicago Limos Inn\u2122: Chicago City Limousines and Airport Black Car Service","description":"Most Reliable Airport VIP Limo Car Services in Chicago","publisher":{"@id":"https:\/\/limosinn.com\/fr\/#organization"},"alternateName":"Chicago Limo Airport Black Car Service (Last Minute Chicago VIP Limousines and Airport Black Car SUV Rides Chauffeured Service (Chicago Limos Inn))","potentialAction":[{"@type":"SearchAction","target":{"@type":"EntryPoint","urlTemplate":"https:\/\/limosinn.com\/fr\/?s={search_term_string}"},"query-input":{"@type":"PropertyValueSpecification","valueRequired":true,"valueName":"search_term_string"}}],"inLanguage":"fr-FR"},{"@type":"Organization","@id":"https:\/\/limosinn.com\/fr\/#organization","name":"Chicago Limos Inn\u2122: Chicago City Limousines and Airport Black Car Service","url":"https:\/\/limosinn.com\/fr\/","logo":{"@type":"ImageObject","inLanguage":"fr-FR","@id":"https:\/\/limosinn.com\/fr\/#\/schema\/logo\/image\/","url":"https:\/\/limosinn.com\/wp-content\/uploads\/2022\/11\/cropped-logo-limosinn-1.png","contentUrl":"https:\/\/limosinn.com\/wp-content\/uploads\/2022\/11\/cropped-logo-limosinn-1.png","width":512,"height":512,"caption":"Chicago Limos Inn\u2122: Chicago City Limousines and Airport Black Car Service"},"image":{"@id":"https:\/\/limosinn.com\/fr\/#\/schema\/logo\/image\/"},"sameAs":["https:\/\/facebook.com\/ChicagoLimosInn\/","https:\/\/x.com\/limosinn"]}]}},"_hostinger_reach_plugin_has_subscription_block":false,"_hostinger_reach_plugin_is_elementor":false,"_links":{"self":[{"href":"https:\/\/limosinn.com\/fr\/wp-json\/wp\/v2\/pages\/27512","targetHints":{"allow":["GET"]}}],"collection":[{"href":"https:\/\/limosinn.com\/fr\/wp-json\/wp\/v2\/pages"}],"about":[{"href":"https:\/\/limosinn.com\/fr\/wp-json\/wp\/v2\/types\/page"}],"author":[{"embeddable":true,"href":"https:\/\/limosinn.com\/fr\/wp-json\/wp\/v2\/users\/1"}],"replies":[{"embeddable":true,"href":"https:\/\/limosinn.com\/fr\/wp-json\/wp\/v2\/comments?post=27512"}],"version-history":[{"count":0,"href":"https:\/\/limosinn.com\/fr\/wp-json\/wp\/v2\/pages\/27512\/revisions"}],"wp:attachment":[{"href":"https:\/\/limosinn.com\/fr\/wp-json\/wp\/v2\/media?parent=27512"}],"curies":[{"name":"wp","href":"https:\/\/api.w.org\/{rel}","templated":true}]}}