{"id":27530,"date":"2025-07-08T09:54:28","date_gmt":"2025-07-08T09:54:28","guid":{"rendered":"https:\/\/limosinn.com\/faq\/"},"modified":"2025-11-21T10:30:05","modified_gmt":"2025-11-21T10:30:05","slug":"faq","status":"publish","type":"page","link":"https:\/\/limosinn.com\/fr\/faq\/","title":{"rendered":"FAQ"},"content":{"rendered":"<div class=\"wpb-content-wrapper\"><p>[vc_row full_width=\u00a0\u00bbstretch_row\u00a0\u00bb el_class=\u00a0\u00bbtheme-section-padding\u00a0\u00bb css=\u00a0\u00bb.vc_custom_1571303563802{border-bottom-width: 1px !important;border-bottom-color: #eaecee !important;border-bottom-style: solid !important;}\u00a0\u00bb][vc_column el_class=\u00a0\u00bbtheme-column-style-2 theme-padding-bottom-40 theme-margin-bottom-0&Prime;][vc_custom_heading text=\u00a0\u00bbFAQ &#8211; SERVICE DE LIMOUSINE \u00c0 CHICAGO\u00a0\u00bb font_container=\u00a0\u00bbtag:h1|text_align:center\u00a0\u00bb css=\u00a0\u00bb\u00a0\u00bb]\n            <div class=\"theme-component-tab theme-clear-fix\" data-active=\"0\" data-close_start=\"0\" data-collapsible=\"0\" data-height_style=\"content\" data-animation_open_enable=\"1\" data-animation_open_duration=\"200\" data-animation_open_delay=\"0\" data-animation_open_easing=\"swing\" data-animation_close_enable=\"1\" data-animation_close_duration=\"200\" data-animation_close_delay=\"0\" data-animation_close_easing=\"swing\">\n                \n            <a href=\"#theme_component_tab_36B195702ED623D6D8AA8C0348915924\"><span class=\"theme-icon-feature-car-5\"><\/span><span>OBTENEZ UN SERVICE DE LIMOUSINE DE QUALIT\u00c9 DE OU VERS LES A\u00c9ROPORTS DE CHICAGO O\u2019HARE (ORD) ET MIDWAY (MDW) :<\/span><\/a>\n            <div id=\"theme_component_tab_36B195702ED623D6D8AA8C0348915924\">[vc_row][vc_column]\r\n            <p class=\"theme-component-paragraph-large theme-component-paragraph-large-style-2 alignleft theme-padding-bottom-20\">\r\n                Chicago Limos Inn Limousine propose un service de limousine a\u00e9roportuaire \u00e0 Chicago rapide et fiable vers les a\u00e9roports ORD et MDW. Peu importe la taille de votre groupe ou la distance \u00e0 parcourir, notre large flotte de v\u00e9hicules offre la solution de transport id\u00e9ale pour tout type d\u2019\u00e9v\u00e9nement. Profitez d\u2019un service de limousine de qualit\u00e9 vers et depuis les a\u00e9roports O\u2019Hare et Midway de Chicago. Nous allons partout et vous emmenons partout.\r\n            <\/p>\r\n        [\/vc_column][\/vc_row]<\/div>\n        \n            <a href=\"#theme_component_tab_E97D2A4DA090E4C2ABA5337C6A8E8E73\"><span class=\"theme-icon-feature-airplane\"><\/span><span>QUE FAIRE LORSQUE VOUS \u00caTES \u00c0 L\u2019A\u00c9ROPORT O\u2019HARE OU MIDWAY ?<\/span><\/a>\n            <div id=\"theme_component_tab_E97D2A4DA090E4C2ABA5337C6A8E8E73\">[vc_row][vc_column]\r\n            <p class=\"theme-component-paragraph-large theme-component-paragraph-large-style-2 alignleft theme-padding-bottom-20\">\r\n                In line with Chicago\u2019s airport security restrictions, all of our airport limousine drivers must wait in a staging area until the passenger calls the main dispatch office. Our drivers cannot park outside of the arrival doors until the main office has received this phone call. Keeping this in mind, we\u2019ve developed a short list of instructions to help your Chicago airport arrival go more smoothly:\r\n            <\/p>\r\n        [vc_column_text css=\"\"]Lorsque vous arrivez \u00e0 l\u2019a\u00e9roport, rendez-vous au niveau de la r\u00e9cup\u00e9ration des bagages, m\u00eame si vous n\u2019avez pas de bagages enregistr\u00e9s. Une fois que vous avez r\u00e9cup\u00e9r\u00e9 toutes vos affaires, appelez notre bureau central de r\u00e9partition au <a class=\"links\" href=\"tel:13122656322\"><strong>+1-312-265-6322<\/strong><\/a> en indiquant votre nom de famille et\/ou votre num\u00e9ro de confirmation. Veuillez avoir ces informations pr\u00eates au moment de l\u2019appel.\r\nApr\u00e8s votre appel, le r\u00e9partiteur vous communiquera la description du v\u00e9hicule, le num\u00e9ro de la plaque d\u2019immatriculation ainsi que le num\u00e9ro de la porte (vestibule) par laquelle vous devrez sortir. Selon le trafic \u00e0 l\u2019a\u00e9roport, notre chauffeur devrait arriver dans un d\u00e9lai de 5 \u00e0 12 minutes.  \r\n\r\nQue vous ayez besoin d\u2019une limousine pour O\u2019Hare ou Midway, contactez Limos Inn Chicago Limousine Service au <a class=\"links\" href=\"tel:13122656322\"><strong>+1-312-265-6322<\/strong><\/a> ou remplissez notre formulaire en ligne. L\u2019un de nos chauffeurs professionnels prendra en charge tous vos besoins en transport et vous conduira en toute s\u00e9curit\u00e9 \u00e0 votre destination. \r\n\r\nBesoin d\u2019un service ? Nous sommes disponibles 24h\/7j.\r\n\r\nAppelez : <a class=\"links\" href=\"tel:13122656322\"><strong>+1-312-265-6322<\/strong><\/a>[\/vc_column_text][\/vc_column][\/vc_row]<\/div>\n        \n            <\/div>\n        [\/vc_column][\/vc_row]<\/p>\n<\/div>","protected":false},"excerpt":{"rendered":"<p>[vc_row full_width=\u00a0\u00bbstretch_row\u00a0\u00bb el_class=\u00a0\u00bbtheme-section-padding\u00a0\u00bb css=\u00a0\u00bb.vc_custom_1571303563802{border-bottom-width: 1px !important;border-bottom-color: #eaecee !important;border-bottom-style: solid !important;}\u00a0\u00bb][vc_column el_class=\u00a0\u00bbtheme-column-style-2 theme-padding-bottom-40 theme-margin-bottom-0&Prime;][vc_custom_heading text=\u00a0\u00bbFAQ &#8211; SERVICE DE LIMOUSINE \u00c0 CHICAGO\u00a0\u00bb font_container=\u00a0\u00bbtag:h1|text_align:center\u00a0\u00bb css=\u00a0\u00bb\u00a0\u00bb][\/vc_column][\/vc_row]<\/p>\n","protected":false},"author":1,"featured_media":0,"parent":0,"menu_order":0,"comment_status":"closed","ping_status":"closed","template":"","meta":{"footnotes":""},"class_list":["post-27530","page","type-page","status-publish","hentry"],"yoast_head":"<!-- This site is optimized with the Yoast SEO Premium plugin v27.4 (Yoast SEO v27.4) - https:\/\/yoast.com\/product\/yoast-seo-premium-wordpress\/ -->\n<title>FAQ Limos Inn : Limousines de Luxe \u00e0 Chicago<\/title>\n<meta name=\"description\" content=\"Trouvez les r\u00e9ponses aux questions fr\u00e9quentes sur le service de limousine \u00e0 Chicago, le transport d&#039;entreprise et le service de voiture \u00e0 Chicago.\" \/>\n<meta name=\"robots\" content=\"index, follow, max-snippet:-1, max-image-preview:large, max-video-preview:-1\" \/>\n<link rel=\"canonical\" href=\"https:\/\/limosinn.com\/fr\/faq\/\" \/>\n<meta property=\"og:locale\" content=\"fr_FR\" \/>\n<meta property=\"og:type\" content=\"article\" \/>\n<meta property=\"og:title\" content=\"FAQ\" \/>\n<meta property=\"og:description\" content=\"Trouvez les r\u00e9ponses aux questions fr\u00e9quentes sur le service de limousine \u00e0 Chicago, le transport d&#039;entreprise et le service de voiture \u00e0 Chicago.\" \/>\n<meta property=\"og:url\" content=\"https:\/\/limosinn.com\/fr\/faq\/\" \/>\n<meta property=\"og:site_name\" content=\"Chicago Limos Inn\u2122\" \/>\n<meta property=\"article:publisher\" content=\"https:\/\/facebook.com\/ChicagoLimosInn\/\" \/>\n<meta property=\"article:modified_time\" content=\"2025-11-21T10:30:05+00:00\" \/>\n<meta property=\"og:image\" content=\"https:\/\/limosinn.com\/wp-content\/uploads\/2022\/11\/website-limosinn-com.webp\" \/>\n\t<meta property=\"og:image:width\" content=\"1200\" \/>\n\t<meta property=\"og:image:height\" content=\"675\" \/>\n\t<meta property=\"og:image:type\" content=\"image\/webp\" \/>\n<meta name=\"twitter:card\" content=\"summary_large_image\" \/>\n<meta name=\"twitter:site\" content=\"@limosinn\" \/>\n<meta name=\"twitter:label1\" content=\"Dur\u00e9e de lecture estim\u00e9e\" \/>\n\t<meta name=\"twitter:data1\" content=\"1 minute\" \/>\n<script type=\"application\/ld+json\" class=\"yoast-schema-graph\">{\"@context\":\"https:\\\/\\\/schema.org\",\"@graph\":[{\"@type\":\"WebPage\",\"@id\":\"https:\\\/\\\/limosinn.com\\\/fr\\\/faq\\\/\",\"url\":\"https:\\\/\\\/limosinn.com\\\/fr\\\/faq\\\/\",\"name\":\"FAQ Limos Inn : Limousines de Luxe \u00e0 Chicago\",\"isPartOf\":{\"@id\":\"https:\\\/\\\/limosinn.com\\\/fr\\\/#website\"},\"datePublished\":\"2025-07-08T09:54:28+00:00\",\"dateModified\":\"2025-11-21T10:30:05+00:00\",\"description\":\"Trouvez les r\u00e9ponses aux questions fr\u00e9quentes sur le service de limousine \u00e0 Chicago, le transport d'entreprise et le service de voiture \u00e0 Chicago.\",\"breadcrumb\":{\"@id\":\"https:\\\/\\\/limosinn.com\\\/fr\\\/faq\\\/#breadcrumb\"},\"inLanguage\":\"fr-FR\",\"potentialAction\":[{\"@type\":\"ReadAction\",\"target\":[\"https:\\\/\\\/limosinn.com\\\/fr\\\/faq\\\/\"]}]},{\"@type\":\"BreadcrumbList\",\"@id\":\"https:\\\/\\\/limosinn.com\\\/fr\\\/faq\\\/#breadcrumb\",\"itemListElement\":[{\"@type\":\"ListItem\",\"position\":1,\"name\":\"Home\",\"item\":\"https:\\\/\\\/limosinn.com\\\/fr\\\/\"},{\"@type\":\"ListItem\",\"position\":2,\"name\":\"FAQ\"}]},{\"@type\":\"WebSite\",\"@id\":\"https:\\\/\\\/limosinn.com\\\/fr\\\/#website\",\"url\":\"https:\\\/\\\/limosinn.com\\\/fr\\\/\",\"name\":\"Chicago Limos Inn\u2122: Chicago City Limousines and Airport Black Car Service\",\"description\":\"Most Reliable Airport VIP Limo Car Services in Chicago\",\"publisher\":{\"@id\":\"https:\\\/\\\/limosinn.com\\\/fr\\\/#organization\"},\"alternateName\":\"Chicago Limo Airport Black Car Service (Last Minute Chicago VIP Limousines and Airport Black Car SUV Rides Chauffeured Service (Chicago Limos Inn))\",\"potentialAction\":[{\"@type\":\"SearchAction\",\"target\":{\"@type\":\"EntryPoint\",\"urlTemplate\":\"https:\\\/\\\/limosinn.com\\\/fr\\\/?s={search_term_string}\"},\"query-input\":{\"@type\":\"PropertyValueSpecification\",\"valueRequired\":true,\"valueName\":\"search_term_string\"}}],\"inLanguage\":\"fr-FR\"},{\"@type\":\"Organization\",\"@id\":\"https:\\\/\\\/limosinn.com\\\/fr\\\/#organization\",\"name\":\"Chicago Limos Inn\u2122: Chicago City Limousines and Airport Black Car Service\",\"url\":\"https:\\\/\\\/limosinn.com\\\/fr\\\/\",\"logo\":{\"@type\":\"ImageObject\",\"inLanguage\":\"fr-FR\",\"@id\":\"https:\\\/\\\/limosinn.com\\\/fr\\\/#\\\/schema\\\/logo\\\/image\\\/\",\"url\":\"https:\\\/\\\/limosinn.com\\\/wp-content\\\/uploads\\\/2022\\\/11\\\/cropped-logo-limosinn-1.png\",\"contentUrl\":\"https:\\\/\\\/limosinn.com\\\/wp-content\\\/uploads\\\/2022\\\/11\\\/cropped-logo-limosinn-1.png\",\"width\":512,\"height\":512,\"caption\":\"Chicago Limos Inn\u2122: Chicago City Limousines and Airport Black Car Service\"},\"image\":{\"@id\":\"https:\\\/\\\/limosinn.com\\\/fr\\\/#\\\/schema\\\/logo\\\/image\\\/\"},\"sameAs\":[\"https:\\\/\\\/facebook.com\\\/ChicagoLimosInn\\\/\",\"https:\\\/\\\/x.com\\\/limosinn\"]}]}<\/script>\n<!-- \/ Yoast SEO Premium plugin. -->","yoast_head_json":{"title":"FAQ Limos Inn : Limousines de Luxe \u00e0 Chicago","description":"Trouvez les r\u00e9ponses aux questions fr\u00e9quentes sur le service de limousine \u00e0 Chicago, le transport d'entreprise et le service de voiture \u00e0 Chicago.","robots":{"index":"index","follow":"follow","max-snippet":"max-snippet:-1","max-image-preview":"max-image-preview:large","max-video-preview":"max-video-preview:-1"},"canonical":"https:\/\/limosinn.com\/fr\/faq\/","og_locale":"fr_FR","og_type":"article","og_title":"FAQ","og_description":"Trouvez les r\u00e9ponses aux questions fr\u00e9quentes sur le service de limousine \u00e0 Chicago, le transport d'entreprise et le service de voiture \u00e0 Chicago.","og_url":"https:\/\/limosinn.com\/fr\/faq\/","og_site_name":"Chicago Limos Inn\u2122","article_publisher":"https:\/\/facebook.com\/ChicagoLimosInn\/","article_modified_time":"2025-11-21T10:30:05+00:00","og_image":[{"width":1200,"height":675,"url":"https:\/\/limosinn.com\/wp-content\/uploads\/2022\/11\/website-limosinn-com.webp","type":"image\/webp"}],"twitter_card":"summary_large_image","twitter_site":"@limosinn","twitter_misc":{"Dur\u00e9e de lecture estim\u00e9e":"1 minute"},"schema":{"@context":"https:\/\/schema.org","@graph":[{"@type":"WebPage","@id":"https:\/\/limosinn.com\/fr\/faq\/","url":"https:\/\/limosinn.com\/fr\/faq\/","name":"FAQ Limos Inn : Limousines de Luxe \u00e0 Chicago","isPartOf":{"@id":"https:\/\/limosinn.com\/fr\/#website"},"datePublished":"2025-07-08T09:54:28+00:00","dateModified":"2025-11-21T10:30:05+00:00","description":"Trouvez les r\u00e9ponses aux questions fr\u00e9quentes sur le service de limousine \u00e0 Chicago, le transport d'entreprise et le service de voiture \u00e0 Chicago.","breadcrumb":{"@id":"https:\/\/limosinn.com\/fr\/faq\/#breadcrumb"},"inLanguage":"fr-FR","potentialAction":[{"@type":"ReadAction","target":["https:\/\/limosinn.com\/fr\/faq\/"]}]},{"@type":"BreadcrumbList","@id":"https:\/\/limosinn.com\/fr\/faq\/#breadcrumb","itemListElement":[{"@type":"ListItem","position":1,"name":"Home","item":"https:\/\/limosinn.com\/fr\/"},{"@type":"ListItem","position":2,"name":"FAQ"}]},{"@type":"WebSite","@id":"https:\/\/limosinn.com\/fr\/#website","url":"https:\/\/limosinn.com\/fr\/","name":"Chicago Limos Inn\u2122: Chicago City Limousines and Airport Black Car Service","description":"Most Reliable Airport VIP Limo Car Services in Chicago","publisher":{"@id":"https:\/\/limosinn.com\/fr\/#organization"},"alternateName":"Chicago Limo Airport Black Car Service (Last Minute Chicago VIP Limousines and Airport Black Car SUV Rides Chauffeured Service (Chicago Limos Inn))","potentialAction":[{"@type":"SearchAction","target":{"@type":"EntryPoint","urlTemplate":"https:\/\/limosinn.com\/fr\/?s={search_term_string}"},"query-input":{"@type":"PropertyValueSpecification","valueRequired":true,"valueName":"search_term_string"}}],"inLanguage":"fr-FR"},{"@type":"Organization","@id":"https:\/\/limosinn.com\/fr\/#organization","name":"Chicago Limos Inn\u2122: Chicago City Limousines and Airport Black Car Service","url":"https:\/\/limosinn.com\/fr\/","logo":{"@type":"ImageObject","inLanguage":"fr-FR","@id":"https:\/\/limosinn.com\/fr\/#\/schema\/logo\/image\/","url":"https:\/\/limosinn.com\/wp-content\/uploads\/2022\/11\/cropped-logo-limosinn-1.png","contentUrl":"https:\/\/limosinn.com\/wp-content\/uploads\/2022\/11\/cropped-logo-limosinn-1.png","width":512,"height":512,"caption":"Chicago Limos Inn\u2122: Chicago City Limousines and Airport Black Car Service"},"image":{"@id":"https:\/\/limosinn.com\/fr\/#\/schema\/logo\/image\/"},"sameAs":["https:\/\/facebook.com\/ChicagoLimosInn\/","https:\/\/x.com\/limosinn"]}]}},"_hostinger_reach_plugin_has_subscription_block":false,"_hostinger_reach_plugin_is_elementor":false,"_links":{"self":[{"href":"https:\/\/limosinn.com\/fr\/wp-json\/wp\/v2\/pages\/27530","targetHints":{"allow":["GET"]}}],"collection":[{"href":"https:\/\/limosinn.com\/fr\/wp-json\/wp\/v2\/pages"}],"about":[{"href":"https:\/\/limosinn.com\/fr\/wp-json\/wp\/v2\/types\/page"}],"author":[{"embeddable":true,"href":"https:\/\/limosinn.com\/fr\/wp-json\/wp\/v2\/users\/1"}],"replies":[{"embeddable":true,"href":"https:\/\/limosinn.com\/fr\/wp-json\/wp\/v2\/comments?post=27530"}],"version-history":[{"count":0,"href":"https:\/\/limosinn.com\/fr\/wp-json\/wp\/v2\/pages\/27530\/revisions"}],"wp:attachment":[{"href":"https:\/\/limosinn.com\/fr\/wp-json\/wp\/v2\/media?parent=27530"}],"curies":[{"name":"wp","href":"https:\/\/api.w.org\/{rel}","templated":true}]}}