{"id":27551,"date":"2025-07-01T10:13:45","date_gmt":"2025-07-01T10:13:45","guid":{"rendered":"https:\/\/limosinn.com\/limousine-universitaire\/"},"modified":"2025-11-21T10:36:18","modified_gmt":"2025-11-21T10:36:18","slug":"limousine-universitaire","status":"publish","type":"page","link":"https:\/\/limosinn.com\/fr\/limousine-universitaire\/","title":{"rendered":"LIMOUSINE UNIVERSITAIRE"},"content":{"rendered":"<div class=\"wpb-content-wrapper\"><p>[vc_row][vc_column][vc_raw_html css=\u00a0\u00bb\u00a0\u00bb]PGRpdiBjbGFzcz0id3BiX3dyYXBwZXIiPgogICAgPGRpdiBjbGFzcz0iaW5mby1ibG9jayIgc3R5bGU9ImJhY2tncm91bmQtY29sb3I6ICNGREMzMkE7IGJvcmRlcjogMnB4IHNvbGlkICMyRTMxOTI7IGJvcmRlci1yYWRpdXM6IDEwcHg7IHBhZGRpbmc6IDE1cHg7IHRleHQtYWxpZ246IGNlbnRlcjsgZm9udC1mYW1pbHk6IEFyaWFsLCBzYW5zLXNlcmlmOyBmb250LXNpemU6IDI4cHg7IGZvbnQtd2VpZ2h0OiBib2xkOyBjb2xvcjogIzJFMzE5MjsgYm94LXNoYWRvdzogMCA0cHggOHB4IHJnYmEoMCwgMCwgMCwgMC4yKTsiPgogIEZhaXRlcyBsJ2V4cMOpcmllbmNlIGQndW4gc2VydmljZSBkZSBsaW1vdXNpbmUgdW5pdmVyc2l0YWlyZSBkZSBwcmVtacOocmUgY2xhc3NlLAo8YnI+IFZldWlsbGV6IGFwcGVsZXIgbGUgPGEgaHJlZj0idGVsOjEtMzEyLTI2NS02MzIyIiBzdHlsZT0iY29sb3I6ICMyRTMxOTI7IHRleHQtZGVjb3JhdGlvbjogbm9uZTsgZm9udC13ZWlnaHQ6IGJvbGQ7IGZvbnQtc2l6ZTogMjRweDsiPjEtMzEyLTI2NS02MzIyPC9hPi4KICAgIDwvZGl2Pgo8L2Rpdj4K[\/vc_raw_html][\/vc_column][\/vc_row][vc_row full_width=\u00a0\u00bbstretch_row_content_no_spaces\u00a0\u00bb css=\u00a0\u00bb.vc_custom_1750774115708{background-color: #F6F6F6 !important;}\u00a0\u00bb][vc_column el_class=\u00a0\u00bbtheme-margin-bottom-0&Prime;]\n            <div class=\"theme-component-call-to-action theme-component-call-to-action-style-1 aligncenter\">\n                <div class=\"theme-component-call-to-action-box\">\n                    <span class=\"theme-icon-feature-paper-plane theme-component-call-to-action-icon\"><span><\/span><\/span>\n                    <h4 class=\"theme-component-call-to-action-header\">VOTRE PROCHAIN VOYAGE AVEC NOUS ?<\/h4>\n                    <p class=\"theme-component-call-to-action-subheader\">OBTENEZ UN DEVIS GRATUIT ICI<\/p>\n                    \r\n            <div class=\"theme-component-button theme-component-button-style-4 alignleft theme-component-call-to-action-button\">\r\n                <a href=\"\/quote\/\" target=\"_self\">\r\n                    DEMANDEZ UN DEVIS MAINTENANT\r\n                <\/a>\r\n            <\/div>\r\n        \n                <\/div>\n            <\/div>\n        [vc_empty_space][\/vc_column][\/vc_row][vc_row full_width=\u00a0\u00bbstretch_row_content_no_spaces\u00a0\u00bb equal_height=\u00a0\u00bbyes\u00a0\u00bb][vc_column width=\u00a0\u00bb1\/2&Prime; css=\u00a0\u00bb.vc_custom_1753269834469{background-image: url(https:\/\/limosinn.com\/wp-content\/uploads\/2025\/07\/large-group-limosinn-service.webp?id=24439) !important;}\u00a0\u00bb][\/vc_column][vc_column width=\u00a0\u00bb1\/2&Prime; el_class=\u00a0\u00bbtheme-column-style-1&Prime;][vc_column_text css=\u00a0\u00bb\u00a0\u00bb]<\/p>\n<h1 style=\"text-align: center;\">LIMOUSINE UNIVERSITAIRE<\/h1>\n<p style=\"text-align: center;\"><strong>Limos Inn<\/strong> est le partenaire de l&rsquo;alliance strat\u00e9gique des services de limousine et de voitures de fonction pr\u00e9f\u00e9r\u00e9s de l&rsquo;universit\u00e9. Tous les <strong>membres du personnel<\/strong>, les <strong>\u00e9tudiants<\/strong> et les <strong>professeurs<\/strong> b\u00e9n\u00e9ficient de tarifs pr\u00e9f\u00e9rentiels pour les services de limousine et de voiture de fonction. Les services comprennent le transport a\u00e9roportuaire <strong>national<\/strong> et <strong>international<\/strong> pour les <strong>individus<\/strong> ou les <strong>groupes<\/strong>, les <strong>berlines<\/strong>, les <strong>limousines<\/strong>, les <strong>minibus<\/strong> et les <strong>autocars<\/strong>.<\/p>\n<p>[\/vc_column_text][\/vc_column][\/vc_row][vc_row full_width=\u00a0\u00bbstretch_row_content_no_spaces\u00a0\u00bb equal_height=\u00a0\u00bbyes\u00a0\u00bb el_class=\u00a0\u00bbreverse-column-mobile\u00a0\u00bb][vc_column width=\u00a0\u00bb1\/2&Prime; el_class=\u00a0\u00bbtheme-column-style-1&Prime;]\r\n            <div class=\"theme-component-header-subheader aligncenter theme-margin-bottom-60\">\r\n                <div class=\"theme-component-header-subheader-subheader\">LIMOUSINE UNIVERSITAIRE \u00c0 CHICAGO<\/div>\r\n                <h2 class=\"theme-component-header-subheader-header\">Services de limousine et taxi universitaires<\/h2>\r\n            <\/div>\r\n        [vc_column_text css=\u00a0\u00bb\u00a0\u00bb]<\/p>\n<p style=\"text-align: center;\">Nous offrons un service <strong>24 heures sur 24<\/strong>, <strong>365 jours<\/strong> par an pour r\u00e9pondre \u00e0 tous vos besoins en mati\u00e8re de <strong>limousine<\/strong> et de transport pour <strong>l&rsquo;universit\u00e9<\/strong>. Le personnel professionnel de <strong>Limos Inn<\/strong> est connu pour sa fiabilit\u00e9, sa flexibilit\u00e9 et pour faire de vos d\u00e9placements de luxe une exp\u00e9rience <strong>VIP<\/strong> pour tous les membres de votre groupe.<\/p>\n<p style=\"text-align: center;\">Que vous ayez besoin d&rsquo;un taxi <strong>universitaire pour l&rsquo;a\u00e9roport<\/strong>, d&rsquo;une limousine pour <strong>l&rsquo;universit\u00e9 O&rsquo;hare<\/strong> ou que vous c\u00e9l\u00e9briez un <strong>mariage<\/strong>, un <strong>bal de fin d&rsquo;ann\u00e9e<\/strong> ou un autre \u00e9v\u00e9nement sp\u00e9cial, <strong>Limo Inn<\/strong>, Inc. peut faire de votre <strong>service de limousine universitaire<\/strong> un souvenir dont vous et vos amis vous souviendrez pendant de nombreuses ann\u00e9es.<\/p>\n<p>[\/vc_column_text][\/vc_column][vc_column width=\u00a0\u00bb1\/2&Prime; css=\u00a0\u00bb.vc_custom_1753269843562{background-image: url(https:\/\/limosinn.com\/wp-content\/uploads\/2025\/07\/ohare-terminal-1024&#215;768-1.jpg?id=24419) !important;}\u00a0\u00bb][\/vc_column][\/vc_row][vc_row full_width=\u00a0\u00bbstretch_row_content_no_spaces\u00a0\u00bb css=\u00a0\u00bb.vc_custom_1750774313717{background-color: #F6F6F6 !important;}\u00a0\u00bb][vc_column el_class=\u00a0\u00bbtheme-margin-bottom-0&Prime;]\n            <div class=\"theme-component-call-to-action theme-component-call-to-action-style-1 aligncenter\">\n                <div class=\"theme-component-call-to-action-box\">\n                    <span class=\"theme-icon-feature-lighthouse theme-component-call-to-action-icon\"><span><\/span><\/span>\n                    <h4 class=\"theme-component-call-to-action-header\">VOTRE PROCHAIN VOYAGE AVEC NOUS ?<\/h4>\n                    <p class=\"theme-component-call-to-action-subheader\">Utilisez notre outil en ligne pour calculer<br \/>\nle co\u00fbt total de votre trajet<\/p>\n                    \r\n            <div class=\"theme-component-button theme-component-button-style-4 alignleft theme-component-call-to-action-button\">\r\n                <a href=\"\/booking\/\" target=\"_self\">\r\n                    RESERVE YOUR VEHICLE NOW\r\n                <\/a>\r\n            <\/div>\r\n        \n                <\/div>\n            <\/div>\n        [\/vc_column][\/vc_row][vc_row el_class=\u00a0\u00bbtheme-column-style-2&Prime;][vc_column el_class=\u00a0\u00bbtheme-margin-bottom-0&Prime;]\r\n            <div class=\"theme-component-header-subheader aligncenter theme-margin-bottom-30\">\r\n                <div class=\"theme-component-header-subheader-subheader\">POURQUOI NOUS CHOISIR<\/div>\r\n                <h2 class=\"theme-component-header-subheader-header\">Fiers de servir la r\u00e9gion de Chicago<\/h2>\r\n            <\/div>\r\n        \r\n            <div class=\"theme-component-feature-circle\" data-item-first-radius=\"25\" style=\"height:700px;\">\r\n                \r\n                <div class=\"theme-component-feature-circle-circle\" style=\"width:340px;height:340px;margin-left:-170px;margin-top:-170px;\">\r\n                    <span>7 VALEURS FONDAMENTALES<\/span><span>Qui font de nous la meilleure entreprise de transport de la r\u00e9gion.<\/span>\r\n                <\/div>\r\n            \r\n                <div class=\"theme-component-feature-circle-circle\" style=\"width:510px;height:510px;margin-left:-255px;margin-top:-255px;\">\r\n                    \n            <div class=\"theme-component-feature-circle-item\" data-label_position=\"right\">\n                <span class=\"theme-component-feature-circle-item-circle\">\n                    <span class=\"theme-icon-meta-tick-3\"><\/span>\n                <\/span>\n                <span class=\"theme-component-feature-circle-item-label\">Excellence centr\u00e9e sur le client<\/span>\n            <\/div>\n        \n            <div class=\"theme-component-feature-circle-item\" data-label_position=\"right\">\n                <span class=\"theme-component-feature-circle-item-circle\">\n                    <span class=\"theme-icon-meta-tick-3\"><\/span>\n                <\/span>\n                <span class=\"theme-component-feature-circle-item-label\">La s\u00e9curit\u00e9 d&#039;abord<\/span>\n            <\/div>\n        \n            <div class=\"theme-component-feature-circle-item\" data-label_position=\"right\">\n                <span class=\"theme-component-feature-circle-item-circle\">\n                    <span class=\"theme-icon-meta-tick-3\"><\/span>\n                <\/span>\n                <span class=\"theme-component-feature-circle-item-label\">Professionnalisme<\/span>\n            <\/div>\n        \n            <div class=\"theme-component-feature-circle-item\" data-label_position=\"bottom\">\n                <span class=\"theme-component-feature-circle-item-circle\">\n                    <span class=\"theme-icon-meta-tick-3\"><\/span>\n                <\/span>\n                <span class=\"theme-component-feature-circle-item-label\">Fiabilit\u00e9<\/span>\n            <\/div>\n        \n            <div class=\"theme-component-feature-circle-item\" data-label_position=\"left\">\n                <span class=\"theme-component-feature-circle-item-circle\">\n                    <span class=\"theme-icon-meta-tick-3\"><\/span>\n                <\/span>\n                <span class=\"theme-component-feature-circle-item-label\">Innovation<\/span>\n            <\/div>\n        \n            <div class=\"theme-component-feature-circle-item\" data-label_position=\"left\">\n                <span class=\"theme-component-feature-circle-item-circle\">\n                    <span class=\"theme-icon-meta-tick-3\"><\/span>\n                <\/span>\n                <span class=\"theme-component-feature-circle-item-label\">Durabilit\u00e9<\/span>\n            <\/div>\n        \n            <div class=\"theme-component-feature-circle-item\" data-label_position=\"left\">\n                <span class=\"theme-component-feature-circle-item-circle\">\n                    <span class=\"theme-icon-meta-tick-3\"><\/span>\n                <\/span>\n                <span class=\"theme-component-feature-circle-item-label\">Int\u00e9grit\u00e9 et transparence<\/span>\n            <\/div>\n        \r\n                <\/div>\r\n            \r\n                <div class=\"theme-component-feature-circle-circle\" style=\"width:600px;height:600px;margin-left:-300px;margin-top:-300px;\">\r\n                    \r\n                <\/div>\r\n            \r\n            <\/div>\r\n        \r\n                    <div class=\"theme-component-feature-circle-responsive\">\r\n                        <span>7 VALEURS FONDAMENTALES qui font de nous la meilleure entreprise de transport de la r\u00e9gion.<\/span>\r\n                        <div class=\"theme-component-list theme-component-list-style-2\"><ul><li>Excellence centr\u00e9e sur le client<\/li><li>La s\u00e9curit\u00e9 d&#039;abord<\/li><li>Professionnalisme<\/li><li>Fiabilit\u00e9<\/li><li>Innovation<\/li><li>Durabilit\u00e9<\/li><li>Int\u00e9grit\u00e9 et transparence<\/li><\/ul><\/div>\r\n                    <\/div>\r\n                [\/vc_column][\/vc_row][vc_row full_width=\u00a0\u00bbstretch_row\u00a0\u00bb css=\u00a0\u00bb.vc_custom_1576584180851{background-color: #f6f6f6 !important;}\u00a0\u00bb el_class=\u00a0\u00bbtheme-column-style-2 theme-padding-bottom-0&Prime;][vc_column]\r\n            <p class=\"theme-component-paragraph-large theme-component-paragraph-large-style-2 aligncenter theme-margin-bottom-60\">\r\n                Quelle que soit votre occasion, choisissez nos services\r\n            <\/p>\r\n        <p>[vc_row][vc_column el_class=\"theme-margin-bottom-10\"]\n            <div data-column_count=\"2\" class=\"theme-component-gallery theme-component-gallery-type-1 theme-component-gallery-effect-type-2\">\n                <ul>\n                    \r\n            <li class=\"theme-component-gallery-item-width-50\">\r\n                <a data-fancybox-group=\"autoride-gallery-1\" href=\"\/notre-dame-game-limo\/\">\r\n                    <img decoding=\"async\" src=\"https:\/\/limosinn.com\/wp-content\/uploads\/2022\/11\/notre-dame-gamme-limo.webp\" alt=\"Image\"\/>\r\n                    <span><span><\/span><span>NOTRE DAME GAME LIMO<\/span><\/span>\r\n                    <i><\/i>\r\n                <\/a>\r\n            <\/li>\r\n        \r\n            <li class=\"theme-component-gallery-item-width-50\">\r\n                <a data-fancybox-group=\"autoride-gallery-1\" href=\"\/airport-transfers\/\">\r\n                    <img decoding=\"async\" src=\"https:\/\/limosinn.com\/wp-content\/uploads\/2022\/11\/airport-transfert-chicago-limosine-service.webp\" alt=\"airport-transfert-chicago-limosine-service\"\/>\r\n                    <span><span><\/span><span>AIRPORT TRANSFERS<\/span><\/span>\r\n                    <i><\/i>\r\n                <\/a>\r\n            <\/li>\r\n        \r\n            <li class=\"theme-component-gallery-item-width-50\">\r\n                <a data-fancybox-group=\"autoride-gallery-1\" href=\"\/corporate-travel\/\">\r\n                    <img decoding=\"async\" src=\"https:\/\/limosinn.com\/wp-content\/uploads\/2022\/11\/corporate-travel-chicago-limosine-service.webp\" alt=\"corporate travel limo service\"\/>\r\n                    <span><span><\/span><span>CORPORATE TRAVEL<\/span><\/span>\r\n                    <i><\/i>\r\n                <\/a>\r\n            <\/li>\r\n        \r\n            <li class=\"theme-component-gallery-item-width-25\">\r\n                <a data-fancybox-group=\"autoride-gallery-1\" href=\"\/special-occasions\/\">\r\n                    <img decoding=\"async\" src=\"https:\/\/limosinn.com\/wp-content\/uploads\/2022\/11\/wedding-limo-service-package.webp\" alt=\"Image\"\/>\r\n                    <span><span><\/span><span>SPECIAL OCCASIONS<\/span><\/span>\r\n                    <i><\/i>\r\n                <\/a>\r\n            <\/li>\r\n        \r\n            <li class=\"theme-component-gallery-item-width-25\">\r\n                <a data-fancybox-group=\"autoride-gallery-1\" href=\"\/large-groups\/\">\r\n                    <img decoding=\"async\" src=\"https:\/\/limosinn.com\/wp-content\/uploads\/2022\/11\/large-group-limousine-service-1.webp\" alt=\"Image\"\/>\r\n                    <span><span><\/span><span>LARGE GROUPS<\/span><\/span>\r\n                    <i><\/i>\r\n                <\/a>\r\n            <\/li>\r\n        \n                <\/ul>\n            <\/div>\n        [\/vc_column][\/vc_row]<\/p>\r\n[\/vc_column][\/vc_row]<\/p>\n<\/div>","protected":false},"excerpt":{"rendered":"<p>[vc_row][vc_column][vc_raw_html css=\u00a0\u00bb\u00a0\u00bb]PGRpdiBjbGFzcz0id3BiX3dyYXBwZXIiPgogICAgPGRpdiBjbGFzcz0iaW5mby1ibG9jayIgc3R5bGU9ImJhY2tncm91bmQtY29sb3I6ICNGREMzMkE7IGJvcmRlcjogMnB4IHNvbGlkICMyRTMxOTI7IGJvcmRlci1yYWRpdXM6IDEwcHg7IHBhZGRpbmc6IDE1cHg7IHRleHQtYWxpZ246IGNlbnRlcjsgZm9udC1mYW1pbHk6IEFyaWFsLCBzYW5zLXNlcmlmOyBmb250LXNpemU6IDI4cHg7IGZvbnQtd2VpZ2h0OiBib2xkOyBjb2xvcjogIzJFMzE5MjsgYm94LXNoYWRvdzogMCA0cHggOHB4IHJnYmEoMCwgMCwgMCwgMC4yKTsiPgogIEZhaXRlcyBsJ2V4cMOpcmllbmNlIGQndW4gc2VydmljZSBkZSBsaW1vdXNpbmUgdW5pdmVyc2l0YWlyZSBkZSBwcmVtacOocmUgY2xhc3NlLAo8YnI+IFZldWlsbGV6IGFwcGVsZXIgbGUgPGEgaHJlZj0idGVsOjEtMzEyLTI2NS02MzIyIiBzdHlsZT0iY29sb3I6ICMyRTMxOTI7IHRleHQtZGVjb3JhdGlvbjogbm9uZTsgZm9udC13ZWlnaHQ6IGJvbGQ7IGZvbnQtc2l6ZTogMjRweDsiPjEtMzEyLTI2NS02MzIyPC9hPi4KICAgIDwvZGl2Pgo8L2Rpdj4K[\/vc_raw_html][\/vc_column][\/vc_row][vc_row full_width=\u00a0\u00bbstretch_row_content_no_spaces\u00a0\u00bb css=\u00a0\u00bb.vc_custom_1750774115708{background-color: #F6F6F6 !important;}\u00a0\u00bb][vc_column el_class=\u00a0\u00bbtheme-margin-bottom-0&Prime;][vc_empty_space][\/vc_column][\/vc_row][vc_row full_width=\u00a0\u00bbstretch_row_content_no_spaces\u00a0\u00bb equal_height=\u00a0\u00bbyes\u00a0\u00bb][vc_column width=\u00a0\u00bb1\/2&Prime; css=\u00a0\u00bb.vc_custom_1753269834469{background-image: url(https:\/\/limosinn.com\/wp-content\/uploads\/2025\/07\/large-group-limosinn-service.webp?id=24439) !important;}\u00a0\u00bb][\/vc_column][vc_column width=\u00a0\u00bb1\/2&Prime; el_class=\u00a0\u00bbtheme-column-style-1&Prime;][vc_column_text css=\u00a0\u00bb\u00a0\u00bb] LIMOUSINE UNIVERSITAIRE Limos Inn est le partenaire de l&rsquo;alliance strat\u00e9gique des services de limousine et de voitures de fonction pr\u00e9f\u00e9r\u00e9s de l&rsquo;universit\u00e9. Tous les membres du personnel, les \u00e9tudiants et les professeurs b\u00e9n\u00e9ficient de tarifs pr\u00e9f\u00e9rentiels pour les services [&#8230;]<\/p>\n","protected":false},"author":1,"featured_media":0,"parent":0,"menu_order":0,"comment_status":"closed","ping_status":"closed","template":"","meta":{"footnotes":""},"class_list":["post-27551","page","type-page","status-publish","hentry"],"yoast_head":"<!-- This site is optimized with the Yoast SEO Premium plugin v27.4 (Yoast SEO v27.4) - https:\/\/yoast.com\/product\/yoast-seo-premium-wordpress\/ -->\n<title>Limousine \u00c9tudiante \u00e0 Chicago | Limos Inn<\/title>\n<meta name=\"description\" content=\"Service de limousine universitaire de luxe \u00e0 Chicago. Voyagez avec style gr\u00e2ce aux chauffeurs professionnels de Limos Inn pour vos \u00e9v\u00e9nements sur le campus\" \/>\n<meta name=\"robots\" content=\"index, follow, max-snippet:-1, max-image-preview:large, max-video-preview:-1\" \/>\n<link rel=\"canonical\" href=\"https:\/\/limosinn.com\/fr\/limousine-universitaire\/\" \/>\n<meta property=\"og:locale\" content=\"fr_FR\" \/>\n<meta property=\"og:type\" content=\"article\" \/>\n<meta property=\"og:title\" content=\"LIMOUSINE UNIVERSITAIRE\" \/>\n<meta property=\"og:description\" content=\"Service de limousine universitaire de luxe \u00e0 Chicago. Voyagez avec style gr\u00e2ce aux chauffeurs professionnels de Limos Inn pour vos \u00e9v\u00e9nements sur le campus\" \/>\n<meta property=\"og:url\" content=\"https:\/\/limosinn.com\/fr\/limousine-universitaire\/\" \/>\n<meta property=\"og:site_name\" content=\"Chicago Limos Inn\u2122\" \/>\n<meta property=\"article:publisher\" content=\"https:\/\/facebook.com\/ChicagoLimosInn\/\" \/>\n<meta property=\"article:modified_time\" content=\"2025-11-21T10:36:18+00:00\" \/>\n<meta property=\"og:image\" content=\"https:\/\/limosinn.com\/wp-content\/uploads\/2022\/11\/website-limosinn-com.webp\" \/>\n\t<meta property=\"og:image:width\" content=\"1200\" \/>\n\t<meta property=\"og:image:height\" content=\"675\" \/>\n\t<meta property=\"og:image:type\" content=\"image\/webp\" \/>\n<meta name=\"twitter:card\" content=\"summary_large_image\" \/>\n<meta name=\"twitter:site\" content=\"@limosinn\" \/>\n<meta name=\"twitter:label1\" content=\"Dur\u00e9e de lecture estim\u00e9e\" \/>\n\t<meta name=\"twitter:data1\" content=\"2 minutes\" \/>\n<script type=\"application\/ld+json\" class=\"yoast-schema-graph\">{\"@context\":\"https:\\\/\\\/schema.org\",\"@graph\":[{\"@type\":\"WebPage\",\"@id\":\"https:\\\/\\\/limosinn.com\\\/fr\\\/limousine-universitaire\\\/\",\"url\":\"https:\\\/\\\/limosinn.com\\\/fr\\\/limousine-universitaire\\\/\",\"name\":\"Limousine \u00c9tudiante \u00e0 Chicago | Limos Inn\",\"isPartOf\":{\"@id\":\"https:\\\/\\\/limosinn.com\\\/fr\\\/#website\"},\"datePublished\":\"2025-07-01T10:13:45+00:00\",\"dateModified\":\"2025-11-21T10:36:18+00:00\",\"description\":\"Service de limousine universitaire de luxe \u00e0 Chicago. Voyagez avec style gr\u00e2ce aux chauffeurs professionnels de Limos Inn pour vos \u00e9v\u00e9nements sur le campus\",\"breadcrumb\":{\"@id\":\"https:\\\/\\\/limosinn.com\\\/fr\\\/limousine-universitaire\\\/#breadcrumb\"},\"inLanguage\":\"fr-FR\",\"potentialAction\":[{\"@type\":\"ReadAction\",\"target\":[\"https:\\\/\\\/limosinn.com\\\/fr\\\/limousine-universitaire\\\/\"]}]},{\"@type\":\"BreadcrumbList\",\"@id\":\"https:\\\/\\\/limosinn.com\\\/fr\\\/limousine-universitaire\\\/#breadcrumb\",\"itemListElement\":[{\"@type\":\"ListItem\",\"position\":1,\"name\":\"Home\",\"item\":\"https:\\\/\\\/limosinn.com\\\/fr\\\/\"},{\"@type\":\"ListItem\",\"position\":2,\"name\":\"LIMOUSINE UNIVERSITAIRE\"}]},{\"@type\":\"WebSite\",\"@id\":\"https:\\\/\\\/limosinn.com\\\/fr\\\/#website\",\"url\":\"https:\\\/\\\/limosinn.com\\\/fr\\\/\",\"name\":\"Chicago Limos Inn\u2122: Chicago City Limousines and Airport Black Car Service\",\"description\":\"Most Reliable Airport VIP Limo Car Services in Chicago\",\"publisher\":{\"@id\":\"https:\\\/\\\/limosinn.com\\\/fr\\\/#organization\"},\"alternateName\":\"Chicago Limo Airport Black Car Service (Last Minute Chicago VIP Limousines and Airport Black Car SUV Rides Chauffeured Service (Chicago Limos Inn))\",\"potentialAction\":[{\"@type\":\"SearchAction\",\"target\":{\"@type\":\"EntryPoint\",\"urlTemplate\":\"https:\\\/\\\/limosinn.com\\\/fr\\\/?s={search_term_string}\"},\"query-input\":{\"@type\":\"PropertyValueSpecification\",\"valueRequired\":true,\"valueName\":\"search_term_string\"}}],\"inLanguage\":\"fr-FR\"},{\"@type\":\"Organization\",\"@id\":\"https:\\\/\\\/limosinn.com\\\/fr\\\/#organization\",\"name\":\"Chicago Limos Inn\u2122: Chicago City Limousines and Airport Black Car Service\",\"url\":\"https:\\\/\\\/limosinn.com\\\/fr\\\/\",\"logo\":{\"@type\":\"ImageObject\",\"inLanguage\":\"fr-FR\",\"@id\":\"https:\\\/\\\/limosinn.com\\\/fr\\\/#\\\/schema\\\/logo\\\/image\\\/\",\"url\":\"https:\\\/\\\/limosinn.com\\\/wp-content\\\/uploads\\\/2022\\\/11\\\/cropped-logo-limosinn-1.png\",\"contentUrl\":\"https:\\\/\\\/limosinn.com\\\/wp-content\\\/uploads\\\/2022\\\/11\\\/cropped-logo-limosinn-1.png\",\"width\":512,\"height\":512,\"caption\":\"Chicago Limos Inn\u2122: Chicago City Limousines and Airport Black Car Service\"},\"image\":{\"@id\":\"https:\\\/\\\/limosinn.com\\\/fr\\\/#\\\/schema\\\/logo\\\/image\\\/\"},\"sameAs\":[\"https:\\\/\\\/facebook.com\\\/ChicagoLimosInn\\\/\",\"https:\\\/\\\/x.com\\\/limosinn\"]}]}<\/script>\n<!-- \/ Yoast SEO Premium plugin. -->","yoast_head_json":{"title":"Limousine \u00c9tudiante \u00e0 Chicago | Limos Inn","description":"Service de limousine universitaire de luxe \u00e0 Chicago. Voyagez avec style gr\u00e2ce aux chauffeurs professionnels de Limos Inn pour vos \u00e9v\u00e9nements sur le campus","robots":{"index":"index","follow":"follow","max-snippet":"max-snippet:-1","max-image-preview":"max-image-preview:large","max-video-preview":"max-video-preview:-1"},"canonical":"https:\/\/limosinn.com\/fr\/limousine-universitaire\/","og_locale":"fr_FR","og_type":"article","og_title":"LIMOUSINE UNIVERSITAIRE","og_description":"Service de limousine universitaire de luxe \u00e0 Chicago. Voyagez avec style gr\u00e2ce aux chauffeurs professionnels de Limos Inn pour vos \u00e9v\u00e9nements sur le campus","og_url":"https:\/\/limosinn.com\/fr\/limousine-universitaire\/","og_site_name":"Chicago Limos Inn\u2122","article_publisher":"https:\/\/facebook.com\/ChicagoLimosInn\/","article_modified_time":"2025-11-21T10:36:18+00:00","og_image":[{"width":1200,"height":675,"url":"https:\/\/limosinn.com\/wp-content\/uploads\/2022\/11\/website-limosinn-com.webp","type":"image\/webp"}],"twitter_card":"summary_large_image","twitter_site":"@limosinn","twitter_misc":{"Dur\u00e9e de lecture estim\u00e9e":"2 minutes"},"schema":{"@context":"https:\/\/schema.org","@graph":[{"@type":"WebPage","@id":"https:\/\/limosinn.com\/fr\/limousine-universitaire\/","url":"https:\/\/limosinn.com\/fr\/limousine-universitaire\/","name":"Limousine \u00c9tudiante \u00e0 Chicago | Limos Inn","isPartOf":{"@id":"https:\/\/limosinn.com\/fr\/#website"},"datePublished":"2025-07-01T10:13:45+00:00","dateModified":"2025-11-21T10:36:18+00:00","description":"Service de limousine universitaire de luxe \u00e0 Chicago. Voyagez avec style gr\u00e2ce aux chauffeurs professionnels de Limos Inn pour vos \u00e9v\u00e9nements sur le campus","breadcrumb":{"@id":"https:\/\/limosinn.com\/fr\/limousine-universitaire\/#breadcrumb"},"inLanguage":"fr-FR","potentialAction":[{"@type":"ReadAction","target":["https:\/\/limosinn.com\/fr\/limousine-universitaire\/"]}]},{"@type":"BreadcrumbList","@id":"https:\/\/limosinn.com\/fr\/limousine-universitaire\/#breadcrumb","itemListElement":[{"@type":"ListItem","position":1,"name":"Home","item":"https:\/\/limosinn.com\/fr\/"},{"@type":"ListItem","position":2,"name":"LIMOUSINE UNIVERSITAIRE"}]},{"@type":"WebSite","@id":"https:\/\/limosinn.com\/fr\/#website","url":"https:\/\/limosinn.com\/fr\/","name":"Chicago Limos Inn\u2122: Chicago City Limousines and Airport Black Car Service","description":"Most Reliable Airport VIP Limo Car Services in Chicago","publisher":{"@id":"https:\/\/limosinn.com\/fr\/#organization"},"alternateName":"Chicago Limo Airport Black Car Service (Last Minute Chicago VIP Limousines and Airport Black Car SUV Rides Chauffeured Service (Chicago Limos Inn))","potentialAction":[{"@type":"SearchAction","target":{"@type":"EntryPoint","urlTemplate":"https:\/\/limosinn.com\/fr\/?s={search_term_string}"},"query-input":{"@type":"PropertyValueSpecification","valueRequired":true,"valueName":"search_term_string"}}],"inLanguage":"fr-FR"},{"@type":"Organization","@id":"https:\/\/limosinn.com\/fr\/#organization","name":"Chicago Limos Inn\u2122: Chicago City Limousines and Airport Black Car Service","url":"https:\/\/limosinn.com\/fr\/","logo":{"@type":"ImageObject","inLanguage":"fr-FR","@id":"https:\/\/limosinn.com\/fr\/#\/schema\/logo\/image\/","url":"https:\/\/limosinn.com\/wp-content\/uploads\/2022\/11\/cropped-logo-limosinn-1.png","contentUrl":"https:\/\/limosinn.com\/wp-content\/uploads\/2022\/11\/cropped-logo-limosinn-1.png","width":512,"height":512,"caption":"Chicago Limos Inn\u2122: Chicago City Limousines and Airport Black Car Service"},"image":{"@id":"https:\/\/limosinn.com\/fr\/#\/schema\/logo\/image\/"},"sameAs":["https:\/\/facebook.com\/ChicagoLimosInn\/","https:\/\/x.com\/limosinn"]}]}},"_hostinger_reach_plugin_has_subscription_block":false,"_hostinger_reach_plugin_is_elementor":false,"_links":{"self":[{"href":"https:\/\/limosinn.com\/fr\/wp-json\/wp\/v2\/pages\/27551","targetHints":{"allow":["GET"]}}],"collection":[{"href":"https:\/\/limosinn.com\/fr\/wp-json\/wp\/v2\/pages"}],"about":[{"href":"https:\/\/limosinn.com\/fr\/wp-json\/wp\/v2\/types\/page"}],"author":[{"embeddable":true,"href":"https:\/\/limosinn.com\/fr\/wp-json\/wp\/v2\/users\/1"}],"replies":[{"embeddable":true,"href":"https:\/\/limosinn.com\/fr\/wp-json\/wp\/v2\/comments?post=27551"}],"version-history":[{"count":0,"href":"https:\/\/limosinn.com\/fr\/wp-json\/wp\/v2\/pages\/27551\/revisions"}],"wp:attachment":[{"href":"https:\/\/limosinn.com\/fr\/wp-json\/wp\/v2\/media?parent=27551"}],"curies":[{"name":"wp","href":"https:\/\/api.w.org\/{rel}","templated":true}]}}