{"id":27645,"date":"2025-07-01T11:50:24","date_gmt":"2025-07-01T11:50:24","guid":{"rendered":"https:\/\/limosinn.com\/forfaits-dentreprise\/"},"modified":"2025-11-21T10:31:21","modified_gmt":"2025-11-21T10:31:21","slug":"forfaits-dentreprise","status":"publish","type":"page","link":"https:\/\/limosinn.com\/fr\/forfaits-dentreprise\/","title":{"rendered":"FORFAITS D&rsquo;ENTREPRISE"},"content":{"rendered":"<div class=\"wpb-content-wrapper\"><p>[vc_row][vc_column width=\u00a0\u00bb1\/2&Prime;][vc_single_image image=\u00a0\u00bb26647&Prime; img_size=\u00a0\u00bbfull\u00a0\u00bb css=\u00a0\u00bb\u00a0\u00bb][\/vc_column][vc_column width=\u00a0\u00bb1\/2&Prime;]\r\n            <div class=\"theme-component-header-subheader aligncenter theme-margin-bottom-10\">\r\n                <div class=\"theme-component-header-subheader-subheader\">Offres sp\u00e9ciales pour comptes d\u2019entreprise<\/div>\r\n                <h1 class=\"theme-component-header-subheader-header\">FORFAITS D'ENTREPRISE<\/h1>\r\n            <\/div>\r\n        [vc_column_text css=\u00a0\u00bb\u00a0\u00bb el_class=\u00a0\u00bbtheme-padding-top-30&Prime;]Il n&rsquo;a jamais \u00e9t\u00e9 aussi facile de souscrire \u00e0 un <strong>compte d&rsquo;entreprise<\/strong>. Une fois que vous aurez \u00e9tabli votre service d&rsquo;entreprise, vous recevrez un ensemble d&rsquo;avantages qui r\u00e9pondront sp\u00e9cifiquement \u00e0 vos besoins. Nous comprenons que votre temps est pr\u00e9cieux et nous pouvons vous offrir un service sans faille, de la r\u00e9servation \u00e0 la destination finale, en passant par la facturation automatique et l&rsquo;acc\u00e8s aux re\u00e7us.[\/vc_column_text][\/vc_column][vc_column][vc_column_text css=\u00a0\u00bb\u00a0\u00bb el_class=\u00a0\u00bbtheme-padding-top-30&Prime;]Il n&rsquo;y a pas de meilleure solution pour se d\u00e9placer en ville pour des r\u00e9unions que de faire appel \u00e0 un service professionnel et abordable. Nos chauffeurs sont hautement qualifi\u00e9s pour r\u00e9pondre \u00e0 vos besoins. Votre service de voiture est facilit\u00e9, commencez d\u00e8s aujourd&rsquo;hui et profitez de tous les avantages li\u00e9s \u00e0 votre compte d&rsquo;entreprise. C&rsquo;est facile de commencer, il suffit de nous appeler au <a class=\"links\" href=\"tel:13122656322\"><strong>+1-312.-265-6322 <\/strong><\/a> ou inscrivez-vous pour un <a class=\"links\" href=\"http:\/\/localhost:10004\/quote\/\"><strong>compte d&rsquo;entreprise en ligne<\/strong><\/a>.<\/p>\n<p>Pour un groupe plus important de 11 passagers ou plus, veuillez soumettre un <a class=\"links\" href=\"http:\/\/localhost:10004\/quote\/\"><strong>Demande de devis rapide<\/strong><\/a> avec les d\u00e9tails et nous vous contacterons rapidement avec les tarifs de limousine les plus abordables pour votre \u00e9v\u00e9nement d&rsquo;entreprise.<\/p>\n<p>[\/vc_column_text][\/vc_column][\/vc_row][vc_row el_class=\u00a0\u00bbtheme-margin-top-20 reverse-column-mobile\u00a0\u00bb][vc_column width=\u00a0\u00bb1\/2&Prime;][vc_column_text css=\u00a0\u00bb\u00a0\u00bb el_class=\u00a0\u00bbtheme-padding-top-30&Prime;]Chez Chicago Limos Inn, vous allez adorer notre meilleure vari\u00e9t\u00e9 de services d&rsquo;autobus nolis\u00e9s pour le transport de groupes, y compris les autobus nolis\u00e9s de luxe, les autobus limousines et les fourgonnettes limousines qui conviennent \u00e0 votre grand groupe de 20 \u00e0 50 personnes.<\/p>\n<p>Nous veillerons \u00e0 ce que votre f\u00eate arrive \u00e0 destination en toute s\u00e9curit\u00e9 et \u00e0 l&rsquo;heure pr\u00e9vue !<\/p>\n<p>Nous proposons des v\u00e9hicules \u00e0 des prix abordables, des autocars de haute qualit\u00e9 et des autobus charters. Nous fournissons de nombreuses commodit\u00e9s. Vous trouverez ci-dessous quelques-uns des avantages que vous obtiendrez en affr\u00e9tant l&rsquo;un de nos v\u00e9hicules propres et modernes.[\/vc_column_text][\/vc_column][vc_column width=\u00a0\u00bb1\/2&Prime;][vc_single_image image=\u00a0\u00bb26657&Prime; img_size=\u00a0\u00bbfull\u00a0\u00bb alignment=\u00a0\u00bbright\u00a0\u00bb css=\u00a0\u00bb\u00a0\u00bb][\/vc_column][\/vc_row][vc_row css=\u00a0\u00bb.vc_custom_1751370822119{background-color: #F6F6F6 !important;}\u00a0\u00bb][vc_column el_class=\u00a0\u00bbtheme-margin-bottom-0&Prime;]\n            <div class=\"theme-component-call-to-action theme-component-call-to-action-style-1 aligncenter\">\n                <div class=\"theme-component-call-to-action-box\">\n                    <span class=\"theme-icon-feature-lighthouse theme-component-call-to-action-icon\"><span><\/span><\/span>\n                    <h4 class=\"theme-component-call-to-action-header\">YOUR NEXT TRAVEL WITH US?<\/h4>\n                    <p class=\"theme-component-call-to-action-subheader\">Use our online tool to calculate<br \/>\nthe total cost of your ride<\/p>\n                    \r\n            <div class=\"theme-component-button theme-component-button-style-4 alignleft theme-component-call-to-action-button\">\r\n                <a href=\"\/booking\/\" target=\"_self\">\r\n                    Hire Your Chauffeur Today\r\n                <\/a>\r\n            <\/div>\r\n        \n                <\/div>\n            <\/div>\n        [\/vc_column][\/vc_row][vc_row][vc_column][vc_empty_space][\/vc_column][\/vc_row][vc_row full_width=\u00a0\u00bbstretch_row_content\u00a0\u00bb][vc_column width=\u00a0\u00bb1\/3&Prime;][vc_single_image image=\u00a0\u00bb26197&Prime; img_size=\u00a0\u00bbfull\u00a0\u00bb alignment=\u00a0\u00bbcenter\u00a0\u00bb css=\u00a0\u00bb\u00a0\u00bb][vc_custom_heading text=\u00a0\u00bbSEDANS\u00a0\u00bb font_container=\u00a0\u00bbtag:h3|text_align:center\u00a0\u00bb google_fonts=\u00a0\u00bbfont_family:Montserrat%3Aregular%2C700|font_style:700%20bold%20regular%3A700%3Anormal\u00a0\u00bb css=\u00a0\u00bb\u00a0\u00bb][vc_column_text css=\u00a0\u00bb\u00a0\u00bb]<\/p>\n<p style=\"text-align: center;\">Disponible pour un maximum de <strong>2 passagers<\/strong> et offrant une option rentable pour voyager d&rsquo;un point \u00e0 un autre ou pour l&rsquo;affr\u00e9ter \u00e0 l&rsquo;heure \u00e0 partir de <strong> 75 $ l&rsquo;heure<\/strong>. Il est fortement recommand\u00e9 pour les tourn\u00e9es de pr\u00e9sentation et les r\u00e9unions d&rsquo;affaires dans la r\u00e9gion de Chicago.<\/p>\n<p>[\/vc_column_text][\/vc_column][vc_column width=\u00a0\u00bb1\/3&Prime;][vc_single_image image=\u00a0\u00bb26207&Prime; img_size=\u00a0\u00bbfull\u00a0\u00bb alignment=\u00a0\u00bbcenter\u00a0\u00bb css=\u00a0\u00bb\u00a0\u00bb][vc_custom_heading text=\u00a0\u00bbSUVS\u00a0\u00bb font_container=\u00a0\u00bbtag:h3|text_align:center\u00a0\u00bb google_fonts=\u00a0\u00bbfont_family:Montserrat%3Aregular%2C700|font_style:700%20bold%20regular%3A700%3Anormal\u00a0\u00bb css=\u00a0\u00bb\u00a0\u00bb][vc_column_text css=\u00a0\u00bb\u00a0\u00bb]<\/p>\n<p style=\"text-align: center;\">Pr\u00eat \u00e0 accueillir jusqu&rsquo;\u00e0 <strong>6 passagers<\/strong>, il constitue une excellente option pour les voyages de groupe ou pour un service horaire \u00e0 partir de <strong> 85 $ l&rsquo;heure<\/strong>. Hautement recommand\u00e9 pour les voyageurs d&rsquo;affaires.<\/p>\n<p>[\/vc_column_text][\/vc_column][vc_column width=\u00a0\u00bb1\/3&Prime;][vc_single_image image=\u00a0\u00bb26227&Prime; img_size=\u00a0\u00bbfull\u00a0\u00bb alignment=\u00a0\u00bbcenter\u00a0\u00bb css=\u00a0\u00bb\u00a0\u00bb][vc_custom_heading text=\u00a0\u00bbVANS\u00a0\u00bb font_container=\u00a0\u00bbtag:h3|text_align:center\u00a0\u00bb google_fonts=\u00a0\u00bbfont_family:Montserrat%3Aregular%2C700|font_style:700%20bold%20regular%3A700%3Anormal\u00a0\u00bb css=\u00a0\u00bb\u00a0\u00bb][vc_column_text css=\u00a0\u00bb\u00a0\u00bb]<\/p>\n<p style=\"text-align: center;\">Une option id\u00e9ale pour les grands groupes jusqu&rsquo;\u00e0 <strong>12 passagers<\/strong>, confortable et rentable pour le ramassage et la d\u00e9pose ou pour les entreprises. Tarifs horaires \u00e0 partir de <strong> 145 $ par heure<\/strong>. Minimum de <strong>4 heures de<\/strong> <strong>service<\/strong>. Ce service est fortement recommand\u00e9 pour les conventions, les expositions ou les voyages de groupe vers les a\u00e9roports de Chicago.<\/p>\n<p>[\/vc_column_text][\/vc_column][\/vc_row]<\/p>\n<\/div>","protected":false},"excerpt":{"rendered":"<p>[vc_row][vc_column width=\u00a0\u00bb1\/2&Prime;][vc_single_image image=\u00a0\u00bb26647&Prime; img_size=\u00a0\u00bbfull\u00a0\u00bb css=\u00a0\u00bb\u00a0\u00bb][\/vc_column][vc_column width=\u00a0\u00bb1\/2&Prime;][vc_column_text css=\u00a0\u00bb\u00a0\u00bb el_class=\u00a0\u00bbtheme-padding-top-30&Prime;]Il n&rsquo;a jamais \u00e9t\u00e9 aussi facile de souscrire \u00e0 un compte d&rsquo;entreprise. Une fois que vous aurez \u00e9tabli votre service d&rsquo;entreprise, vous recevrez un ensemble d&rsquo;avantages qui r\u00e9pondront sp\u00e9cifiquement \u00e0 vos besoins. Nous comprenons que votre temps est pr\u00e9cieux et nous pouvons vous offrir un service sans faille, [&#8230;]<\/p>\n","protected":false},"author":1,"featured_media":0,"parent":0,"menu_order":0,"comment_status":"closed","ping_status":"closed","template":"","meta":{"footnotes":""},"class_list":["post-27645","page","type-page","status-publish","hentry"],"yoast_head":"<!-- This site is optimized with the Yoast SEO Premium plugin v27.4 (Yoast SEO v27.4) - https:\/\/yoast.com\/product\/yoast-seo-premium-wordpress\/ -->\n<title>Forfaits limousine entreprise \u00e0 Chicago \u2013 Limos Inn<\/title>\n<meta name=\"description\" content=\"Forfaits d&#039;entreprise sur mesure : transport professionnel, ponctuel et \u00e9l\u00e9gant pour vos d\u00e9placements d&#039;affaires. R\u00e9servez votre chauffeur priv\u00e9\" \/>\n<meta name=\"robots\" content=\"index, follow, max-snippet:-1, max-image-preview:large, max-video-preview:-1\" \/>\n<link rel=\"canonical\" href=\"https:\/\/limosinn.com\/fr\/forfaits-dentreprise\/\" \/>\n<meta property=\"og:locale\" content=\"fr_FR\" \/>\n<meta property=\"og:type\" content=\"article\" \/>\n<meta property=\"og:title\" content=\"FORFAITS D&#039;ENTREPRISE\" \/>\n<meta property=\"og:description\" content=\"Forfaits d&#039;entreprise sur mesure : transport professionnel, ponctuel et \u00e9l\u00e9gant pour vos d\u00e9placements d&#039;affaires. R\u00e9servez votre chauffeur priv\u00e9\" \/>\n<meta property=\"og:url\" content=\"https:\/\/limosinn.com\/fr\/forfaits-dentreprise\/\" \/>\n<meta property=\"og:site_name\" content=\"Chicago Limos Inn\u2122\" \/>\n<meta property=\"article:publisher\" content=\"https:\/\/facebook.com\/ChicagoLimosInn\/\" \/>\n<meta property=\"article:modified_time\" content=\"2025-11-21T10:31:21+00:00\" \/>\n<meta property=\"og:image\" content=\"https:\/\/limosinn.com\/wp-content\/uploads\/2022\/11\/website-limosinn-com.webp\" \/>\n\t<meta property=\"og:image:width\" content=\"1200\" \/>\n\t<meta property=\"og:image:height\" content=\"675\" \/>\n\t<meta property=\"og:image:type\" content=\"image\/webp\" \/>\n<meta name=\"twitter:card\" content=\"summary_large_image\" \/>\n<meta name=\"twitter:site\" content=\"@limosinn\" \/>\n<meta name=\"twitter:label1\" content=\"Dur\u00e9e de lecture estim\u00e9e\" \/>\n\t<meta name=\"twitter:data1\" content=\"4 minutes\" \/>\n<script type=\"application\/ld+json\" class=\"yoast-schema-graph\">{\"@context\":\"https:\\\/\\\/schema.org\",\"@graph\":[{\"@type\":\"WebPage\",\"@id\":\"https:\\\/\\\/limosinn.com\\\/fr\\\/forfaits-dentreprise\\\/\",\"url\":\"https:\\\/\\\/limosinn.com\\\/fr\\\/forfaits-dentreprise\\\/\",\"name\":\"Forfaits limousine entreprise \u00e0 Chicago \u2013 Limos Inn\",\"isPartOf\":{\"@id\":\"https:\\\/\\\/limosinn.com\\\/fr\\\/#website\"},\"datePublished\":\"2025-07-01T11:50:24+00:00\",\"dateModified\":\"2025-11-21T10:31:21+00:00\",\"description\":\"Forfaits d'entreprise sur mesure : transport professionnel, ponctuel et \u00e9l\u00e9gant pour vos d\u00e9placements d'affaires. R\u00e9servez votre chauffeur priv\u00e9\",\"breadcrumb\":{\"@id\":\"https:\\\/\\\/limosinn.com\\\/fr\\\/forfaits-dentreprise\\\/#breadcrumb\"},\"inLanguage\":\"fr-FR\",\"potentialAction\":[{\"@type\":\"ReadAction\",\"target\":[\"https:\\\/\\\/limosinn.com\\\/fr\\\/forfaits-dentreprise\\\/\"]}]},{\"@type\":\"BreadcrumbList\",\"@id\":\"https:\\\/\\\/limosinn.com\\\/fr\\\/forfaits-dentreprise\\\/#breadcrumb\",\"itemListElement\":[{\"@type\":\"ListItem\",\"position\":1,\"name\":\"Home\",\"item\":\"https:\\\/\\\/limosinn.com\\\/fr\\\/\"},{\"@type\":\"ListItem\",\"position\":2,\"name\":\"FORFAITS D&#8217;ENTREPRISE\"}]},{\"@type\":\"WebSite\",\"@id\":\"https:\\\/\\\/limosinn.com\\\/fr\\\/#website\",\"url\":\"https:\\\/\\\/limosinn.com\\\/fr\\\/\",\"name\":\"Chicago Limos Inn\u2122: Chicago City Limousines and Airport Black Car Service\",\"description\":\"Most Reliable Airport VIP Limo Car Services in Chicago\",\"publisher\":{\"@id\":\"https:\\\/\\\/limosinn.com\\\/fr\\\/#organization\"},\"alternateName\":\"Chicago Limo Airport Black Car Service (Last Minute Chicago VIP Limousines and Airport Black Car SUV Rides Chauffeured Service (Chicago Limos Inn))\",\"potentialAction\":[{\"@type\":\"SearchAction\",\"target\":{\"@type\":\"EntryPoint\",\"urlTemplate\":\"https:\\\/\\\/limosinn.com\\\/fr\\\/?s={search_term_string}\"},\"query-input\":{\"@type\":\"PropertyValueSpecification\",\"valueRequired\":true,\"valueName\":\"search_term_string\"}}],\"inLanguage\":\"fr-FR\"},{\"@type\":\"Organization\",\"@id\":\"https:\\\/\\\/limosinn.com\\\/fr\\\/#organization\",\"name\":\"Chicago Limos Inn\u2122: Chicago City Limousines and Airport Black Car Service\",\"url\":\"https:\\\/\\\/limosinn.com\\\/fr\\\/\",\"logo\":{\"@type\":\"ImageObject\",\"inLanguage\":\"fr-FR\",\"@id\":\"https:\\\/\\\/limosinn.com\\\/fr\\\/#\\\/schema\\\/logo\\\/image\\\/\",\"url\":\"https:\\\/\\\/limosinn.com\\\/wp-content\\\/uploads\\\/2022\\\/11\\\/cropped-logo-limosinn-1.png\",\"contentUrl\":\"https:\\\/\\\/limosinn.com\\\/wp-content\\\/uploads\\\/2022\\\/11\\\/cropped-logo-limosinn-1.png\",\"width\":512,\"height\":512,\"caption\":\"Chicago Limos Inn\u2122: Chicago City Limousines and Airport Black Car Service\"},\"image\":{\"@id\":\"https:\\\/\\\/limosinn.com\\\/fr\\\/#\\\/schema\\\/logo\\\/image\\\/\"},\"sameAs\":[\"https:\\\/\\\/facebook.com\\\/ChicagoLimosInn\\\/\",\"https:\\\/\\\/x.com\\\/limosinn\"]}]}<\/script>\n<!-- \/ Yoast SEO Premium plugin. -->","yoast_head_json":{"title":"Forfaits limousine entreprise \u00e0 Chicago \u2013 Limos Inn","description":"Forfaits d'entreprise sur mesure : transport professionnel, ponctuel et \u00e9l\u00e9gant pour vos d\u00e9placements d'affaires. R\u00e9servez votre chauffeur priv\u00e9","robots":{"index":"index","follow":"follow","max-snippet":"max-snippet:-1","max-image-preview":"max-image-preview:large","max-video-preview":"max-video-preview:-1"},"canonical":"https:\/\/limosinn.com\/fr\/forfaits-dentreprise\/","og_locale":"fr_FR","og_type":"article","og_title":"FORFAITS D'ENTREPRISE","og_description":"Forfaits d'entreprise sur mesure : transport professionnel, ponctuel et \u00e9l\u00e9gant pour vos d\u00e9placements d'affaires. R\u00e9servez votre chauffeur priv\u00e9","og_url":"https:\/\/limosinn.com\/fr\/forfaits-dentreprise\/","og_site_name":"Chicago Limos Inn\u2122","article_publisher":"https:\/\/facebook.com\/ChicagoLimosInn\/","article_modified_time":"2025-11-21T10:31:21+00:00","og_image":[{"width":1200,"height":675,"url":"https:\/\/limosinn.com\/wp-content\/uploads\/2022\/11\/website-limosinn-com.webp","type":"image\/webp"}],"twitter_card":"summary_large_image","twitter_site":"@limosinn","twitter_misc":{"Dur\u00e9e de lecture estim\u00e9e":"4 minutes"},"schema":{"@context":"https:\/\/schema.org","@graph":[{"@type":"WebPage","@id":"https:\/\/limosinn.com\/fr\/forfaits-dentreprise\/","url":"https:\/\/limosinn.com\/fr\/forfaits-dentreprise\/","name":"Forfaits limousine entreprise \u00e0 Chicago \u2013 Limos Inn","isPartOf":{"@id":"https:\/\/limosinn.com\/fr\/#website"},"datePublished":"2025-07-01T11:50:24+00:00","dateModified":"2025-11-21T10:31:21+00:00","description":"Forfaits d'entreprise sur mesure : transport professionnel, ponctuel et \u00e9l\u00e9gant pour vos d\u00e9placements d'affaires. R\u00e9servez votre chauffeur priv\u00e9","breadcrumb":{"@id":"https:\/\/limosinn.com\/fr\/forfaits-dentreprise\/#breadcrumb"},"inLanguage":"fr-FR","potentialAction":[{"@type":"ReadAction","target":["https:\/\/limosinn.com\/fr\/forfaits-dentreprise\/"]}]},{"@type":"BreadcrumbList","@id":"https:\/\/limosinn.com\/fr\/forfaits-dentreprise\/#breadcrumb","itemListElement":[{"@type":"ListItem","position":1,"name":"Home","item":"https:\/\/limosinn.com\/fr\/"},{"@type":"ListItem","position":2,"name":"FORFAITS D&#8217;ENTREPRISE"}]},{"@type":"WebSite","@id":"https:\/\/limosinn.com\/fr\/#website","url":"https:\/\/limosinn.com\/fr\/","name":"Chicago Limos Inn\u2122: Chicago City Limousines and Airport Black Car Service","description":"Most Reliable Airport VIP Limo Car Services in Chicago","publisher":{"@id":"https:\/\/limosinn.com\/fr\/#organization"},"alternateName":"Chicago Limo Airport Black Car Service (Last Minute Chicago VIP Limousines and Airport Black Car SUV Rides Chauffeured Service (Chicago Limos Inn))","potentialAction":[{"@type":"SearchAction","target":{"@type":"EntryPoint","urlTemplate":"https:\/\/limosinn.com\/fr\/?s={search_term_string}"},"query-input":{"@type":"PropertyValueSpecification","valueRequired":true,"valueName":"search_term_string"}}],"inLanguage":"fr-FR"},{"@type":"Organization","@id":"https:\/\/limosinn.com\/fr\/#organization","name":"Chicago Limos Inn\u2122: Chicago City Limousines and Airport Black Car Service","url":"https:\/\/limosinn.com\/fr\/","logo":{"@type":"ImageObject","inLanguage":"fr-FR","@id":"https:\/\/limosinn.com\/fr\/#\/schema\/logo\/image\/","url":"https:\/\/limosinn.com\/wp-content\/uploads\/2022\/11\/cropped-logo-limosinn-1.png","contentUrl":"https:\/\/limosinn.com\/wp-content\/uploads\/2022\/11\/cropped-logo-limosinn-1.png","width":512,"height":512,"caption":"Chicago Limos Inn\u2122: Chicago City Limousines and Airport Black Car Service"},"image":{"@id":"https:\/\/limosinn.com\/fr\/#\/schema\/logo\/image\/"},"sameAs":["https:\/\/facebook.com\/ChicagoLimosInn\/","https:\/\/x.com\/limosinn"]}]}},"_hostinger_reach_plugin_has_subscription_block":false,"_hostinger_reach_plugin_is_elementor":false,"_links":{"self":[{"href":"https:\/\/limosinn.com\/fr\/wp-json\/wp\/v2\/pages\/27645","targetHints":{"allow":["GET"]}}],"collection":[{"href":"https:\/\/limosinn.com\/fr\/wp-json\/wp\/v2\/pages"}],"about":[{"href":"https:\/\/limosinn.com\/fr\/wp-json\/wp\/v2\/types\/page"}],"author":[{"embeddable":true,"href":"https:\/\/limosinn.com\/fr\/wp-json\/wp\/v2\/users\/1"}],"replies":[{"embeddable":true,"href":"https:\/\/limosinn.com\/fr\/wp-json\/wp\/v2\/comments?post=27645"}],"version-history":[{"count":0,"href":"https:\/\/limosinn.com\/fr\/wp-json\/wp\/v2\/pages\/27645\/revisions"}],"wp:attachment":[{"href":"https:\/\/limosinn.com\/fr\/wp-json\/wp\/v2\/media?parent=27645"}],"curies":[{"name":"wp","href":"https:\/\/api.w.org\/{rel}","templated":true}]}}