{"id":27661,"date":"2025-07-01T11:46:24","date_gmt":"2025-07-01T11:46:24","guid":{"rendered":"https:\/\/limosinn.com\/forfaits-prom\/"},"modified":"2025-11-21T10:32:13","modified_gmt":"2025-11-21T10:32:13","slug":"forfaits-prom","status":"publish","type":"page","link":"https:\/\/limosinn.com\/fr\/forfaits-prom\/","title":{"rendered":"FORFAITS PROM"},"content":{"rendered":"<div class=\"wpb-content-wrapper\"><p>[vc_row content_placement=\u00a0\u00bbmiddle\u00a0\u00bb][vc_column width=\u00a0\u00bb1\/2&Prime;][vc_single_image image=\u00a0\u00bb26607&Prime; img_size=\u00a0\u00bbfull\u00a0\u00bb css=\u00a0\u00bb\u00a0\u00bb][\/vc_column][vc_column width=\u00a0\u00bb1\/2&Prime;][vc_custom_heading text=\u00a0\u00bbLIMOUSINE POUR LE BAL DE FIN D&rsquo;ANN\u00c9E\u00a0\u00bb font_container=\u00a0\u00bbtag:h1|text_align:center\u00a0\u00bb google_fonts=\u00a0\u00bbfont_family:Montserrat%3Aregular%2C700|font_style:700%20bold%20regular%3A700%3Anormal\u00a0\u00bb css=\u00a0\u00bb.vc_custom_1763721130735{margin-bottom: 0px !important;}\u00a0\u00bb][vc_column_text css=\u00a0\u00bb\u00a0\u00bb el_class=\u00a0\u00bbtheme-padding-top-30&Prime;]Offrez-vous, ainsi qu&rsquo;\u00e0 vos amis, le meilleur trajet en limousine pour le bal de fin d&rsquo;ann\u00e9e, gr\u00e2ce \u00e0 Chicago Limos Inn. Nous vous transportons dans les limousines uniques et luxueuses et les autocars limousines Sprinter dont vous avez besoin pour arriver en grande pompe \u00e0 votre bal de fin d&rsquo;ann\u00e9e. Nous vous proposons la meilleure flotte de limousines de bal de fin d&rsquo;ann\u00e9e \u00e0 un prix incroyable. Ne manquez pas de jeter un coup d&rsquo;\u0153il \u00e0 nos offres de bal de fin d&rsquo;ann\u00e9e.[\/vc_column_text][\/vc_column][vc_column][vc_column_text css=\u00a0\u00bb\u00a0\u00bb el_class=\u00a0\u00bbtheme-padding-top-30&Prime;]<\/p>\n<p style=\"text-align: center;\">Quelle que soit la taille de votre f\u00eate, nous vous couvrirons !<\/p>\n<p style=\"text-align: center;\">Gr\u00e2ce \u00e0 nos services de location de limousines pour le bal de fin d&rsquo;ann\u00e9e, vous n&rsquo;aurez pas \u00e0 vous soucier de la s\u00e9curit\u00e9 de votre enfant, car nous prenons le transport de bal de fin d&rsquo;ann\u00e9e tr\u00e8s au s\u00e9rieux.<\/p>\n<p>[\/vc_column_text][\/vc_column][\/vc_row][vc_row content_placement=\u00a0\u00bbmiddle\u00a0\u00bb el_class=\u00a0\u00bbtheme-margin-top-20 reverse-column-mobile\u00a0\u00bb][vc_column width=\u00a0\u00bb1\/2&Prime;][vc_custom_heading text=\u00a0\u00bbPacks pour les berlines Lincoln MKT\u00a0\u00bb font_container=\u00a0\u00bbtag:h3|text_align:center\u00a0\u00bb google_fonts=\u00a0\u00bbfont_family:Montserrat%3Aregular%2C700|font_style:700%20bold%20regular%3A700%3Anormal\u00a0\u00bb css=\u00a0\u00bb.vc_custom_1751370495518{margin-bottom: 0px !important;}\u00a0\u00bb][vc_column_text css=\u00a0\u00bb\u00a0\u00bb el_class=\u00a0\u00bbtheme-padding-top-30&Prime;]Notre forfait comprend de l&rsquo;eau gratuite et des arr\u00eats illimit\u00e9s. Notre forfait de base pour la limousine de bal commence par 4 heures. le temps peut \u00eatre divis\u00e9 en 2 heures avant la danse et 2 heures apr\u00e8s la danse. Pourquoi payer le prix fort quand vous pouvez diviser le temps, appelez-nous aujourd&rsquo;hui et nous vous garantissons que vous ferez d&rsquo;importantes \u00e9conomies. Notre forfait de base commence \u00e0 <strong> 525 $<\/strong>, taxes, frais et pourboire compris, pour <strong>4 heures compl\u00e8tes de service.<\/strong>[\/vc_column_text][vc_empty_space]\r\n            <div class=\"theme-component-button theme-component-button-style-4 aligncenter\">\r\n                <a href=\"\/quote\/\" target=\"_self\">\r\n                    R\u00c9SERVEZ VOTRE LIMO DE BAL\r\n                <\/a>\r\n            <\/div>\r\n        [\/vc_column][vc_column width=\u00a0\u00bb1\/2&Prime;][vc_single_image image=\u00a0\u00bb26617&Prime; img_size=\u00a0\u00bbfull\u00a0\u00bb alignment=\u00a0\u00bbright\u00a0\u00bb css=\u00a0\u00bb\u00a0\u00bb][\/vc_column][\/vc_row][vc_row content_placement=\u00a0\u00bbmiddle\u00a0\u00bb el_class=\u00a0\u00bbtheme-margin-top-20&Prime;][vc_column width=\u00a0\u00bb1\/2&Prime;][vc_single_image image=\u00a0\u00bb26627&Prime; img_size=\u00a0\u00bbfull\u00a0\u00bb alignment=\u00a0\u00bbright\u00a0\u00bb css=\u00a0\u00bb\u00a0\u00bb][\/vc_column][vc_column width=\u00a0\u00bb1\/2&Prime;][vc_custom_heading text=\u00a0\u00bbPackages pour les SUV\u00a0\u00bb font_container=\u00a0\u00bbtag:h3|text_align:center\u00a0\u00bb google_fonts=\u00a0\u00bbfont_family:Montserrat%3Aregular%2C700|font_style:700%20bold%20regular%3A700%3Anormal\u00a0\u00bb css=\u00a0\u00bb.vc_custom_1751370522158{margin-bottom: 0px !important;}\u00a0\u00bb][vc_column_text css=\u00a0\u00bb\u00a0\u00bb el_class=\u00a0\u00bbtheme-padding-top-30&Prime;]Notre forfait comprend de l&rsquo;eau gratuite et des arr\u00eats illimit\u00e9s. Notre forfait de base pour la limousine de bal commence par <strong>4 heures.<\/strong> le temps peut \u00eatre divis\u00e9 en <strong>2 heures<\/strong> avant la danse et <strong>2 heures<\/strong> apr\u00e8s la danse. Appelez-nous d\u00e8s aujourd&rsquo;hui et nous vous garantissons de grandes \u00e9conomies. Notre forfait de base commence \u00e0 <strong> 645 $<\/strong> tout compris pour <strong>4 heures compl\u00e8tes de service.<\/strong>[\/vc_column_text][vc_empty_space]\r\n            <div class=\"theme-component-button theme-component-button-style-4 aligncenter\">\r\n                <a href=\"\/quote\/\" target=\"_self\">\r\n                    R\u00c9SERVEZ VOTRE LIMO DE BAL\r\n                <\/a>\r\n            <\/div>\r\n        [\/vc_column][\/vc_row][vc_row content_placement=\u00a0\u00bbmiddle\u00a0\u00bb el_class=\u00a0\u00bbtheme-margin-top-20 reverse-column-mobile\u00a0\u00bb][vc_column width=\u00a0\u00bb1\/2&Prime;][vc_custom_heading text=\u00a0\u00bbForfaits pour une Lincoln Limousine 10 passagers\u00a0\u00bb font_container=\u00a0\u00bbtag:h3|text_align:center\u00a0\u00bb google_fonts=\u00a0\u00bbfont_family:Montserrat%3Aregular%2C700|font_style:700%20bold%20regular%3A700%3Anormal\u00a0\u00bb css=\u00a0\u00bb.vc_custom_1751370558949{margin-bottom: 0px !important;}\u00a0\u00bb][vc_column_text css=\u00a0\u00bb\u00a0\u00bb el_class=\u00a0\u00bbtheme-padding-top-30&Prime;]Notre forfait comprend de l&rsquo;eau et des boissons gazeuses avec de la glace, ainsi que des arr\u00eats illimit\u00e9s. Notre forfait de base pour la limousine de bal commence avec 4 heures et vous permet de faire de grandes \u00e9conomies. le temps peut \u00eatre divis\u00e9 en <strong>2 heures<\/strong> avant la danse et <strong>2 heures<\/strong> apr\u00e8s la danse. Pourquoi payer le prix fort quand vous pouvez diviser le temps, appelez-nous aujourd&rsquo;hui et nous vous garantissons que vous ferez d&rsquo;importantes \u00e9conomies. Notre formule de base commence \u00e0 <strong> 895 $<\/strong> pour un maximum de <strong>10 passagers<\/strong> pour <strong>4 heures de service.<\/strong><\/p>\n<p>[\/vc_column_text][vc_empty_space]\r\n            <div class=\"theme-component-button theme-component-button-style-4 aligncenter\">\r\n                <a href=\"\/quote\/\" target=\"_self\">\r\n                    R\u00c9SERVEZ VOTRE LIMO DE BAL\r\n                <\/a>\r\n            <\/div>\r\n        [\/vc_column][vc_column width=\u00a0\u00bb1\/2&Prime;][vc_single_image image=\u00a0\u00bb26637&Prime; img_size=\u00a0\u00bbfull\u00a0\u00bb alignment=\u00a0\u00bbright\u00a0\u00bb css=\u00a0\u00bb\u00a0\u00bb][\/vc_column][\/vc_row]<\/p>\n<\/div>","protected":false},"excerpt":{"rendered":"<p>[vc_row content_placement=\u00a0\u00bbmiddle\u00a0\u00bb][vc_column width=\u00a0\u00bb1\/2&Prime;][vc_single_image image=\u00a0\u00bb26607&Prime; img_size=\u00a0\u00bbfull\u00a0\u00bb css=\u00a0\u00bb\u00a0\u00bb][\/vc_column][vc_column width=\u00a0\u00bb1\/2&Prime;][vc_custom_heading text=\u00a0\u00bbLIMOUSINE POUR LE BAL DE FIN D&rsquo;ANN\u00c9E\u00a0\u00bb font_container=\u00a0\u00bbtag:h1|text_align:center\u00a0\u00bb google_fonts=\u00a0\u00bbfont_family:Montserrat%3Aregular%2C700|font_style:700%20bold%20regular%3A700%3Anormal\u00a0\u00bb css=\u00a0\u00bb.vc_custom_1763721130735{margin-bottom: 0px !important;}\u00a0\u00bb][vc_column_text css=\u00a0\u00bb\u00a0\u00bb el_class=\u00a0\u00bbtheme-padding-top-30&Prime;]Offrez-vous, ainsi qu&rsquo;\u00e0 vos amis, le meilleur trajet en limousine pour le bal de fin d&rsquo;ann\u00e9e, gr\u00e2ce \u00e0 Chicago Limos Inn. Nous vous transportons dans les limousines uniques et luxueuses et les autocars limousines Sprinter [&#8230;]<\/p>\n","protected":false},"author":1,"featured_media":0,"parent":0,"menu_order":0,"comment_status":"closed","ping_status":"closed","template":"","meta":{"footnotes":""},"class_list":["post-27661","page","type-page","status-publish","hentry"],"yoast_head":"<!-- This site is optimized with the Yoast SEO Premium plugin v27.4 (Yoast SEO v27.4) - https:\/\/yoast.com\/product\/yoast-seo-premium-wordpress\/ -->\n<title>Forfaits Bal de Promo \u00e0 Chicago \u2013 Limousines de Luxe<\/title>\n<meta name=\"description\" content=\"D\u00e9couvrez les forfaits bal de promo propos\u00e9s par Limos Inn \u00e0 Chicago. R\u00e9servez notre limousine de luxe \u00e0 Chicago pour vous rendre \u00e0 un bal de promo.\" \/>\n<meta name=\"robots\" content=\"index, follow, max-snippet:-1, max-image-preview:large, max-video-preview:-1\" \/>\n<link rel=\"canonical\" href=\"https:\/\/limosinn.com\/fr\/forfaits-prom\/\" \/>\n<meta property=\"og:locale\" content=\"fr_FR\" \/>\n<meta property=\"og:type\" content=\"article\" \/>\n<meta property=\"og:title\" content=\"FORFAITS PROM\" \/>\n<meta property=\"og:description\" content=\"D\u00e9couvrez les forfaits bal de promo propos\u00e9s par Limos Inn \u00e0 Chicago. R\u00e9servez notre limousine de luxe \u00e0 Chicago pour vous rendre \u00e0 un bal de promo.\" \/>\n<meta property=\"og:url\" content=\"https:\/\/limosinn.com\/fr\/forfaits-prom\/\" \/>\n<meta property=\"og:site_name\" content=\"Chicago Limos Inn\u2122\" \/>\n<meta property=\"article:publisher\" content=\"https:\/\/facebook.com\/ChicagoLimosInn\/\" \/>\n<meta property=\"article:modified_time\" content=\"2025-11-21T10:32:13+00:00\" \/>\n<meta property=\"og:image\" content=\"https:\/\/limosinn.com\/wp-content\/uploads\/2022\/11\/website-limosinn-com.webp\" \/>\n\t<meta property=\"og:image:width\" content=\"1200\" \/>\n\t<meta property=\"og:image:height\" content=\"675\" \/>\n\t<meta property=\"og:image:type\" content=\"image\/webp\" \/>\n<meta name=\"twitter:card\" content=\"summary_large_image\" \/>\n<meta name=\"twitter:site\" content=\"@limosinn\" \/>\n<meta name=\"twitter:label1\" content=\"Dur\u00e9e de lecture estim\u00e9e\" \/>\n\t<meta name=\"twitter:data1\" content=\"3 minutes\" \/>\n<script type=\"application\/ld+json\" class=\"yoast-schema-graph\">{\"@context\":\"https:\\\/\\\/schema.org\",\"@graph\":[{\"@type\":\"WebPage\",\"@id\":\"https:\\\/\\\/limosinn.com\\\/fr\\\/forfaits-prom\\\/\",\"url\":\"https:\\\/\\\/limosinn.com\\\/fr\\\/forfaits-prom\\\/\",\"name\":\"Forfaits Bal de Promo \u00e0 Chicago \u2013 Limousines de Luxe\",\"isPartOf\":{\"@id\":\"https:\\\/\\\/limosinn.com\\\/fr\\\/#website\"},\"datePublished\":\"2025-07-01T11:46:24+00:00\",\"dateModified\":\"2025-11-21T10:32:13+00:00\",\"description\":\"D\u00e9couvrez les forfaits bal de promo propos\u00e9s par Limos Inn \u00e0 Chicago. R\u00e9servez notre limousine de luxe \u00e0 Chicago pour vous rendre \u00e0 un bal de promo.\",\"breadcrumb\":{\"@id\":\"https:\\\/\\\/limosinn.com\\\/fr\\\/forfaits-prom\\\/#breadcrumb\"},\"inLanguage\":\"fr-FR\",\"potentialAction\":[{\"@type\":\"ReadAction\",\"target\":[\"https:\\\/\\\/limosinn.com\\\/fr\\\/forfaits-prom\\\/\"]}]},{\"@type\":\"BreadcrumbList\",\"@id\":\"https:\\\/\\\/limosinn.com\\\/fr\\\/forfaits-prom\\\/#breadcrumb\",\"itemListElement\":[{\"@type\":\"ListItem\",\"position\":1,\"name\":\"Home\",\"item\":\"https:\\\/\\\/limosinn.com\\\/fr\\\/\"},{\"@type\":\"ListItem\",\"position\":2,\"name\":\"FORFAITS PROM\"}]},{\"@type\":\"WebSite\",\"@id\":\"https:\\\/\\\/limosinn.com\\\/fr\\\/#website\",\"url\":\"https:\\\/\\\/limosinn.com\\\/fr\\\/\",\"name\":\"Chicago Limos Inn\u2122: Chicago City Limousines and Airport Black Car Service\",\"description\":\"Most Reliable Airport VIP Limo Car Services in Chicago\",\"publisher\":{\"@id\":\"https:\\\/\\\/limosinn.com\\\/fr\\\/#organization\"},\"alternateName\":\"Chicago Limo Airport Black Car Service (Last Minute Chicago VIP Limousines and Airport Black Car SUV Rides Chauffeured Service (Chicago Limos Inn))\",\"potentialAction\":[{\"@type\":\"SearchAction\",\"target\":{\"@type\":\"EntryPoint\",\"urlTemplate\":\"https:\\\/\\\/limosinn.com\\\/fr\\\/?s={search_term_string}\"},\"query-input\":{\"@type\":\"PropertyValueSpecification\",\"valueRequired\":true,\"valueName\":\"search_term_string\"}}],\"inLanguage\":\"fr-FR\"},{\"@type\":\"Organization\",\"@id\":\"https:\\\/\\\/limosinn.com\\\/fr\\\/#organization\",\"name\":\"Chicago Limos Inn\u2122: Chicago City Limousines and Airport Black Car Service\",\"url\":\"https:\\\/\\\/limosinn.com\\\/fr\\\/\",\"logo\":{\"@type\":\"ImageObject\",\"inLanguage\":\"fr-FR\",\"@id\":\"https:\\\/\\\/limosinn.com\\\/fr\\\/#\\\/schema\\\/logo\\\/image\\\/\",\"url\":\"https:\\\/\\\/limosinn.com\\\/wp-content\\\/uploads\\\/2022\\\/11\\\/cropped-logo-limosinn-1.png\",\"contentUrl\":\"https:\\\/\\\/limosinn.com\\\/wp-content\\\/uploads\\\/2022\\\/11\\\/cropped-logo-limosinn-1.png\",\"width\":512,\"height\":512,\"caption\":\"Chicago Limos Inn\u2122: Chicago City Limousines and Airport Black Car Service\"},\"image\":{\"@id\":\"https:\\\/\\\/limosinn.com\\\/fr\\\/#\\\/schema\\\/logo\\\/image\\\/\"},\"sameAs\":[\"https:\\\/\\\/facebook.com\\\/ChicagoLimosInn\\\/\",\"https:\\\/\\\/x.com\\\/limosinn\"]}]}<\/script>\n<!-- \/ Yoast SEO Premium plugin. -->","yoast_head_json":{"title":"Forfaits Bal de Promo \u00e0 Chicago \u2013 Limousines de Luxe","description":"D\u00e9couvrez les forfaits bal de promo propos\u00e9s par Limos Inn \u00e0 Chicago. R\u00e9servez notre limousine de luxe \u00e0 Chicago pour vous rendre \u00e0 un bal de promo.","robots":{"index":"index","follow":"follow","max-snippet":"max-snippet:-1","max-image-preview":"max-image-preview:large","max-video-preview":"max-video-preview:-1"},"canonical":"https:\/\/limosinn.com\/fr\/forfaits-prom\/","og_locale":"fr_FR","og_type":"article","og_title":"FORFAITS PROM","og_description":"D\u00e9couvrez les forfaits bal de promo propos\u00e9s par Limos Inn \u00e0 Chicago. R\u00e9servez notre limousine de luxe \u00e0 Chicago pour vous rendre \u00e0 un bal de promo.","og_url":"https:\/\/limosinn.com\/fr\/forfaits-prom\/","og_site_name":"Chicago Limos Inn\u2122","article_publisher":"https:\/\/facebook.com\/ChicagoLimosInn\/","article_modified_time":"2025-11-21T10:32:13+00:00","og_image":[{"width":1200,"height":675,"url":"https:\/\/limosinn.com\/wp-content\/uploads\/2022\/11\/website-limosinn-com.webp","type":"image\/webp"}],"twitter_card":"summary_large_image","twitter_site":"@limosinn","twitter_misc":{"Dur\u00e9e de lecture estim\u00e9e":"3 minutes"},"schema":{"@context":"https:\/\/schema.org","@graph":[{"@type":"WebPage","@id":"https:\/\/limosinn.com\/fr\/forfaits-prom\/","url":"https:\/\/limosinn.com\/fr\/forfaits-prom\/","name":"Forfaits Bal de Promo \u00e0 Chicago \u2013 Limousines de Luxe","isPartOf":{"@id":"https:\/\/limosinn.com\/fr\/#website"},"datePublished":"2025-07-01T11:46:24+00:00","dateModified":"2025-11-21T10:32:13+00:00","description":"D\u00e9couvrez les forfaits bal de promo propos\u00e9s par Limos Inn \u00e0 Chicago. R\u00e9servez notre limousine de luxe \u00e0 Chicago pour vous rendre \u00e0 un bal de promo.","breadcrumb":{"@id":"https:\/\/limosinn.com\/fr\/forfaits-prom\/#breadcrumb"},"inLanguage":"fr-FR","potentialAction":[{"@type":"ReadAction","target":["https:\/\/limosinn.com\/fr\/forfaits-prom\/"]}]},{"@type":"BreadcrumbList","@id":"https:\/\/limosinn.com\/fr\/forfaits-prom\/#breadcrumb","itemListElement":[{"@type":"ListItem","position":1,"name":"Home","item":"https:\/\/limosinn.com\/fr\/"},{"@type":"ListItem","position":2,"name":"FORFAITS PROM"}]},{"@type":"WebSite","@id":"https:\/\/limosinn.com\/fr\/#website","url":"https:\/\/limosinn.com\/fr\/","name":"Chicago Limos Inn\u2122: Chicago City Limousines and Airport Black Car Service","description":"Most Reliable Airport VIP Limo Car Services in Chicago","publisher":{"@id":"https:\/\/limosinn.com\/fr\/#organization"},"alternateName":"Chicago Limo Airport Black Car Service (Last Minute Chicago VIP Limousines and Airport Black Car SUV Rides Chauffeured Service (Chicago Limos Inn))","potentialAction":[{"@type":"SearchAction","target":{"@type":"EntryPoint","urlTemplate":"https:\/\/limosinn.com\/fr\/?s={search_term_string}"},"query-input":{"@type":"PropertyValueSpecification","valueRequired":true,"valueName":"search_term_string"}}],"inLanguage":"fr-FR"},{"@type":"Organization","@id":"https:\/\/limosinn.com\/fr\/#organization","name":"Chicago Limos Inn\u2122: Chicago City Limousines and Airport Black Car Service","url":"https:\/\/limosinn.com\/fr\/","logo":{"@type":"ImageObject","inLanguage":"fr-FR","@id":"https:\/\/limosinn.com\/fr\/#\/schema\/logo\/image\/","url":"https:\/\/limosinn.com\/wp-content\/uploads\/2022\/11\/cropped-logo-limosinn-1.png","contentUrl":"https:\/\/limosinn.com\/wp-content\/uploads\/2022\/11\/cropped-logo-limosinn-1.png","width":512,"height":512,"caption":"Chicago Limos Inn\u2122: Chicago City Limousines and Airport Black Car Service"},"image":{"@id":"https:\/\/limosinn.com\/fr\/#\/schema\/logo\/image\/"},"sameAs":["https:\/\/facebook.com\/ChicagoLimosInn\/","https:\/\/x.com\/limosinn"]}]}},"_hostinger_reach_plugin_has_subscription_block":false,"_hostinger_reach_plugin_is_elementor":false,"_links":{"self":[{"href":"https:\/\/limosinn.com\/fr\/wp-json\/wp\/v2\/pages\/27661","targetHints":{"allow":["GET"]}}],"collection":[{"href":"https:\/\/limosinn.com\/fr\/wp-json\/wp\/v2\/pages"}],"about":[{"href":"https:\/\/limosinn.com\/fr\/wp-json\/wp\/v2\/types\/page"}],"author":[{"embeddable":true,"href":"https:\/\/limosinn.com\/fr\/wp-json\/wp\/v2\/users\/1"}],"replies":[{"embeddable":true,"href":"https:\/\/limosinn.com\/fr\/wp-json\/wp\/v2\/comments?post=27661"}],"version-history":[{"count":0,"href":"https:\/\/limosinn.com\/fr\/wp-json\/wp\/v2\/pages\/27661\/revisions"}],"wp:attachment":[{"href":"https:\/\/limosinn.com\/fr\/wp-json\/wp\/v2\/media?parent=27661"}],"curies":[{"name":"wp","href":"https:\/\/api.w.org\/{rel}","templated":true}]}}