{"id":27676,"date":"2025-07-01T11:41:25","date_gmt":"2025-07-01T11:41:25","guid":{"rendered":"https:\/\/limosinn.com\/forfaits-de-mariage\/"},"modified":"2025-11-21T10:30:39","modified_gmt":"2025-11-21T10:30:39","slug":"forfaits-de-mariage","status":"publish","type":"page","link":"https:\/\/limosinn.com\/fr\/forfaits-de-mariage\/","title":{"rendered":"FORFAITS DE MARIAGE"},"content":{"rendered":"<div class=\"wpb-content-wrapper\"><p>[vc_row][vc_column width=\u00a0\u00bb1\/2&Prime;][vc_single_image image=\u00a0\u00bb26547&Prime; img_size=\u00a0\u00bbfull\u00a0\u00bb css=\u00a0\u00bb\u00a0\u00bb][\/vc_column][vc_column width=\u00a0\u00bb1\/2&Prime;][vc_custom_heading text=\u00a0\u00bbLimousine de mariage Chicago\u00a0\u00bb font_container=\u00a0\u00bbtag:h1|text_align:center\u00a0\u00bb google_fonts=\u00a0\u00bbfont_family:Montserrat%3Aregular%2C700|font_style:700%20bold%20regular%3A700%3Anormal\u00a0\u00bb css=\u00a0\u00bb.vc_custom_1763721036952{margin-bottom: 0px !important;}\u00a0\u00bb][vc_column_text css=\u00a0\u00bb\u00a0\u00bb el_class=\u00a0\u00bbtheme-padding-top-30&Prime;]Tous les couples doivent savoir comment organiser le transport pour leur mariage. Le timing est la chose la plus importante lorsqu&rsquo;il s&rsquo;agit de planifier votre mariage et c&rsquo;est pour cette raison. Notre objectif est de trouver la limousine de mariage ou le bus de f\u00eate parfait pour votre mariage et nous vous aidons \u00e0 planifier votre transport. Nous nous occupons de la limousine de mariage de derni\u00e8re minute \u00e0 Chicago.<\/p>\n<p>Nous disposons de la meilleure flotte de limousines de mariage et de bus de f\u00eate pour votre mariage. Notre flotte comprend des limousines de luxe, des v\u00e9hicules de fonction, des limousines allong\u00e9es, des limousines SUV, des autobus et des autocars.[\/vc_column_text][\/vc_column][\/vc_row][vc_row content_placement=\u00a0\u00bbmiddle\u00a0\u00bb el_class=\u00a0\u00bbtheme-margin-top-20 reverse-column-mobile\u00a0\u00bb][vc_column width=\u00a0\u00bb1\/2&Prime;][vc_custom_heading text=\u00a0\u00bbLimousine Lincoln pour 10 passagers\u00a0\u00bb font_container=\u00a0\u00bbtag:h3|text_align:center\u00a0\u00bb google_fonts=\u00a0\u00bbfont_family:Montserrat%3Aregular%2C700|font_style:700%20bold%20regular%3A700%3Anormal\u00a0\u00bb css=\u00a0\u00bb.vc_custom_1751370143343{margin-bottom: 0px !important;}\u00a0\u00bb][vc_column_text css=\u00a0\u00bb\u00a0\u00bb el_class=\u00a0\u00bbtheme-padding-top-30&Prime;]Notre forfait comprend de l&rsquo;eau et des boissons gazeuses avec de la glace, une bouteille de champagne ou de bi\u00e8re (pour les plus de 21 ans) et des arr\u00eats illimit\u00e9s. Nous fournissons \u00e9galement un signe de mariage sur demande, ainsi qu&rsquo;un tapis rouge et une d\u00e9coration de limousine. Nos forfaits commencent \u00e0 partir de <strong>3 heures<\/strong> minimum \u00e0 <strong> 342 $<\/strong>. D&rsquo;autres prestations suppl\u00e9mentaires peuvent \u00eatre organis\u00e9es moyennant un suppl\u00e9ment.[\/vc_column_text][vc_empty_space]\r\n            <div class=\"theme-component-button theme-component-button-style-4 aligncenter\">\r\n                <a href=\"\/wedding-contact\/\" target=\"_self\">\r\n                    CONTACTEZ-NOUS\r\n                <\/a>\r\n            <\/div>\r\n        [\/vc_column][vc_column width=\u00a0\u00bb1\/2&Prime;][vc_single_image image=\u00a0\u00bb26567&Prime; img_size=\u00a0\u00bbfull\u00a0\u00bb alignment=\u00a0\u00bbright\u00a0\u00bb css=\u00a0\u00bb\u00a0\u00bb][\/vc_column][\/vc_row][vc_row content_placement=\u00a0\u00bbmiddle\u00a0\u00bb el_class=\u00a0\u00bbtheme-margin-top-20&Prime;][vc_column width=\u00a0\u00bb1\/2&Prime;][vc_single_image image=\u00a0\u00bb26577&Prime; img_size=\u00a0\u00bbfull\u00a0\u00bb alignment=\u00a0\u00bbright\u00a0\u00bb css=\u00a0\u00bb\u00a0\u00bb][\/vc_column][vc_column width=\u00a0\u00bb1\/2&Prime;][vc_custom_heading text=\u00a0\u00bbLimousine SUV allong\u00e9e pour 14 \u00e0 18 passagers\u00a0\u00bb font_container=\u00a0\u00bbtag:h3|text_align:center\u00a0\u00bb google_fonts=\u00a0\u00bbfont_family:Montserrat%3Aregular%2C700|font_style:700%20bold%20regular%3A700%3Anormal\u00a0\u00bb css=\u00a0\u00bb.vc_custom_1751370258180{margin-bottom: 0px !important;}\u00a0\u00bb][vc_column_text css=\u00a0\u00bb\u00a0\u00bb el_class=\u00a0\u00bbtheme-padding-top-30&Prime;]Nous facilitons la r\u00e9servation de votre Limousine ou Party Bus en proposant des devis en ligne, des r\u00e9servations en ligne et des r\u00e9servations par t\u00e9l\u00e9phone. Eau et soda gratuits avec glace, bouteille de champagne ou\/et de bi\u00e8re gratuite (vous devez avoir plus de 21 ans), et arr\u00eats illimit\u00e9s. Les limousines sont disponibles en noir, blanc ou blanc perle. Vous pouvez demander la marque et le mod\u00e8le en fonction de la disponibilit\u00e9 et de la capacit\u00e9 des passagers. Vous pouvez choisir parmi les mod\u00e8les suivants : Ford Expedition allong\u00e9e, Cadillac Escalade allong\u00e9e et Lincoln Navigator allong\u00e9e.<br \/>\nLe forfait de base est propos\u00e9 \u00e0 partir de <strong> 175 $\/heure<\/strong>.[\/vc_column_text][vc_empty_space]\r\n            <div class=\"theme-component-button theme-component-button-style-4 aligncenter\">\r\n                <a href=\"\/wedding-contact\/\" target=\"_self\">\r\n                    CONTACTEZ-NOUS\r\n                <\/a>\r\n            <\/div>\r\n        [\/vc_column][\/vc_row][vc_row content_placement=\u00a0\u00bbmiddle\u00a0\u00bb el_class=\u00a0\u00bbtheme-margin-top-20 reverse-column-mobile\u00a0\u00bb][vc_column width=\u00a0\u00bb1\/2&Prime;][vc_custom_heading text=\u00a0\u00bbForfaits pour un bus limousine de 18 \u00e0 30 passagers :\u00a0\u00bb font_container=\u00a0\u00bbtag:h3|text_align:center\u00a0\u00bb google_fonts=\u00a0\u00bbfont_family:Montserrat%3Aregular%2C700|font_style:700%20bold%20regular%3A700%3Anormal\u00a0\u00bb css=\u00a0\u00bb.vc_custom_1751370284990{margin-bottom: 0px !important;}\u00a0\u00bb][vc_column_text css=\u00a0\u00bb\u00a0\u00bb el_class=\u00a0\u00bbtheme-padding-top-30&Prime;]Nos limousines sont disponibles en noir ou en blanc. Notre forfait comprend de l&rsquo;eau et du soda avec de la glace, une bouteille de champagne ou de bi\u00e8re (pour les plus de 21 ans), et un nombre illimit\u00e9 d&rsquo;arr\u00eats. Nous fournissons \u00e9galement le signe du mariage sur demande, le tapis rouge et la d\u00e9coration. Les tarifs varient en fonction de la capacit\u00e9 des passagers.<\/p>\n<p>Notre tarif de base est de <strong> 195 dollars de l&rsquo;heure.<\/strong>[\/vc_column_text][vc_empty_space]\r\n            <div class=\"theme-component-button theme-component-button-style-4 aligncenter\">\r\n                <a href=\"\/wedding-contact\/\" target=\"_self\">\r\n                    CONTACTEZ-NOUS\r\n                <\/a>\r\n            <\/div>\r\n        [\/vc_column][vc_column width=\u00a0\u00bb1\/2&Prime;][vc_single_image image=\u00a0\u00bb26587&Prime; img_size=\u00a0\u00bbfull\u00a0\u00bb alignment=\u00a0\u00bbright\u00a0\u00bb css=\u00a0\u00bb\u00a0\u00bb][\/vc_column][\/vc_row][vc_row content_placement=\u00a0\u00bbmiddle\u00a0\u00bb el_class=\u00a0\u00bbtheme-margin-top-20&Prime;][vc_column width=\u00a0\u00bb1\/2&Prime;][vc_single_image image=\u00a0\u00bb26597&Prime; img_size=\u00a0\u00bbfull\u00a0\u00bb alignment=\u00a0\u00bbright\u00a0\u00bb css=\u00a0\u00bb\u00a0\u00bb][\/vc_column][vc_column width=\u00a0\u00bb1\/2&Prime;][vc_custom_heading text=\u00a0\u00bbHummer allong\u00e9 18 \u00e0 24 passagers :\u00a0\u00bb font_container=\u00a0\u00bbtag:h3|text_align:center\u00a0\u00bb google_fonts=\u00a0\u00bbfont_family:Montserrat%3Aregular%2C700|font_style:700%20bold%20regular%3A700%3Anormal\u00a0\u00bb css=\u00a0\u00bb.vc_custom_1751370315447{margin-bottom: 0px !important;}\u00a0\u00bb][vc_column_text css=\u00a0\u00bb\u00a0\u00bb el_class=\u00a0\u00bbtheme-padding-top-30&Prime;]Nos Hummers sont disponibles en noir ou en blanc. Notre forfait comprend de l&rsquo;eau et du soda avec de la glace, une bouteille de champagne ou\/et de bi\u00e8re (vous devez avoir plus de 21 ans), et un nombre illimit\u00e9 d&rsquo;arr\u00eats. Nous fournissons \u00e9galement un signe de mariage sur demande, un tapis rouge et la d\u00e9coration de la limousine. Appelez d\u00e8s aujourd&rsquo;hui pour parler \u00e0 nos sp\u00e9cialistes de la r\u00e9servation et arrivez avec style \u00e0 votre grand jour.<\/p>\n<p>Nos tarifs de base commencent \u00e0 <strong> 195 $\/heure<\/strong>.[\/vc_column_text][vc_empty_space]\r\n            <div class=\"theme-component-button theme-component-button-style-4 aligncenter\">\r\n                <a href=\"\/wedding-contact\/\" target=\"_self\">\r\n                    CONTACTEZ-NOUS\r\n                <\/a>\r\n            <\/div>\r\n        [\/vc_column][\/vc_row]<\/p>\n<\/div>","protected":false},"excerpt":{"rendered":"<p>[vc_row][vc_column width=\u00a0\u00bb1\/2&Prime;][vc_single_image image=\u00a0\u00bb26547&Prime; img_size=\u00a0\u00bbfull\u00a0\u00bb css=\u00a0\u00bb\u00a0\u00bb][\/vc_column][vc_column width=\u00a0\u00bb1\/2&Prime;][vc_custom_heading text=\u00a0\u00bbLimousine de mariage Chicago\u00a0\u00bb font_container=\u00a0\u00bbtag:h1|text_align:center\u00a0\u00bb google_fonts=\u00a0\u00bbfont_family:Montserrat%3Aregular%2C700|font_style:700%20bold%20regular%3A700%3Anormal\u00a0\u00bb css=\u00a0\u00bb.vc_custom_1763721036952{margin-bottom: 0px !important;}\u00a0\u00bb][vc_column_text css=\u00a0\u00bb\u00a0\u00bb el_class=\u00a0\u00bbtheme-padding-top-30&Prime;]Tous les couples doivent savoir comment organiser le transport pour leur mariage. Le timing est la chose la plus importante lorsqu&rsquo;il s&rsquo;agit de planifier votre mariage et c&rsquo;est pour cette raison. Notre objectif est de trouver la limousine de [&#8230;]<\/p>\n","protected":false},"author":1,"featured_media":0,"parent":0,"menu_order":0,"comment_status":"closed","ping_status":"closed","template":"","meta":{"footnotes":""},"class_list":["post-27676","page","type-page","status-publish","hentry"],"yoast_head":"<!-- This site is optimized with the Yoast SEO Premium plugin v27.4 (Yoast SEO v27.4) - https:\/\/yoast.com\/product\/yoast-seo-premium-wordpress\/ -->\n<title>Forfaits mariage Chicago \u2013 Limousines de luxe Limos Inn<\/title>\n<meta name=\"description\" content=\"Forfaits de mariage \u00e0 Chicago : limousines \u00e9l\u00e9gantes, chauffeur professionnel, d\u00e9corations et rafra\u00eechissements inclus. R\u00e9servez votre moment inoubliable !\" \/>\n<meta name=\"robots\" content=\"index, follow, max-snippet:-1, max-image-preview:large, max-video-preview:-1\" \/>\n<link rel=\"canonical\" href=\"https:\/\/limosinn.com\/fr\/forfaits-de-mariage\/\" \/>\n<meta property=\"og:locale\" content=\"fr_FR\" \/>\n<meta property=\"og:type\" content=\"article\" \/>\n<meta property=\"og:title\" content=\"FORFAITS DE MARIAGE\" \/>\n<meta property=\"og:description\" content=\"Forfaits de mariage \u00e0 Chicago : limousines \u00e9l\u00e9gantes, chauffeur professionnel, d\u00e9corations et rafra\u00eechissements inclus. R\u00e9servez votre moment inoubliable !\" \/>\n<meta property=\"og:url\" content=\"https:\/\/limosinn.com\/fr\/forfaits-de-mariage\/\" \/>\n<meta property=\"og:site_name\" content=\"Chicago Limos Inn\u2122\" \/>\n<meta property=\"article:publisher\" content=\"https:\/\/facebook.com\/ChicagoLimosInn\/\" \/>\n<meta property=\"article:modified_time\" content=\"2025-11-21T10:30:39+00:00\" \/>\n<meta property=\"og:image\" content=\"https:\/\/limosinn.com\/wp-content\/uploads\/2022\/11\/website-limosinn-com.webp\" \/>\n\t<meta property=\"og:image:width\" content=\"1200\" \/>\n\t<meta property=\"og:image:height\" content=\"675\" \/>\n\t<meta property=\"og:image:type\" content=\"image\/webp\" \/>\n<meta name=\"twitter:card\" content=\"summary_large_image\" \/>\n<meta name=\"twitter:site\" content=\"@limosinn\" \/>\n<meta name=\"twitter:label1\" content=\"Dur\u00e9e de lecture estim\u00e9e\" \/>\n\t<meta name=\"twitter:data1\" content=\"4 minutes\" \/>\n<script type=\"application\/ld+json\" class=\"yoast-schema-graph\">{\"@context\":\"https:\\\/\\\/schema.org\",\"@graph\":[{\"@type\":\"WebPage\",\"@id\":\"https:\\\/\\\/limosinn.com\\\/fr\\\/forfaits-de-mariage\\\/\",\"url\":\"https:\\\/\\\/limosinn.com\\\/fr\\\/forfaits-de-mariage\\\/\",\"name\":\"Forfaits mariage Chicago \u2013 Limousines de luxe Limos Inn\",\"isPartOf\":{\"@id\":\"https:\\\/\\\/limosinn.com\\\/fr\\\/#website\"},\"datePublished\":\"2025-07-01T11:41:25+00:00\",\"dateModified\":\"2025-11-21T10:30:39+00:00\",\"description\":\"Forfaits de mariage \u00e0 Chicago : limousines \u00e9l\u00e9gantes, chauffeur professionnel, d\u00e9corations et rafra\u00eechissements inclus. R\u00e9servez votre moment inoubliable !\",\"breadcrumb\":{\"@id\":\"https:\\\/\\\/limosinn.com\\\/fr\\\/forfaits-de-mariage\\\/#breadcrumb\"},\"inLanguage\":\"fr-FR\",\"potentialAction\":[{\"@type\":\"ReadAction\",\"target\":[\"https:\\\/\\\/limosinn.com\\\/fr\\\/forfaits-de-mariage\\\/\"]}]},{\"@type\":\"BreadcrumbList\",\"@id\":\"https:\\\/\\\/limosinn.com\\\/fr\\\/forfaits-de-mariage\\\/#breadcrumb\",\"itemListElement\":[{\"@type\":\"ListItem\",\"position\":1,\"name\":\"Home\",\"item\":\"https:\\\/\\\/limosinn.com\\\/fr\\\/\"},{\"@type\":\"ListItem\",\"position\":2,\"name\":\"FORFAITS DE MARIAGE\"}]},{\"@type\":\"WebSite\",\"@id\":\"https:\\\/\\\/limosinn.com\\\/fr\\\/#website\",\"url\":\"https:\\\/\\\/limosinn.com\\\/fr\\\/\",\"name\":\"Chicago Limos Inn\u2122: Chicago City Limousines and Airport Black Car Service\",\"description\":\"Most Reliable Airport VIP Limo Car Services in Chicago\",\"publisher\":{\"@id\":\"https:\\\/\\\/limosinn.com\\\/fr\\\/#organization\"},\"alternateName\":\"Chicago Limo Airport Black Car Service (Last Minute Chicago VIP Limousines and Airport Black Car SUV Rides Chauffeured Service (Chicago Limos Inn))\",\"potentialAction\":[{\"@type\":\"SearchAction\",\"target\":{\"@type\":\"EntryPoint\",\"urlTemplate\":\"https:\\\/\\\/limosinn.com\\\/fr\\\/?s={search_term_string}\"},\"query-input\":{\"@type\":\"PropertyValueSpecification\",\"valueRequired\":true,\"valueName\":\"search_term_string\"}}],\"inLanguage\":\"fr-FR\"},{\"@type\":\"Organization\",\"@id\":\"https:\\\/\\\/limosinn.com\\\/fr\\\/#organization\",\"name\":\"Chicago Limos Inn\u2122: Chicago City Limousines and Airport Black Car Service\",\"url\":\"https:\\\/\\\/limosinn.com\\\/fr\\\/\",\"logo\":{\"@type\":\"ImageObject\",\"inLanguage\":\"fr-FR\",\"@id\":\"https:\\\/\\\/limosinn.com\\\/fr\\\/#\\\/schema\\\/logo\\\/image\\\/\",\"url\":\"https:\\\/\\\/limosinn.com\\\/wp-content\\\/uploads\\\/2022\\\/11\\\/cropped-logo-limosinn-1.png\",\"contentUrl\":\"https:\\\/\\\/limosinn.com\\\/wp-content\\\/uploads\\\/2022\\\/11\\\/cropped-logo-limosinn-1.png\",\"width\":512,\"height\":512,\"caption\":\"Chicago Limos Inn\u2122: Chicago City Limousines and Airport Black Car Service\"},\"image\":{\"@id\":\"https:\\\/\\\/limosinn.com\\\/fr\\\/#\\\/schema\\\/logo\\\/image\\\/\"},\"sameAs\":[\"https:\\\/\\\/facebook.com\\\/ChicagoLimosInn\\\/\",\"https:\\\/\\\/x.com\\\/limosinn\"]}]}<\/script>\n<!-- \/ Yoast SEO Premium plugin. -->","yoast_head_json":{"title":"Forfaits mariage Chicago \u2013 Limousines de luxe Limos Inn","description":"Forfaits de mariage \u00e0 Chicago : limousines \u00e9l\u00e9gantes, chauffeur professionnel, d\u00e9corations et rafra\u00eechissements inclus. R\u00e9servez votre moment inoubliable !","robots":{"index":"index","follow":"follow","max-snippet":"max-snippet:-1","max-image-preview":"max-image-preview:large","max-video-preview":"max-video-preview:-1"},"canonical":"https:\/\/limosinn.com\/fr\/forfaits-de-mariage\/","og_locale":"fr_FR","og_type":"article","og_title":"FORFAITS DE MARIAGE","og_description":"Forfaits de mariage \u00e0 Chicago : limousines \u00e9l\u00e9gantes, chauffeur professionnel, d\u00e9corations et rafra\u00eechissements inclus. R\u00e9servez votre moment inoubliable !","og_url":"https:\/\/limosinn.com\/fr\/forfaits-de-mariage\/","og_site_name":"Chicago Limos Inn\u2122","article_publisher":"https:\/\/facebook.com\/ChicagoLimosInn\/","article_modified_time":"2025-11-21T10:30:39+00:00","og_image":[{"width":1200,"height":675,"url":"https:\/\/limosinn.com\/wp-content\/uploads\/2022\/11\/website-limosinn-com.webp","type":"image\/webp"}],"twitter_card":"summary_large_image","twitter_site":"@limosinn","twitter_misc":{"Dur\u00e9e de lecture estim\u00e9e":"4 minutes"},"schema":{"@context":"https:\/\/schema.org","@graph":[{"@type":"WebPage","@id":"https:\/\/limosinn.com\/fr\/forfaits-de-mariage\/","url":"https:\/\/limosinn.com\/fr\/forfaits-de-mariage\/","name":"Forfaits mariage Chicago \u2013 Limousines de luxe Limos Inn","isPartOf":{"@id":"https:\/\/limosinn.com\/fr\/#website"},"datePublished":"2025-07-01T11:41:25+00:00","dateModified":"2025-11-21T10:30:39+00:00","description":"Forfaits de mariage \u00e0 Chicago : limousines \u00e9l\u00e9gantes, chauffeur professionnel, d\u00e9corations et rafra\u00eechissements inclus. R\u00e9servez votre moment inoubliable !","breadcrumb":{"@id":"https:\/\/limosinn.com\/fr\/forfaits-de-mariage\/#breadcrumb"},"inLanguage":"fr-FR","potentialAction":[{"@type":"ReadAction","target":["https:\/\/limosinn.com\/fr\/forfaits-de-mariage\/"]}]},{"@type":"BreadcrumbList","@id":"https:\/\/limosinn.com\/fr\/forfaits-de-mariage\/#breadcrumb","itemListElement":[{"@type":"ListItem","position":1,"name":"Home","item":"https:\/\/limosinn.com\/fr\/"},{"@type":"ListItem","position":2,"name":"FORFAITS DE MARIAGE"}]},{"@type":"WebSite","@id":"https:\/\/limosinn.com\/fr\/#website","url":"https:\/\/limosinn.com\/fr\/","name":"Chicago Limos Inn\u2122: Chicago City Limousines and Airport Black Car Service","description":"Most Reliable Airport VIP Limo Car Services in Chicago","publisher":{"@id":"https:\/\/limosinn.com\/fr\/#organization"},"alternateName":"Chicago Limo Airport Black Car Service (Last Minute Chicago VIP Limousines and Airport Black Car SUV Rides Chauffeured Service (Chicago Limos Inn))","potentialAction":[{"@type":"SearchAction","target":{"@type":"EntryPoint","urlTemplate":"https:\/\/limosinn.com\/fr\/?s={search_term_string}"},"query-input":{"@type":"PropertyValueSpecification","valueRequired":true,"valueName":"search_term_string"}}],"inLanguage":"fr-FR"},{"@type":"Organization","@id":"https:\/\/limosinn.com\/fr\/#organization","name":"Chicago Limos Inn\u2122: Chicago City Limousines and Airport Black Car Service","url":"https:\/\/limosinn.com\/fr\/","logo":{"@type":"ImageObject","inLanguage":"fr-FR","@id":"https:\/\/limosinn.com\/fr\/#\/schema\/logo\/image\/","url":"https:\/\/limosinn.com\/wp-content\/uploads\/2022\/11\/cropped-logo-limosinn-1.png","contentUrl":"https:\/\/limosinn.com\/wp-content\/uploads\/2022\/11\/cropped-logo-limosinn-1.png","width":512,"height":512,"caption":"Chicago Limos Inn\u2122: Chicago City Limousines and Airport Black Car Service"},"image":{"@id":"https:\/\/limosinn.com\/fr\/#\/schema\/logo\/image\/"},"sameAs":["https:\/\/facebook.com\/ChicagoLimosInn\/","https:\/\/x.com\/limosinn"]}]}},"_hostinger_reach_plugin_has_subscription_block":false,"_hostinger_reach_plugin_is_elementor":false,"_links":{"self":[{"href":"https:\/\/limosinn.com\/fr\/wp-json\/wp\/v2\/pages\/27676","targetHints":{"allow":["GET"]}}],"collection":[{"href":"https:\/\/limosinn.com\/fr\/wp-json\/wp\/v2\/pages"}],"about":[{"href":"https:\/\/limosinn.com\/fr\/wp-json\/wp\/v2\/types\/page"}],"author":[{"embeddable":true,"href":"https:\/\/limosinn.com\/fr\/wp-json\/wp\/v2\/users\/1"}],"replies":[{"embeddable":true,"href":"https:\/\/limosinn.com\/fr\/wp-json\/wp\/v2\/comments?post=27676"}],"version-history":[{"count":0,"href":"https:\/\/limosinn.com\/fr\/wp-json\/wp\/v2\/pages\/27676\/revisions"}],"wp:attachment":[{"href":"https:\/\/limosinn.com\/fr\/wp-json\/wp\/v2\/media?parent=27676"}],"curies":[{"name":"wp","href":"https:\/\/api.w.org\/{rel}","templated":true}]}}