{"id":27724,"date":"2025-07-01T10:04:24","date_gmt":"2025-07-01T10:04:24","guid":{"rendered":"https:\/\/limosinn.com\/limousine-point-a-point\/"},"modified":"2025-11-21T10:34:54","modified_gmt":"2025-11-21T10:34:54","slug":"limousine-point-a-point","status":"publish","type":"page","link":"https:\/\/limosinn.com\/fr\/limousine-point-a-point\/","title":{"rendered":"LIMOUSINE POINT \u00c0 POINT"},"content":{"rendered":"<div class=\"wpb-content-wrapper\"><p>[vc_row][vc_column][vc_raw_html css=\u00a0\u00bb\u00a0\u00bb]JTNDZGl2JTIwY2xhc3MlM0QlMjJ3cGJfd3JhcHBlciUyMiUzRSUwQSUyMCUyMCUyMCUyMCUzQ2RpdiUyMGNsYXNzJTNEJTIyaW5mby1ibG9jayUyMiUyMHN0eWxlJTNEJTIyYmFja2dyb3VuZC1jb2xvciUzQSUyMCUyM0ZEQzMyQSUzQiUyMGJvcmRlciUzQSUyMDJweCUyMHNvbGlkJTIwJTIzMkUzMTkyJTNCJTIwYm9yZGVyLXJhZGl1cyUzQSUyMDEwcHglM0IlMjBwYWRkaW5nJTNBJTIwMTVweCUzQiUyMHRleHQtYWxpZ24lM0ElMjBjZW50ZXIlM0IlMjBmb250LWZhbWlseSUzQSUyMEFyaWFsJTJDJTIwc2Fucy1zZXJpZiUzQiUyMGZvbnQtc2l6ZSUzQSUyMDI4cHglM0IlMjBmb250LXdlaWdodCUzQSUyMGJvbGQlM0IlMjBjb2xvciUzQSUyMCUyMzJFMzE5MiUzQiUyMGJveC1zaGFkb3clM0ElMjAwJTIwNHB4JTIwOHB4JTIwcmdiYSUyODAlMkMlMjAwJTJDJTIwMCUyQyUyMDAuMiUyOSUzQiUyMiUzRSUwQSUyMCUyME5vdXMlMjBzb21tZXMlMjBvdXZlcnRzJTIwMjQlMjBoZXVyZXMlMjBzdXIlMjAyNCUyQyUyMG5vdXMlMjBhbGxvbnMlMjBwYXJ0b3V0JTIwZXQlMjBub3VzJTIwYWNjZXB0b25zJTIwbGVzJTIwc2VydmljZXMlMjBkZSUyMGxpbW91c2luZSUyMGRlJTIwZGVybmklQzMlQThyZSUyMG1pbnV0ZSUyMCVDMyVBMCUyMENoaWNhZ28lMkMlMjBWZXVpbGxleiUyMGFwcGVsZXIlMjBsZSUyMCUzQ2ElMjBocmVmJTNEJTIydGVsJTNBMS0zMTItMjY1LTYzMjIlMjIlMjBzdHlsZSUzRCUyMmNvbG9yJTNBJTIwJTIzMkUzMTkyJTNCJTIwdGV4dC1kZWNvcmF0aW9uJTNBJTIwbm9uZSUzQiUyMGZvbnQtd2VpZ2h0JTNBJTIwYm9sZCUzQiUyMGZvbnQtc2l6ZSUzQSUyMDI0cHglM0IlMjIlM0UxLTMxMi0yNjUtNjMyMiUzQyUyRmElM0UuJTBBJTIwJTIwJTIwJTIwJTNDJTJGZGl2JTNFJTBBJTNDJTJGZGl2JTNFJTBB[\/vc_raw_html][\/vc_column][\/vc_row][vc_row full_width=\u00a0\u00bbstretch_row_content_no_spaces\u00a0\u00bb css=\u00a0\u00bb.vc_custom_1750774115708{background-color: #F6F6F6 !important;}\u00a0\u00bb][vc_column el_class=\u00a0\u00bbtheme-margin-bottom-0&Prime;]\n            <div class=\"theme-component-call-to-action theme-component-call-to-action-style-1 aligncenter\">\n                <div class=\"theme-component-call-to-action-box\">\n                    <span class=\"theme-icon-feature-paper-plane theme-component-call-to-action-icon\"><span><\/span><\/span>\n                    <h4 class=\"theme-component-call-to-action-header\">VOTRE PROCHAIN VOYAGE AVEC NOUS ?<\/h4>\n                    <p class=\"theme-component-call-to-action-subheader\">R\u00c9SERVEZ VOTRE COURSE EN LIMOUZINE MAINTENANT<\/p>\n                    \r\n            <div class=\"theme-component-button theme-component-button-style-4 alignleft theme-component-call-to-action-button\">\r\n                <a href=\"\/booking\/\" target=\"_self\">\r\n                    R\u00c9SERVEZ MAINTENANT\r\n                <\/a>\r\n            <\/div>\r\n        \n                <\/div>\n            <\/div>\n        [vc_empty_space][\/vc_column][\/vc_row][vc_row full_width=\u00a0\u00bbstretch_row_content_no_spaces\u00a0\u00bb equal_height=\u00a0\u00bbyes\u00a0\u00bb][vc_column width=\u00a0\u00bb1\/2&Prime; css=\u00a0\u00bb.vc_custom_1753269468455{background-image: url(https:\/\/limosinn.com\/wp-content\/uploads\/2025\/07\/chicago-limousine-service-point-to-point-1.webp?id=24469) !important;}\u00a0\u00bb][\/vc_column][vc_column width=\u00a0\u00bb1\/2&Prime; el_class=\u00a0\u00bbtheme-column-style-1&Prime;]\r\n            <div class=\"theme-component-header-subheader aligncenter theme-margin-bottom-60\">\r\n                <div class=\"theme-component-header-subheader-subheader\">CHICAGO LIMOS INN POINT \u00c0 POINT<\/div>\r\n                <h1 class=\"theme-component-header-subheader-header\">LIMOUSINE POINT \u00c0 POINT<\/h1>\r\n            <\/div>\r\n        [vc_column_text css=\u00a0\u00bb\u00a0\u00bb]<\/p>\n<p style=\"text-align: center;\">Notre <strong>service de limousine<\/strong> de <strong>point \u00e0<\/strong> point est rempli avec style et confort. Lorsque vous choisissez notre <strong>service Point to Point<\/strong>, vous pouvez consid\u00e9rer qu&rsquo;il <strong>respecte votre budget<\/strong>, nous pouvons vous assurer qu&rsquo;il n&rsquo;y a pas de frais cach\u00e9s ou de charges impr\u00e9visibles. Nous offrons un service exceptionnel avec les chauffeurs les plus comp\u00e9tents et les meilleurs v\u00e9hicules.<\/p>\n<p style=\"text-align: center;\">Une fois que vous aurez commenc\u00e9 \u00e0 rouler avec <strong>Limos Inn<\/strong>, vous vous rendrez compte que le co\u00fbt que vous payez pour le service que vous obtenez est abordable, et que les avantages sont inestimables.<br \/>\n<strong>Chicago Limos Inn<\/strong> est le principal fournisseur de<strong> services de limousine<\/strong> et vous invite \u00e0 profiter d&rsquo;une gamme de luxueuses voitures noires et de limousines extensibles qui comptent parmi les meilleurs v\u00e9hicules sur le march\u00e9. Combinez votre type de service<strong> Point \u00e0 Point<\/strong> qui rend votre vie de transport <strong>plus facile<\/strong>, <strong>agr\u00e9able<\/strong> et <strong>pratique<\/strong>. Vous aimerez certainement les services disponibles, surtout si vos journ\u00e9es sont quelque peu mouvement\u00e9es et que vous avez besoin de rester au top de votre forme.[\/vc_column_text][\/vc_column][\/vc_row][vc_row full_width=\u00a0\u00bbstretch_row_content_no_spaces\u00a0\u00bb css=\u00a0\u00bb.vc_custom_1750774313717{background-color: #F6F6F6 !important;}\u00a0\u00bb][vc_column el_class=\u00a0\u00bbtheme-margin-bottom-0&Prime;]\n            <div class=\"theme-component-call-to-action theme-component-call-to-action-style-1 aligncenter\">\n                <div class=\"theme-component-call-to-action-box\">\n                    <span class=\"theme-icon-feature-lighthouse theme-component-call-to-action-icon\"><span><\/span><\/span>\n                    <h4 class=\"theme-component-call-to-action-header\">VOTRE PROCHAIN VOYAGE AVEC NOUS ?<\/h4>\n                    <p class=\"theme-component-call-to-action-subheader\">Utilisez notre outil en ligne pour calculer<br \/>\nle co\u00fbt total de votre trajet<\/p>\n                    \r\n            <div class=\"theme-component-button theme-component-button-style-4 alignleft theme-component-call-to-action-button\">\r\n                <a href=\"\/booking\/\" target=\"_self\">\r\n                    R\u00c9SERVEZ VOTRE V\u00c9HICULE MAINTENANT\r\n                <\/a>\r\n            <\/div>\r\n        \n                <\/div>\n            <\/div>\n        [\/vc_column][\/vc_row][vc_row el_class=\u00a0\u00bbtheme-column-style-2&Prime;][vc_column el_class=\u00a0\u00bbtheme-margin-bottom-0&Prime;]\r\n            <div class=\"theme-component-header-subheader aligncenter theme-margin-bottom-30\">\r\n                <div class=\"theme-component-header-subheader-subheader\">POURQUOI NOUS CHOISIR<\/div>\r\n                <h2 class=\"theme-component-header-subheader-header\">Fiers de servir la r\u00e9gion de Chicago<\/h2>\r\n            <\/div>\r\n        \r\n            <div class=\"theme-component-feature-circle\" data-item-first-radius=\"25\" style=\"height:700px;\">\r\n                \r\n                <div class=\"theme-component-feature-circle-circle\" style=\"width:340px;height:340px;margin-left:-170px;margin-top:-170px;\">\r\n                    <span>7 VALEURS FONDAMENTALES<\/span><span>Qui font de nous la meilleure entreprise de transport de la r\u00e9gion.<\/span>\r\n                <\/div>\r\n            \r\n                <div class=\"theme-component-feature-circle-circle\" style=\"width:510px;height:510px;margin-left:-255px;margin-top:-255px;\">\r\n                    \n            <div class=\"theme-component-feature-circle-item\" data-label_position=\"right\">\n                <span class=\"theme-component-feature-circle-item-circle\">\n                    <span class=\"theme-icon-meta-tick-3\"><\/span>\n                <\/span>\n                <span class=\"theme-component-feature-circle-item-label\">Excellence centr\u00e9e sur le client<\/span>\n            <\/div>\n        \n            <div class=\"theme-component-feature-circle-item\" data-label_position=\"right\">\n                <span class=\"theme-component-feature-circle-item-circle\">\n                    <span class=\"theme-icon-meta-tick-3\"><\/span>\n                <\/span>\n                <span class=\"theme-component-feature-circle-item-label\">La s\u00e9curit\u00e9 d&#039;abord<\/span>\n            <\/div>\n        \n            <div class=\"theme-component-feature-circle-item\" data-label_position=\"right\">\n                <span class=\"theme-component-feature-circle-item-circle\">\n                    <span class=\"theme-icon-meta-tick-3\"><\/span>\n                <\/span>\n                <span class=\"theme-component-feature-circle-item-label\">Professionnalisme<\/span>\n            <\/div>\n        \n            <div class=\"theme-component-feature-circle-item\" data-label_position=\"bottom\">\n                <span class=\"theme-component-feature-circle-item-circle\">\n                    <span class=\"theme-icon-meta-tick-3\"><\/span>\n                <\/span>\n                <span class=\"theme-component-feature-circle-item-label\">Fiabilit\u00e9<\/span>\n            <\/div>\n        \n            <div class=\"theme-component-feature-circle-item\" data-label_position=\"left\">\n                <span class=\"theme-component-feature-circle-item-circle\">\n                    <span class=\"theme-icon-meta-tick-3\"><\/span>\n                <\/span>\n                <span class=\"theme-component-feature-circle-item-label\">Innovation<\/span>\n            <\/div>\n        \n            <div class=\"theme-component-feature-circle-item\" data-label_position=\"left\">\n                <span class=\"theme-component-feature-circle-item-circle\">\n                    <span class=\"theme-icon-meta-tick-3\"><\/span>\n                <\/span>\n                <span class=\"theme-component-feature-circle-item-label\">Durabilit\u00e9<\/span>\n            <\/div>\n        \n            <div class=\"theme-component-feature-circle-item\" data-label_position=\"left\">\n                <span class=\"theme-component-feature-circle-item-circle\">\n                    <span class=\"theme-icon-meta-tick-3\"><\/span>\n                <\/span>\n                <span class=\"theme-component-feature-circle-item-label\">Int\u00e9grit\u00e9 et transparence<\/span>\n            <\/div>\n        \r\n                <\/div>\r\n            \r\n                <div class=\"theme-component-feature-circle-circle\" style=\"width:600px;height:600px;margin-left:-300px;margin-top:-300px;\">\r\n                    \r\n                <\/div>\r\n            \r\n            <\/div>\r\n        \r\n                    <div class=\"theme-component-feature-circle-responsive\">\r\n                        <span>7 VALEURS FONDAMENTALES qui font de nous la meilleure entreprise de transport de la r\u00e9gion.<\/span>\r\n                        <div class=\"theme-component-list theme-component-list-style-2\"><ul><li>Excellence centr\u00e9e sur le client<\/li><li>La s\u00e9curit\u00e9 d&#039;abord<\/li><li>Professionnalisme<\/li><li>Fiabilit\u00e9<\/li><li>Innovation<\/li><li>Durabilit\u00e9<\/li><li>Int\u00e9grit\u00e9 et transparence<\/li><\/ul><\/div>\r\n                    <\/div>\r\n                [\/vc_column][\/vc_row][vc_row full_width=\u00a0\u00bbstretch_row\u00a0\u00bb css=\u00a0\u00bb.vc_custom_1576584180851{background-color: #f6f6f6 !important;}\u00a0\u00bb el_class=\u00a0\u00bbtheme-column-style-2 theme-padding-bottom-0&Prime;][vc_column]\r\n            <p class=\"theme-component-paragraph-large theme-component-paragraph-large-style-2 aligncenter theme-margin-bottom-60\">\r\n                Quelle que soit votre occasion, choisissez nos services\r\n            <\/p>\r\n        <p>[vc_row][vc_column el_class=\"theme-margin-bottom-10\"]\n            <div data-column_count=\"2\" class=\"theme-component-gallery theme-component-gallery-type-1 theme-component-gallery-effect-type-2\">\n                <ul>\n                    \r\n            <li class=\"theme-component-gallery-item-width-50\">\r\n                <a data-fancybox-group=\"autoride-gallery-1\" href=\"\/notre-dame-game-limo\/\">\r\n                    <img decoding=\"async\" src=\"https:\/\/limosinn.com\/wp-content\/uploads\/2022\/11\/notre-dame-gamme-limo.webp\" alt=\"Image\"\/>\r\n                    <span><span><\/span><span>NOTRE DAME GAME LIMO<\/span><\/span>\r\n                    <i><\/i>\r\n                <\/a>\r\n            <\/li>\r\n        \r\n            <li class=\"theme-component-gallery-item-width-50\">\r\n                <a data-fancybox-group=\"autoride-gallery-1\" href=\"\/airport-transfers\/\">\r\n                    <img decoding=\"async\" src=\"https:\/\/limosinn.com\/wp-content\/uploads\/2022\/11\/airport-transfert-chicago-limosine-service.webp\" alt=\"airport-transfert-chicago-limosine-service\"\/>\r\n                    <span><span><\/span><span>AIRPORT TRANSFERS<\/span><\/span>\r\n                    <i><\/i>\r\n                <\/a>\r\n            <\/li>\r\n        \r\n            <li class=\"theme-component-gallery-item-width-50\">\r\n                <a data-fancybox-group=\"autoride-gallery-1\" href=\"\/corporate-travel\/\">\r\n                    <img decoding=\"async\" src=\"https:\/\/limosinn.com\/wp-content\/uploads\/2022\/11\/corporate-travel-chicago-limosine-service.webp\" alt=\"corporate travel limo service\"\/>\r\n                    <span><span><\/span><span>CORPORATE TRAVEL<\/span><\/span>\r\n                    <i><\/i>\r\n                <\/a>\r\n            <\/li>\r\n        \r\n            <li class=\"theme-component-gallery-item-width-25\">\r\n                <a data-fancybox-group=\"autoride-gallery-1\" href=\"\/special-occasions\/\">\r\n                    <img decoding=\"async\" src=\"https:\/\/limosinn.com\/wp-content\/uploads\/2022\/11\/wedding-limo-service-package.webp\" alt=\"Image\"\/>\r\n                    <span><span><\/span><span>SPECIAL OCCASIONS<\/span><\/span>\r\n                    <i><\/i>\r\n                <\/a>\r\n            <\/li>\r\n        \r\n            <li class=\"theme-component-gallery-item-width-25\">\r\n                <a data-fancybox-group=\"autoride-gallery-1\" href=\"\/large-groups\/\">\r\n                    <img decoding=\"async\" src=\"https:\/\/limosinn.com\/wp-content\/uploads\/2022\/11\/large-group-limousine-service-1.webp\" alt=\"Image\"\/>\r\n                    <span><span><\/span><span>LARGE GROUPS<\/span><\/span>\r\n                    <i><\/i>\r\n                <\/a>\r\n            <\/li>\r\n        \n                <\/ul>\n            <\/div>\n        [\/vc_column][\/vc_row]<\/p>\r\n[\/vc_column][\/vc_row]<\/p>\n<\/div>","protected":false},"excerpt":{"rendered":"<p>[vc_row][vc_column][vc_raw_html css=\u00a0\u00bb\u00a0\u00bb]JTNDZGl2JTIwY2xhc3MlM0QlMjJ3cGJfd3JhcHBlciUyMiUzRSUwQSUyMCUyMCUyMCUyMCUzQ2RpdiUyMGNsYXNzJTNEJTIyaW5mby1ibG9jayUyMiUyMHN0eWxlJTNEJTIyYmFja2dyb3VuZC1jb2xvciUzQSUyMCUyM0ZEQzMyQSUzQiUyMGJvcmRlciUzQSUyMDJweCUyMHNvbGlkJTIwJTIzMkUzMTkyJTNCJTIwYm9yZGVyLXJhZGl1cyUzQSUyMDEwcHglM0IlMjBwYWRkaW5nJTNBJTIwMTVweCUzQiUyMHRleHQtYWxpZ24lM0ElMjBjZW50ZXIlM0IlMjBmb250LWZhbWlseSUzQSUyMEFyaWFsJTJDJTIwc2Fucy1zZXJpZiUzQiUyMGZvbnQtc2l6ZSUzQSUyMDI4cHglM0IlMjBmb250LXdlaWdodCUzQSUyMGJvbGQlM0IlMjBjb2xvciUzQSUyMCUyMzJFMzE5MiUzQiUyMGJveC1zaGFkb3clM0ElMjAwJTIwNHB4JTIwOHB4JTIwcmdiYSUyODAlMkMlMjAwJTJDJTIwMCUyQyUyMDAuMiUyOSUzQiUyMiUzRSUwQSUyMCUyME5vdXMlMjBzb21tZXMlMjBvdXZlcnRzJTIwMjQlMjBoZXVyZXMlMjBzdXIlMjAyNCUyQyUyMG5vdXMlMjBhbGxvbnMlMjBwYXJ0b3V0JTIwZXQlMjBub3VzJTIwYWNjZXB0b25zJTIwbGVzJTIwc2VydmljZXMlMjBkZSUyMGxpbW91c2luZSUyMGRlJTIwZGVybmklQzMlQThyZSUyMG1pbnV0ZSUyMCVDMyVBMCUyMENoaWNhZ28lMkMlMjBWZXVpbGxleiUyMGFwcGVsZXIlMjBsZSUyMCUzQ2ElMjBocmVmJTNEJTIydGVsJTNBMS0zMTItMjY1LTYzMjIlMjIlMjBzdHlsZSUzRCUyMmNvbG9yJTNBJTIwJTIzMkUzMTkyJTNCJTIwdGV4dC1kZWNvcmF0aW9uJTNBJTIwbm9uZSUzQiUyMGZvbnQtd2VpZ2h0JTNBJTIwYm9sZCUzQiUyMGZvbnQtc2l6ZSUzQSUyMDI0cHglM0IlMjIlM0UxLTMxMi0yNjUtNjMyMiUzQyUyRmElM0UuJTBBJTIwJTIwJTIwJTIwJTNDJTJGZGl2JTNFJTBBJTNDJTJGZGl2JTNFJTBB[\/vc_raw_html][\/vc_column][\/vc_row][vc_row full_width=\u00a0\u00bbstretch_row_content_no_spaces\u00a0\u00bb css=\u00a0\u00bb.vc_custom_1750774115708{background-color: #F6F6F6 !important;}\u00a0\u00bb][vc_column el_class=\u00a0\u00bbtheme-margin-bottom-0&Prime;][vc_empty_space][\/vc_column][\/vc_row][vc_row full_width=\u00a0\u00bbstretch_row_content_no_spaces\u00a0\u00bb equal_height=\u00a0\u00bbyes\u00a0\u00bb][vc_column width=\u00a0\u00bb1\/2&Prime; css=\u00a0\u00bb.vc_custom_1753269468455{background-image: url(https:\/\/limosinn.com\/wp-content\/uploads\/2025\/07\/chicago-limousine-service-point-to-point-1.webp?id=24469) !important;}\u00a0\u00bb][\/vc_column][vc_column width=\u00a0\u00bb1\/2&Prime; el_class=\u00a0\u00bbtheme-column-style-1&Prime;][vc_column_text css=\u00a0\u00bb\u00a0\u00bb] Notre service de limousine de point \u00e0 point est rempli avec style et confort. Lorsque vous choisissez notre service Point to Point, vous pouvez consid\u00e9rer qu&rsquo;il respecte votre budget, nous pouvons vous assurer qu&rsquo;il n&rsquo;y a pas de frais [&#8230;]<\/p>\n","protected":false},"author":1,"featured_media":0,"parent":0,"menu_order":0,"comment_status":"closed","ping_status":"closed","template":"","meta":{"footnotes":""},"class_list":["post-27724","page","type-page","status-publish","hentry"],"yoast_head":"<!-- This site is optimized with the Yoast SEO Premium plugin v27.4 (Yoast SEO v27.4) - https:\/\/yoast.com\/product\/yoast-seo-premium-wordpress\/ -->\n<title>Service Limousine Point \u00e0 Point \u00e0 Chicago | Limos Inn<\/title>\n<meta name=\"description\" content=\"Limos Inn Chicago : service de limousine de luxe point \u00e0 point avec chauffeur pour un confort et style in\u00e9gal\u00e9s.\" \/>\n<meta name=\"robots\" content=\"index, follow, max-snippet:-1, max-image-preview:large, max-video-preview:-1\" \/>\n<link rel=\"canonical\" href=\"https:\/\/limosinn.com\/fr\/limousine-point-a-point\/\" \/>\n<meta property=\"og:locale\" content=\"fr_FR\" \/>\n<meta property=\"og:type\" content=\"article\" \/>\n<meta property=\"og:title\" content=\"LIMOUSINE POINT \u00c0 POINT\" \/>\n<meta property=\"og:description\" content=\"Limos Inn Chicago : service de limousine de luxe point \u00e0 point avec chauffeur pour un confort et style in\u00e9gal\u00e9s.\" \/>\n<meta property=\"og:url\" content=\"https:\/\/limosinn.com\/fr\/limousine-point-a-point\/\" \/>\n<meta property=\"og:site_name\" content=\"Chicago Limos Inn\u2122\" \/>\n<meta property=\"article:publisher\" content=\"https:\/\/facebook.com\/ChicagoLimosInn\/\" \/>\n<meta property=\"article:modified_time\" content=\"2025-11-21T10:34:54+00:00\" \/>\n<meta property=\"og:image\" content=\"https:\/\/limosinn.com\/wp-content\/uploads\/2022\/11\/website-limosinn-com.webp\" \/>\n\t<meta property=\"og:image:width\" content=\"1200\" \/>\n\t<meta property=\"og:image:height\" content=\"675\" \/>\n\t<meta property=\"og:image:type\" content=\"image\/webp\" \/>\n<meta name=\"twitter:card\" content=\"summary_large_image\" \/>\n<meta name=\"twitter:site\" content=\"@limosinn\" \/>\n<meta name=\"twitter:label1\" content=\"Dur\u00e9e de lecture estim\u00e9e\" \/>\n\t<meta name=\"twitter:data1\" content=\"2 minutes\" \/>\n<script type=\"application\/ld+json\" class=\"yoast-schema-graph\">{\"@context\":\"https:\\\/\\\/schema.org\",\"@graph\":[{\"@type\":\"WebPage\",\"@id\":\"https:\\\/\\\/limosinn.com\\\/fr\\\/limousine-point-a-point\\\/\",\"url\":\"https:\\\/\\\/limosinn.com\\\/fr\\\/limousine-point-a-point\\\/\",\"name\":\"Service Limousine Point \u00e0 Point \u00e0 Chicago | Limos Inn\",\"isPartOf\":{\"@id\":\"https:\\\/\\\/limosinn.com\\\/fr\\\/#website\"},\"datePublished\":\"2025-07-01T10:04:24+00:00\",\"dateModified\":\"2025-11-21T10:34:54+00:00\",\"description\":\"Limos Inn Chicago : service de limousine de luxe point \u00e0 point avec chauffeur pour un confort et style in\u00e9gal\u00e9s.\",\"breadcrumb\":{\"@id\":\"https:\\\/\\\/limosinn.com\\\/fr\\\/limousine-point-a-point\\\/#breadcrumb\"},\"inLanguage\":\"fr-FR\",\"potentialAction\":[{\"@type\":\"ReadAction\",\"target\":[\"https:\\\/\\\/limosinn.com\\\/fr\\\/limousine-point-a-point\\\/\"]}]},{\"@type\":\"BreadcrumbList\",\"@id\":\"https:\\\/\\\/limosinn.com\\\/fr\\\/limousine-point-a-point\\\/#breadcrumb\",\"itemListElement\":[{\"@type\":\"ListItem\",\"position\":1,\"name\":\"Home\",\"item\":\"https:\\\/\\\/limosinn.com\\\/fr\\\/\"},{\"@type\":\"ListItem\",\"position\":2,\"name\":\"LIMOUSINE POINT \u00c0 POINT\"}]},{\"@type\":\"WebSite\",\"@id\":\"https:\\\/\\\/limosinn.com\\\/fr\\\/#website\",\"url\":\"https:\\\/\\\/limosinn.com\\\/fr\\\/\",\"name\":\"Chicago Limos Inn\u2122: Chicago City Limousines and Airport Black Car Service\",\"description\":\"Most Reliable Airport VIP Limo Car Services in Chicago\",\"publisher\":{\"@id\":\"https:\\\/\\\/limosinn.com\\\/fr\\\/#organization\"},\"alternateName\":\"Chicago Limo Airport Black Car Service (Last Minute Chicago VIP Limousines and Airport Black Car SUV Rides Chauffeured Service (Chicago Limos Inn))\",\"potentialAction\":[{\"@type\":\"SearchAction\",\"target\":{\"@type\":\"EntryPoint\",\"urlTemplate\":\"https:\\\/\\\/limosinn.com\\\/fr\\\/?s={search_term_string}\"},\"query-input\":{\"@type\":\"PropertyValueSpecification\",\"valueRequired\":true,\"valueName\":\"search_term_string\"}}],\"inLanguage\":\"fr-FR\"},{\"@type\":\"Organization\",\"@id\":\"https:\\\/\\\/limosinn.com\\\/fr\\\/#organization\",\"name\":\"Chicago Limos Inn\u2122: Chicago City Limousines and Airport Black Car Service\",\"url\":\"https:\\\/\\\/limosinn.com\\\/fr\\\/\",\"logo\":{\"@type\":\"ImageObject\",\"inLanguage\":\"fr-FR\",\"@id\":\"https:\\\/\\\/limosinn.com\\\/fr\\\/#\\\/schema\\\/logo\\\/image\\\/\",\"url\":\"https:\\\/\\\/limosinn.com\\\/wp-content\\\/uploads\\\/2022\\\/11\\\/cropped-logo-limosinn-1.png\",\"contentUrl\":\"https:\\\/\\\/limosinn.com\\\/wp-content\\\/uploads\\\/2022\\\/11\\\/cropped-logo-limosinn-1.png\",\"width\":512,\"height\":512,\"caption\":\"Chicago Limos Inn\u2122: Chicago City Limousines and Airport Black Car Service\"},\"image\":{\"@id\":\"https:\\\/\\\/limosinn.com\\\/fr\\\/#\\\/schema\\\/logo\\\/image\\\/\"},\"sameAs\":[\"https:\\\/\\\/facebook.com\\\/ChicagoLimosInn\\\/\",\"https:\\\/\\\/x.com\\\/limosinn\"]}]}<\/script>\n<!-- \/ Yoast SEO Premium plugin. -->","yoast_head_json":{"title":"Service Limousine Point \u00e0 Point \u00e0 Chicago | Limos Inn","description":"Limos Inn Chicago : service de limousine de luxe point \u00e0 point avec chauffeur pour un confort et style in\u00e9gal\u00e9s.","robots":{"index":"index","follow":"follow","max-snippet":"max-snippet:-1","max-image-preview":"max-image-preview:large","max-video-preview":"max-video-preview:-1"},"canonical":"https:\/\/limosinn.com\/fr\/limousine-point-a-point\/","og_locale":"fr_FR","og_type":"article","og_title":"LIMOUSINE POINT \u00c0 POINT","og_description":"Limos Inn Chicago : service de limousine de luxe point \u00e0 point avec chauffeur pour un confort et style in\u00e9gal\u00e9s.","og_url":"https:\/\/limosinn.com\/fr\/limousine-point-a-point\/","og_site_name":"Chicago Limos Inn\u2122","article_publisher":"https:\/\/facebook.com\/ChicagoLimosInn\/","article_modified_time":"2025-11-21T10:34:54+00:00","og_image":[{"width":1200,"height":675,"url":"https:\/\/limosinn.com\/wp-content\/uploads\/2022\/11\/website-limosinn-com.webp","type":"image\/webp"}],"twitter_card":"summary_large_image","twitter_site":"@limosinn","twitter_misc":{"Dur\u00e9e de lecture estim\u00e9e":"2 minutes"},"schema":{"@context":"https:\/\/schema.org","@graph":[{"@type":"WebPage","@id":"https:\/\/limosinn.com\/fr\/limousine-point-a-point\/","url":"https:\/\/limosinn.com\/fr\/limousine-point-a-point\/","name":"Service Limousine Point \u00e0 Point \u00e0 Chicago | Limos Inn","isPartOf":{"@id":"https:\/\/limosinn.com\/fr\/#website"},"datePublished":"2025-07-01T10:04:24+00:00","dateModified":"2025-11-21T10:34:54+00:00","description":"Limos Inn Chicago : service de limousine de luxe point \u00e0 point avec chauffeur pour un confort et style in\u00e9gal\u00e9s.","breadcrumb":{"@id":"https:\/\/limosinn.com\/fr\/limousine-point-a-point\/#breadcrumb"},"inLanguage":"fr-FR","potentialAction":[{"@type":"ReadAction","target":["https:\/\/limosinn.com\/fr\/limousine-point-a-point\/"]}]},{"@type":"BreadcrumbList","@id":"https:\/\/limosinn.com\/fr\/limousine-point-a-point\/#breadcrumb","itemListElement":[{"@type":"ListItem","position":1,"name":"Home","item":"https:\/\/limosinn.com\/fr\/"},{"@type":"ListItem","position":2,"name":"LIMOUSINE POINT \u00c0 POINT"}]},{"@type":"WebSite","@id":"https:\/\/limosinn.com\/fr\/#website","url":"https:\/\/limosinn.com\/fr\/","name":"Chicago Limos Inn\u2122: Chicago City Limousines and Airport Black Car Service","description":"Most Reliable Airport VIP Limo Car Services in Chicago","publisher":{"@id":"https:\/\/limosinn.com\/fr\/#organization"},"alternateName":"Chicago Limo Airport Black Car Service (Last Minute Chicago VIP Limousines and Airport Black Car SUV Rides Chauffeured Service (Chicago Limos Inn))","potentialAction":[{"@type":"SearchAction","target":{"@type":"EntryPoint","urlTemplate":"https:\/\/limosinn.com\/fr\/?s={search_term_string}"},"query-input":{"@type":"PropertyValueSpecification","valueRequired":true,"valueName":"search_term_string"}}],"inLanguage":"fr-FR"},{"@type":"Organization","@id":"https:\/\/limosinn.com\/fr\/#organization","name":"Chicago Limos Inn\u2122: Chicago City Limousines and Airport Black Car Service","url":"https:\/\/limosinn.com\/fr\/","logo":{"@type":"ImageObject","inLanguage":"fr-FR","@id":"https:\/\/limosinn.com\/fr\/#\/schema\/logo\/image\/","url":"https:\/\/limosinn.com\/wp-content\/uploads\/2022\/11\/cropped-logo-limosinn-1.png","contentUrl":"https:\/\/limosinn.com\/wp-content\/uploads\/2022\/11\/cropped-logo-limosinn-1.png","width":512,"height":512,"caption":"Chicago Limos Inn\u2122: Chicago City Limousines and Airport Black Car Service"},"image":{"@id":"https:\/\/limosinn.com\/fr\/#\/schema\/logo\/image\/"},"sameAs":["https:\/\/facebook.com\/ChicagoLimosInn\/","https:\/\/x.com\/limosinn"]}]}},"_hostinger_reach_plugin_has_subscription_block":false,"_hostinger_reach_plugin_is_elementor":false,"_links":{"self":[{"href":"https:\/\/limosinn.com\/fr\/wp-json\/wp\/v2\/pages\/27724","targetHints":{"allow":["GET"]}}],"collection":[{"href":"https:\/\/limosinn.com\/fr\/wp-json\/wp\/v2\/pages"}],"about":[{"href":"https:\/\/limosinn.com\/fr\/wp-json\/wp\/v2\/types\/page"}],"author":[{"embeddable":true,"href":"https:\/\/limosinn.com\/fr\/wp-json\/wp\/v2\/users\/1"}],"replies":[{"embeddable":true,"href":"https:\/\/limosinn.com\/fr\/wp-json\/wp\/v2\/comments?post=27724"}],"version-history":[{"count":0,"href":"https:\/\/limosinn.com\/fr\/wp-json\/wp\/v2\/pages\/27724\/revisions"}],"wp:attachment":[{"href":"https:\/\/limosinn.com\/fr\/wp-json\/wp\/v2\/media?parent=27724"}],"curies":[{"name":"wp","href":"https:\/\/api.w.org\/{rel}","templated":true}]}}