{"id":27811,"date":"2019-04-05T09:23:56","date_gmt":"2019-04-05T09:23:56","guid":{"rendered":"https:\/\/limosinn.com\/a-propos\/"},"modified":"2025-11-21T10:24:56","modified_gmt":"2025-11-21T10:24:56","slug":"a-propos","status":"publish","type":"page","link":"https:\/\/limosinn.com\/fr\/a-propos\/","title":{"rendered":"\u00c0 propos"},"content":{"rendered":"<div class=\"wpb-content-wrapper\"><p>[vc_row full_width=\u00a0\u00bbstretch_row\u00a0\u00bb][vc_column]\r\n            <div class=\"theme-component-header-subheader aligncenter\">\r\n                <div class=\"theme-component-header-subheader-subheader\">QUI NOUS SOMMES<\/div>\r\n                <h1 class=\"theme-component-header-subheader-header\">\u00c0 PROPOS DE NOUS<\/h1>\r\n            <\/div>\r\n        [\/vc_column][\/vc_row][vc_row full_width=\u00a0\u00bbstretch_row\u00a0\u00bb][vc_column width=\u00a0\u00bb1\/2&Prime;][vc_column_text css=\u00a0\u00bb\u00a0\u00bb]Chicago Limos Inn Chauffeured Services propose un service de transport en voiture avec chauffeur fiable, luxueux et sophistiqu\u00e9 dans la r\u00e9gion de Chicago ainsi que vers d&rsquo;autres villes du Midwest. Nous servons les voyageurs d&rsquo;affaires, les r\u00e9sidents et les visiteurs depuis plus de 10 ans.<br \/>\nNous disposons d&rsquo;une vaste flotte de v\u00e9hicules incluant des berlines d&rsquo;entreprise, des vans, des SUV, des limousines allong\u00e9es et des bus. Quelle que soit l&rsquo;occasion, nous avons le v\u00e9hicule qu&rsquo;il vous faut.<br \/>\nNous veillons \u00e9galement \u00e0 ce que notre flotte soit toujours impeccablement propre et r\u00e9guli\u00e8rement entretenue.[\/vc_column_text][\/vc_column][vc_column width=\u00a0\u00bb1\/2&Prime;][vc_video link=\u00a0\u00bbhttps:\/\/www.youtube.com\/watch?v=5l9180kxS4w&amp;t=2s\u00a0\u00bb css=\u00a0\u00bb\u00a0\u00bb][\/vc_column][\/vc_row][vc_row el_class=\u00a0\u00bbtheme-margin-top-40&Prime;][vc_column]\n            <div class=\"theme-component-counter-box\" data-animation_duration=\"2000\">\n                [vc_row_inner el_class=\u00a0\u00bbtheme-column-margin-0&Prime;][vc_column_inner width=\u00a0\u00bb1\/2&Prime;]\n            <div class=\"theme-component-counter-box-item\" data-value=\"115\">\n                <span class=\"theme-component-counter-box-item-circle-1\"><\/span>\n                <span class=\"theme-component-counter-box-item-circle-2\"><\/span>\n                <span class=\"theme-component-counter-box-item-value\">0<\/span>\n                <span class=\"theme-component-counter-box-item-label\">V\u00e9hicules<\/span>\n                <span class=\"theme-component-counter-box-item-tick theme-icon-meta-tick-3\"><\/span>   \n            <\/div>\n        [\/vc_column_inner][vc_column_inner width=\u00a0\u00bb1\/2&Prime;]\n            <div class=\"theme-component-counter-box-item\" data-value=\"85000\">\n                <span class=\"theme-component-counter-box-item-circle-1\"><\/span>\n                <span class=\"theme-component-counter-box-item-circle-2\"><\/span>\n                <span class=\"theme-component-counter-box-item-value\">0<\/span>\n                <span class=\"theme-component-counter-box-item-label\">Client<\/span>\n                <span class=\"theme-component-counter-box-item-tick theme-icon-meta-tick-3\"><\/span>   \n            <\/div>\n        [\/vc_column_inner][\/vc_row_inner]\n            <\/div>\n        [\/vc_column][\/vc_row][vc_row full_width=\u00a0\u00bbstretch_row_content_no_spaces\u00a0\u00bb equal_height=\u00a0\u00bbyes\u00a0\u00bb][vc_column width=\u00a0\u00bb1\/2&Prime; css=\u00a0\u00bb.vc_custom_1753177803771{background-image: url(https:\/\/limosinn.com\/wp-content\/uploads\/2025\/07\/coutillions-chicago-city-land.webp?id=24436) !important;}\u00a0\u00bb][\/vc_column][vc_column width=\u00a0\u00bb1\/2&Prime; el_class=\u00a0\u00bbtheme-column-style-1 theme-background-color-12&Prime;][vc_column_text css=\u00a0\u00bb\u00a0\u00bb]Chicago est reconnue comme la ville abritant de nombreux mus\u00e9es, une vie nocturne anim\u00e9e, ainsi que des tours et croisi\u00e8res. Elle offre d\u2019excellentes opportunit\u00e9s pour faire du shopping, d\u00eener et s\u2019amuser. Que vous ayez besoin d\u2019un trajet vers ou depuis l\u2019a\u00e9roport, ou de transferts en ville, le service avec chauffeur de Limos Inn vous garantit une exp\u00e9rience exceptionnelle. Nos chauffeurs traiteront les demandes des clients avec le plus grand soin et offriront un service s\u00fbr, ponctuel et courtois, reflet de notre engagement envers l\u2019excellence.<\/p>\n<p>Chez Chicago Limos Inn Chauffeured Services, nous croyons en l\u2019importance d\u2019offrir \u00e0 nos clients un service de limousine ponctuel et fiable, gr\u00e2ce \u00e0 notre flotte confortable compos\u00e9e de mod\u00e8les r\u00e9cents.<br \/>\nNotre \u00e9quipe de professionnels exp\u00e9riment\u00e9s, associ\u00e9e \u00e0 nos v\u00e9hicules, nous permet de planifier et d\u2019assurer une exp\u00e9rience de transport fluide et agr\u00e9able.<br \/>\nPour vous conduire \u00e0 l\u2019a\u00e9roport \u00e0 l\u2019heure, avec pr\u00e9cision et jusqu\u2019au bon terminal, nos chauffeurs et r\u00e9partiteurs fiables mettent leur savoir-faire \u00e0 votre service.<br \/>\nNotre \u00e9quipe de professionnels d\u00e9vou\u00e9s s\u2019assure de bien comprendre vos besoins gr\u00e2ce \u00e0 une communication efficace et une planification minutieuse, rendant vos trajets simples et sans tracas.[\/vc_column_text][\/vc_column][\/vc_row][vc_row full_width=\u00a0\u00bbstretch_row_content_no_spaces\u00a0\u00bb][vc_column]\n            <div class=\"theme-component-process-list\">\n                [vc_row_inner equal_height=\u00a0\u00bbyes\u00a0\u00bb][vc_column_inner width=\u00a0\u00bb1\/4&Prime;]\n            <div class=\"theme-component-process-list-item theme-component-process-list-item-even\">\n                <div>01<\/div>\n                <span class=\"theme-icon-feature-calendar\"><\/span>\n                <p>Chacun de nos chauffeurs se distingue par son professionnalisme et sa ponctualit\u00e9.<\/p>\n            <\/div>\n        [\/vc_column_inner][vc_column_inner width=\u00a0\u00bb1\/4&Prime;]\n            <div class=\"theme-component-process-list-item theme-component-process-list-item-odd\">\n                <div>02<\/div>\n                <span class=\"theme-icon-feature-recurring-1\"><\/span>\n                <p>Nous faisons toujours un effort suppl\u00e9mentaire en mati\u00e8re de s\u00e9curit\u00e9.<\/p>\n            <\/div>\n        [\/vc_column_inner][vc_column_inner width=\u00a0\u00bb1\/4&Prime;]\n            <div class=\"theme-component-process-list-item theme-component-process-list-item-even\">\n                <div>03<\/div>\n                <span class=\"theme-icon-feature-bag-1\"><\/span>\n                <p>Vous pouvez compter sur notre savoir-faire et notre exp\u00e9rience pour vous guider tout au long de votre visite.<\/p>\n            <\/div>\n        [\/vc_column_inner][vc_column_inner width=\u00a0\u00bb1\/4&Prime;]\n            <div class=\"theme-component-process-list-item theme-component-process-list-item-odd\">\n                <div>04<\/div>\n                <span class=\"theme-icon-feature-award\"><\/span>\n                <p>Un service de qualit\u00e9 premium et un service client prim\u00e9.<\/p>\n            <\/div>\n        [\/vc_column_inner][\/vc_row_inner]\n            <\/div>\n        [\/vc_column][\/vc_row][vc_row][vc_column][vc_column_text css=\u00a0\u00bb\u00a0\u00bb]<strong>Politique de confidentialit\u00e9<\/strong><\/p>\n<p><strong>a.)<\/strong> <strong>Informations personnelles collect\u00e9es aupr\u00e8s des clients et objectif de la collecte<\/strong><\/p>\n<p>Les informations personnelles de nos clients et utilisateurs, telles que les noms, adresses e-mail ou num\u00e9ros de t\u00e9l\u00e9phone, sont utilis\u00e9es uniquement pour \u00e9tablir un contact et confirmer les r\u00e9servations, ou pour communiquer des informations importantes concernant les r\u00e9servations, les devis, les re\u00e7us, l\u2019envoi de factures ou les informations relatives aux chauffeurs.<\/p>\n<p>&nbsp;<\/p>\n<p><strong>b.)<\/strong> <strong>Partage des informations des clients<\/strong><\/p>\n<p>Chicago Limos Inn respecte la r\u00e8gle suivante : \u00ab Aucune information mobile ne sera partag\u00e9e avec des tiers ou affili\u00e9s \u00e0 des fins marketing ou promotionnelles. Toutes les autres cat\u00e9gories excluent les donn\u00e9es d\u2019opt-in et de consentement li\u00e9es \u00e0 l\u2019envoi de messages texte ; ces informations ne seront partag\u00e9es avec aucun tiers. \u00bb[\/vc_column_text][\/vc_column][\/vc_row]<\/p>\n<\/div>","protected":false},"excerpt":{"rendered":"<p>[vc_row full_width=\u00a0\u00bbstretch_row\u00a0\u00bb][vc_column][\/vc_column][\/vc_row][vc_row full_width=\u00a0\u00bbstretch_row\u00a0\u00bb][vc_column width=\u00a0\u00bb1\/2&Prime;][vc_column_text css=\u00a0\u00bb\u00a0\u00bb]Chicago Limos Inn Chauffeured Services propose un service de transport en voiture avec chauffeur fiable, luxueux et sophistiqu\u00e9 dans la r\u00e9gion de Chicago ainsi que vers d&rsquo;autres villes du Midwest. Nous servons les voyageurs d&rsquo;affaires, les r\u00e9sidents et les visiteurs depuis plus de 10 ans. Nous disposons d&rsquo;une vaste flotte de [&#8230;]<\/p>\n","protected":false},"author":1,"featured_media":0,"parent":0,"menu_order":0,"comment_status":"closed","ping_status":"closed","template":"","meta":{"footnotes":""},"class_list":["post-27811","page","type-page","status-publish","hentry"],"yoast_head":"<!-- This site is optimized with the Yoast SEO Premium plugin v27.4 (Yoast SEO v27.4) - https:\/\/yoast.com\/product\/yoast-seo-premium-wordpress\/ -->\n<title>\u00c0 propos de Limos Inn | Services de limousine \u00e0 Chicago<\/title>\n<meta name=\"description\" content=\"Chicago Limos Inn Chauffeured Services propose des services de transport en voiture haut de gamme et des services de limousine de luxe fiables et luxueux\" \/>\n<meta name=\"robots\" content=\"index, follow, max-snippet:-1, max-image-preview:large, max-video-preview:-1\" \/>\n<link rel=\"canonical\" href=\"https:\/\/limosinn.com\/fr\/a-propos\/\" \/>\n<meta property=\"og:locale\" content=\"fr_FR\" \/>\n<meta property=\"og:type\" content=\"article\" \/>\n<meta property=\"og:title\" content=\"\u00c0 propos\" \/>\n<meta property=\"og:description\" content=\"Chicago Limos Inn Chauffeured Services propose des services de transport en voiture haut de gamme et des services de limousine de luxe fiables et luxueux\" \/>\n<meta property=\"og:url\" content=\"https:\/\/limosinn.com\/fr\/a-propos\/\" \/>\n<meta property=\"og:site_name\" content=\"Chicago Limos Inn\u2122\" \/>\n<meta property=\"article:publisher\" content=\"https:\/\/facebook.com\/ChicagoLimosInn\/\" \/>\n<meta property=\"article:modified_time\" content=\"2025-11-21T10:24:56+00:00\" \/>\n<meta property=\"og:image\" content=\"https:\/\/limosinn.com\/wp-content\/uploads\/2022\/11\/website-limosinn-com.webp\" \/>\n\t<meta property=\"og:image:width\" content=\"1200\" \/>\n\t<meta property=\"og:image:height\" content=\"675\" \/>\n\t<meta property=\"og:image:type\" content=\"image\/webp\" \/>\n<meta name=\"twitter:card\" content=\"summary_large_image\" \/>\n<meta name=\"twitter:site\" content=\"@limosinn\" \/>\n<meta name=\"twitter:label1\" content=\"Dur\u00e9e de lecture estim\u00e9e\" \/>\n\t<meta name=\"twitter:data1\" content=\"3 minutes\" \/>\n<script type=\"application\/ld+json\" class=\"yoast-schema-graph\">{\"@context\":\"https:\\\/\\\/schema.org\",\"@graph\":[{\"@type\":\"WebPage\",\"@id\":\"https:\\\/\\\/limosinn.com\\\/fr\\\/a-propos\\\/\",\"url\":\"https:\\\/\\\/limosinn.com\\\/fr\\\/a-propos\\\/\",\"name\":\"\u00c0 propos de Limos Inn | Services de limousine \u00e0 Chicago\",\"isPartOf\":{\"@id\":\"https:\\\/\\\/limosinn.com\\\/fr\\\/#website\"},\"datePublished\":\"2019-04-05T09:23:56+00:00\",\"dateModified\":\"2025-11-21T10:24:56+00:00\",\"description\":\"Chicago Limos Inn Chauffeured Services propose des services de transport en voiture haut de gamme et des services de limousine de luxe fiables et luxueux\",\"breadcrumb\":{\"@id\":\"https:\\\/\\\/limosinn.com\\\/fr\\\/a-propos\\\/#breadcrumb\"},\"inLanguage\":\"fr-FR\",\"potentialAction\":[{\"@type\":\"ReadAction\",\"target\":[\"https:\\\/\\\/limosinn.com\\\/fr\\\/a-propos\\\/\"]}]},{\"@type\":\"BreadcrumbList\",\"@id\":\"https:\\\/\\\/limosinn.com\\\/fr\\\/a-propos\\\/#breadcrumb\",\"itemListElement\":[{\"@type\":\"ListItem\",\"position\":1,\"name\":\"Home\",\"item\":\"https:\\\/\\\/limosinn.com\\\/fr\\\/\"},{\"@type\":\"ListItem\",\"position\":2,\"name\":\"\u00c0 propos\"}]},{\"@type\":\"WebSite\",\"@id\":\"https:\\\/\\\/limosinn.com\\\/fr\\\/#website\",\"url\":\"https:\\\/\\\/limosinn.com\\\/fr\\\/\",\"name\":\"Chicago Limos Inn\u2122: Chicago City Limousines and Airport Black Car Service\",\"description\":\"Most Reliable Airport VIP Limo Car Services in Chicago\",\"publisher\":{\"@id\":\"https:\\\/\\\/limosinn.com\\\/fr\\\/#organization\"},\"alternateName\":\"Chicago Limo Airport Black Car Service (Last Minute Chicago VIP Limousines and Airport Black Car SUV Rides Chauffeured Service (Chicago Limos Inn))\",\"potentialAction\":[{\"@type\":\"SearchAction\",\"target\":{\"@type\":\"EntryPoint\",\"urlTemplate\":\"https:\\\/\\\/limosinn.com\\\/fr\\\/?s={search_term_string}\"},\"query-input\":{\"@type\":\"PropertyValueSpecification\",\"valueRequired\":true,\"valueName\":\"search_term_string\"}}],\"inLanguage\":\"fr-FR\"},{\"@type\":\"Organization\",\"@id\":\"https:\\\/\\\/limosinn.com\\\/fr\\\/#organization\",\"name\":\"Chicago Limos Inn\u2122: Chicago City Limousines and Airport Black Car Service\",\"url\":\"https:\\\/\\\/limosinn.com\\\/fr\\\/\",\"logo\":{\"@type\":\"ImageObject\",\"inLanguage\":\"fr-FR\",\"@id\":\"https:\\\/\\\/limosinn.com\\\/fr\\\/#\\\/schema\\\/logo\\\/image\\\/\",\"url\":\"https:\\\/\\\/limosinn.com\\\/wp-content\\\/uploads\\\/2022\\\/11\\\/cropped-logo-limosinn-1.png\",\"contentUrl\":\"https:\\\/\\\/limosinn.com\\\/wp-content\\\/uploads\\\/2022\\\/11\\\/cropped-logo-limosinn-1.png\",\"width\":512,\"height\":512,\"caption\":\"Chicago Limos Inn\u2122: Chicago City Limousines and Airport Black Car Service\"},\"image\":{\"@id\":\"https:\\\/\\\/limosinn.com\\\/fr\\\/#\\\/schema\\\/logo\\\/image\\\/\"},\"sameAs\":[\"https:\\\/\\\/facebook.com\\\/ChicagoLimosInn\\\/\",\"https:\\\/\\\/x.com\\\/limosinn\"]}]}<\/script>\n<!-- \/ Yoast SEO Premium plugin. -->","yoast_head_json":{"title":"\u00c0 propos de Limos Inn | Services de limousine \u00e0 Chicago","description":"Chicago Limos Inn Chauffeured Services propose des services de transport en voiture haut de gamme et des services de limousine de luxe fiables et luxueux","robots":{"index":"index","follow":"follow","max-snippet":"max-snippet:-1","max-image-preview":"max-image-preview:large","max-video-preview":"max-video-preview:-1"},"canonical":"https:\/\/limosinn.com\/fr\/a-propos\/","og_locale":"fr_FR","og_type":"article","og_title":"\u00c0 propos","og_description":"Chicago Limos Inn Chauffeured Services propose des services de transport en voiture haut de gamme et des services de limousine de luxe fiables et luxueux","og_url":"https:\/\/limosinn.com\/fr\/a-propos\/","og_site_name":"Chicago Limos Inn\u2122","article_publisher":"https:\/\/facebook.com\/ChicagoLimosInn\/","article_modified_time":"2025-11-21T10:24:56+00:00","og_image":[{"width":1200,"height":675,"url":"https:\/\/limosinn.com\/wp-content\/uploads\/2022\/11\/website-limosinn-com.webp","type":"image\/webp"}],"twitter_card":"summary_large_image","twitter_site":"@limosinn","twitter_misc":{"Dur\u00e9e de lecture estim\u00e9e":"3 minutes"},"schema":{"@context":"https:\/\/schema.org","@graph":[{"@type":"WebPage","@id":"https:\/\/limosinn.com\/fr\/a-propos\/","url":"https:\/\/limosinn.com\/fr\/a-propos\/","name":"\u00c0 propos de Limos Inn | Services de limousine \u00e0 Chicago","isPartOf":{"@id":"https:\/\/limosinn.com\/fr\/#website"},"datePublished":"2019-04-05T09:23:56+00:00","dateModified":"2025-11-21T10:24:56+00:00","description":"Chicago Limos Inn Chauffeured Services propose des services de transport en voiture haut de gamme et des services de limousine de luxe fiables et luxueux","breadcrumb":{"@id":"https:\/\/limosinn.com\/fr\/a-propos\/#breadcrumb"},"inLanguage":"fr-FR","potentialAction":[{"@type":"ReadAction","target":["https:\/\/limosinn.com\/fr\/a-propos\/"]}]},{"@type":"BreadcrumbList","@id":"https:\/\/limosinn.com\/fr\/a-propos\/#breadcrumb","itemListElement":[{"@type":"ListItem","position":1,"name":"Home","item":"https:\/\/limosinn.com\/fr\/"},{"@type":"ListItem","position":2,"name":"\u00c0 propos"}]},{"@type":"WebSite","@id":"https:\/\/limosinn.com\/fr\/#website","url":"https:\/\/limosinn.com\/fr\/","name":"Chicago Limos Inn\u2122: Chicago City Limousines and Airport Black Car Service","description":"Most Reliable Airport VIP Limo Car Services in Chicago","publisher":{"@id":"https:\/\/limosinn.com\/fr\/#organization"},"alternateName":"Chicago Limo Airport Black Car Service (Last Minute Chicago VIP Limousines and Airport Black Car SUV Rides Chauffeured Service (Chicago Limos Inn))","potentialAction":[{"@type":"SearchAction","target":{"@type":"EntryPoint","urlTemplate":"https:\/\/limosinn.com\/fr\/?s={search_term_string}"},"query-input":{"@type":"PropertyValueSpecification","valueRequired":true,"valueName":"search_term_string"}}],"inLanguage":"fr-FR"},{"@type":"Organization","@id":"https:\/\/limosinn.com\/fr\/#organization","name":"Chicago Limos Inn\u2122: Chicago City Limousines and Airport Black Car Service","url":"https:\/\/limosinn.com\/fr\/","logo":{"@type":"ImageObject","inLanguage":"fr-FR","@id":"https:\/\/limosinn.com\/fr\/#\/schema\/logo\/image\/","url":"https:\/\/limosinn.com\/wp-content\/uploads\/2022\/11\/cropped-logo-limosinn-1.png","contentUrl":"https:\/\/limosinn.com\/wp-content\/uploads\/2022\/11\/cropped-logo-limosinn-1.png","width":512,"height":512,"caption":"Chicago Limos Inn\u2122: Chicago City Limousines and Airport Black Car Service"},"image":{"@id":"https:\/\/limosinn.com\/fr\/#\/schema\/logo\/image\/"},"sameAs":["https:\/\/facebook.com\/ChicagoLimosInn\/","https:\/\/x.com\/limosinn"]}]}},"_hostinger_reach_plugin_has_subscription_block":false,"_hostinger_reach_plugin_is_elementor":false,"_links":{"self":[{"href":"https:\/\/limosinn.com\/fr\/wp-json\/wp\/v2\/pages\/27811","targetHints":{"allow":["GET"]}}],"collection":[{"href":"https:\/\/limosinn.com\/fr\/wp-json\/wp\/v2\/pages"}],"about":[{"href":"https:\/\/limosinn.com\/fr\/wp-json\/wp\/v2\/types\/page"}],"author":[{"embeddable":true,"href":"https:\/\/limosinn.com\/fr\/wp-json\/wp\/v2\/users\/1"}],"replies":[{"embeddable":true,"href":"https:\/\/limosinn.com\/fr\/wp-json\/wp\/v2\/comments?post=27811"}],"version-history":[{"count":0,"href":"https:\/\/limosinn.com\/fr\/wp-json\/wp\/v2\/pages\/27811\/revisions"}],"wp:attachment":[{"href":"https:\/\/limosinn.com\/fr\/wp-json\/wp\/v2\/media?parent=27811"}],"curies":[{"name":"wp","href":"https:\/\/api.w.org\/{rel}","templated":true}]}}