{"id":27856,"date":"2019-04-05T09:25:38","date_gmt":"2019-04-05T09:25:38","guid":{"rendered":"https:\/\/limosinn.com\/autocar-pour-grand-groupe\/"},"modified":"2025-11-21T10:25:29","modified_gmt":"2025-11-21T10:25:29","slug":"autocar-pour-grand-groupe","status":"publish","type":"page","link":"https:\/\/limosinn.com\/fr\/autocar-pour-grand-groupe\/","title":{"rendered":"Autocar pour grand groupe"},"content":{"rendered":"<div class=\"wpb-content-wrapper\"><p>[vc_row][vc_column width=\u00a0\u00bb1\/2&Prime;][vc_single_image image=\u00a0\u00bb26527&Prime; img_size=\u00a0\u00bbfull\u00a0\u00bb css=\u00a0\u00bb\u00a0\u00bb][\/vc_column][vc_column width=\u00a0\u00bb1\/2&Prime;][vc_custom_heading text=\u00a0\u00bbService d\u2019autocar charter \u00e0 Chicago\u00a0\u00bb font_container=\u00a0\u00bbtag:h1|text_align:center\u00a0\u00bb google_fonts=\u00a0\u00bbfont_family:Montserrat%3Aregular%2C700|font_style:700%20bold%20regular%3A700%3Anormal\u00a0\u00bb css=\u00a0\u00bb.vc_custom_1763720726199{margin-bottom: 0px !important;}\u00a0\u00bb][vc_column_text css=\u00a0\u00bb\u00a0\u00bb el_class=\u00a0\u00bbtheme-padding-top-30&Prime;]<\/p>\n<p style=\"text-align: center;\"><strong>Planifiez-vous une visite de groupe ou un voyage d\u2019affaires \u00e0 Chicago ? Souhaitez-vous visiter la ville de Chicago cette ann\u00e9e ?<\/strong><br \/>\nVisitez une ville tr\u00e8s populaire avec style \u00e0 bord d\u2019un autocar confortable et bien entretenu ! Vous appr\u00e9cierez le luxe de voyager dans l\u2019un de nos autocars ou minibus \u00e9l\u00e9gamment am\u00e9nag\u00e9s. Nos chauffeurs professionnels et exp\u00e9riment\u00e9s naviguent habilement \u00e0 travers la circulation dense du centre-ville. Vous pouvez vous d\u00e9tendre et profiter de votre voyage tout en vous amusant et en d\u00e9couvrant davantage les sites et attractions uniques de la ville.<\/p>\n<p>[\/vc_column_text][\/vc_column][\/vc_row][vc_row el_class=\u00a0\u00bbtheme-margin-top-20&Prime;][vc_column width=\u00a0\u00bb1\/2&Prime;][vc_column_text css=\u00a0\u00bb\u00a0\u00bb el_class=\u00a0\u00bbtheme-padding-top-30&Prime;]Chez Chicago Limos Inn, vous allez adorer notre meilleure vari\u00e9t\u00e9 de services d&rsquo;autobus nolis\u00e9s pour le transport de groupes, y compris les autobus nolis\u00e9s de luxe, les autobus limousines et les fourgonnettes limousines qui conviennent \u00e0 votre grand groupe de 20 \u00e0 50 personnes.<\/p>\n<p>Nous veillerons \u00e0 ce que votre f\u00eate arrive \u00e0 destination en toute s\u00e9curit\u00e9 et \u00e0 l&rsquo;heure pr\u00e9vue !<\/p>\n<p>Nous proposons des v\u00e9hicules \u00e0 des prix abordables, des autocars de haute qualit\u00e9 et des autobus charters. Nous fournissons de nombreuses commodit\u00e9s. Vous trouverez ci-dessous quelques-uns des avantages que vous obtiendrez en affr\u00e9tant l&rsquo;un de nos v\u00e9hicules propres et modernes.[\/vc_column_text][\/vc_column][vc_column width=\u00a0\u00bb1\/2&Prime;][vc_single_image image=\u00a0\u00bb26537&Prime; img_size=\u00a0\u00bbfull\u00a0\u00bb alignment=\u00a0\u00bbright\u00a0\u00bb css=\u00a0\u00bb\u00a0\u00bb][\/vc_column][\/vc_row][vc_row][vc_column el_class=\u00a0\u00bbtheme-margin-bottom-0&Prime;][vc_custom_heading text=\u00a0\u00bbService d\u2019autocar charter \u00e0 Chicago\u00a0\u00bb font_container=\u00a0\u00bbtag:h3|text_align:center\u00a0\u00bb use_theme_fonts=\u00a0\u00bbyes\u00a0\u00bb css=\u00a0\u00bb\u00a0\u00bb el_class=\u00a0\u00bbtheme-margin-top-60 theme-margin-bottom-50&Prime;][\/vc_column][\/vc_row][vc_row el_class=\u00a0\u00bbtheme-column-style-6 theme-padding-bottom-0&Prime;][vc_column width=\u00a0\u00bb1\/2&Prime; el_class=\u00a0\u00bbtheme-margin-bottom-20&Prime;]<div class=\"theme-component-list theme-component-list-style-2\">\n<ul>\n<li>Nous disposons de chauffeurs locaux exp\u00e9riment\u00e9s.<\/li>\n<li>Nous vous s\u00e9duirons par nos tarifs \u00e9tonnamment abordables.<\/li>\n<\/ul>\n<\/div>[\/vc_column][vc_column width=\u00a0\u00bb1\/2&Prime; el_class=\u00a0\u00bbtheme-margin-bottom-20&Prime;]<div class=\"theme-component-list theme-component-list-style-2\">\n<ul>\n<li>Nous nous chargeons de trouver les meilleurs itin\u00e9raires de voyage ou places de parking.<\/li>\n<li>Vous voyagerez confortablement et arriverez \u00e0 destination repos\u00e9 et d\u00e9tendu !<\/li>\n<\/ul>\n<\/div>[\/vc_column][\/vc_row][vc_row el_class=\u00a0\u00bbtheme-column-style-6 theme-padding-bottom-0&Prime;][vc_column el_class=\u00a0\u00bbtheme-margin-bottom-20&Prime;]<div class=\"theme-component-list theme-component-list-style-2\">\n<ul>\n<li>Nous proposons des autocars de charter pour l\u2019a\u00e9roport, des bus pour bals\/de f\u00eates d\u2019anniversaire, des limousines d\u2019entreprise, des autocars pour \u00e9v\u00e9nements sportifs, ainsi que le transport de groupes nombreux longue distance ou hors de l\u2019\u00c9tat dans l\u2019Illinois.<\/li>\n<\/ul>\n<\/div>[\/vc_column][\/vc_row][vc_row][vc_column el_class=\u00a0\u00bbtheme-margin-bottom-0&Prime;][vc_column_text css=\u00a0\u00bb\u00a0\u00bb]<\/p>\n<p style=\"text-align: center;\"><a class=\"links\" href=\"tel:13122656322\"><strong>Appelez-nous<\/strong><\/a> d\u00e8s aujourd\u2019hui pour obtenir le meilleur <a class=\"links\" href=\"http:\/\/localhost:10004\/quote\/\"><strong>devis <\/strong><\/a>pour votre service de transport de groupe \u00e0 Chicago : limousine, bus, minibus, vans, location d\u2019autocar. Nous employons toujours des chauffeurs test\u00e9s pour drogues et ayant un casier judiciaire vierge.<\/p>\n<p>[\/vc_column_text][\/vc_column][\/vc_row]<\/p>\n<\/div>","protected":false},"excerpt":{"rendered":"<p>[vc_row][vc_column width=\u00a0\u00bb1\/2&Prime;][vc_single_image image=\u00a0\u00bb26527&Prime; img_size=\u00a0\u00bbfull\u00a0\u00bb css=\u00a0\u00bb\u00a0\u00bb][\/vc_column][vc_column width=\u00a0\u00bb1\/2&Prime;][vc_custom_heading text=\u00a0\u00bbService d\u2019autocar charter \u00e0 Chicago\u00a0\u00bb font_container=\u00a0\u00bbtag:h1|text_align:center\u00a0\u00bb google_fonts=\u00a0\u00bbfont_family:Montserrat%3Aregular%2C700|font_style:700%20bold%20regular%3A700%3Anormal\u00a0\u00bb css=\u00a0\u00bb.vc_custom_1763720726199{margin-bottom: 0px !important;}\u00a0\u00bb][vc_column_text css=\u00a0\u00bb\u00a0\u00bb el_class=\u00a0\u00bbtheme-padding-top-30&Prime;] Planifiez-vous une visite de groupe ou un voyage d\u2019affaires \u00e0 Chicago ? Souhaitez-vous visiter la ville de Chicago cette ann\u00e9e ? Visitez une ville tr\u00e8s populaire avec style \u00e0 bord d\u2019un autocar confortable et bien entretenu ! [&#8230;]<\/p>\n","protected":false},"author":1,"featured_media":0,"parent":0,"menu_order":0,"comment_status":"closed","ping_status":"closed","template":"","meta":{"footnotes":""},"class_list":["post-27856","page","type-page","status-publish","hentry"],"yoast_head":"<!-- This site is optimized with the Yoast SEO Premium plugin v27.4 (Yoast SEO v27.4) - https:\/\/yoast.com\/product\/yoast-seo-premium-wordpress\/ -->\n<title>Autocar pour grand groupe \u00e0 Chicago | Limos Inn<\/title>\n<meta name=\"description\" content=\"Limosinn propose des autocars spacieux pour le transport de grands groupes : a\u00e9roports, \u00e9v\u00e9nements, mariages, s\u00e9minaires, soir\u00e9es et plus.\" \/>\n<meta name=\"robots\" content=\"index, follow, max-snippet:-1, max-image-preview:large, max-video-preview:-1\" \/>\n<link rel=\"canonical\" href=\"https:\/\/limosinn.com\/fr\/autocar-pour-grand-groupe\/\" \/>\n<meta property=\"og:locale\" content=\"fr_FR\" \/>\n<meta property=\"og:type\" content=\"article\" \/>\n<meta property=\"og:title\" content=\"Autocar pour grand groupe\" \/>\n<meta property=\"og:description\" content=\"Limosinn propose des autocars spacieux pour le transport de grands groupes : a\u00e9roports, \u00e9v\u00e9nements, mariages, s\u00e9minaires, soir\u00e9es et plus.\" \/>\n<meta property=\"og:url\" content=\"https:\/\/limosinn.com\/fr\/autocar-pour-grand-groupe\/\" \/>\n<meta property=\"og:site_name\" content=\"Chicago Limos Inn\u2122\" \/>\n<meta property=\"article:publisher\" content=\"https:\/\/facebook.com\/ChicagoLimosInn\/\" \/>\n<meta property=\"article:modified_time\" content=\"2025-11-21T10:25:29+00:00\" \/>\n<meta property=\"og:image\" content=\"https:\/\/limosinn.com\/wp-content\/uploads\/2022\/11\/website-limosinn-com.webp\" \/>\n\t<meta property=\"og:image:width\" content=\"1200\" \/>\n\t<meta property=\"og:image:height\" content=\"675\" \/>\n\t<meta property=\"og:image:type\" content=\"image\/webp\" \/>\n<meta name=\"twitter:card\" content=\"summary_large_image\" \/>\n<meta name=\"twitter:site\" content=\"@limosinn\" \/>\n<meta name=\"twitter:label1\" content=\"Dur\u00e9e de lecture estim\u00e9e\" \/>\n\t<meta name=\"twitter:data1\" content=\"2 minutes\" \/>\n<script type=\"application\/ld+json\" class=\"yoast-schema-graph\">{\"@context\":\"https:\\\/\\\/schema.org\",\"@graph\":[{\"@type\":\"WebPage\",\"@id\":\"https:\\\/\\\/limosinn.com\\\/fr\\\/autocar-pour-grand-groupe\\\/\",\"url\":\"https:\\\/\\\/limosinn.com\\\/fr\\\/autocar-pour-grand-groupe\\\/\",\"name\":\"Autocar pour grand groupe \u00e0 Chicago | Limos Inn\",\"isPartOf\":{\"@id\":\"https:\\\/\\\/limosinn.com\\\/fr\\\/#website\"},\"datePublished\":\"2019-04-05T09:25:38+00:00\",\"dateModified\":\"2025-11-21T10:25:29+00:00\",\"description\":\"Limosinn propose des autocars spacieux pour le transport de grands groupes : a\u00e9roports, \u00e9v\u00e9nements, mariages, s\u00e9minaires, soir\u00e9es et plus.\",\"breadcrumb\":{\"@id\":\"https:\\\/\\\/limosinn.com\\\/fr\\\/autocar-pour-grand-groupe\\\/#breadcrumb\"},\"inLanguage\":\"fr-FR\",\"potentialAction\":[{\"@type\":\"ReadAction\",\"target\":[\"https:\\\/\\\/limosinn.com\\\/fr\\\/autocar-pour-grand-groupe\\\/\"]}]},{\"@type\":\"BreadcrumbList\",\"@id\":\"https:\\\/\\\/limosinn.com\\\/fr\\\/autocar-pour-grand-groupe\\\/#breadcrumb\",\"itemListElement\":[{\"@type\":\"ListItem\",\"position\":1,\"name\":\"Home\",\"item\":\"https:\\\/\\\/limosinn.com\\\/fr\\\/\"},{\"@type\":\"ListItem\",\"position\":2,\"name\":\"Autocar pour grand groupe\"}]},{\"@type\":\"WebSite\",\"@id\":\"https:\\\/\\\/limosinn.com\\\/fr\\\/#website\",\"url\":\"https:\\\/\\\/limosinn.com\\\/fr\\\/\",\"name\":\"Chicago Limos Inn\u2122: Chicago City Limousines and Airport Black Car Service\",\"description\":\"Most Reliable Airport VIP Limo Car Services in Chicago\",\"publisher\":{\"@id\":\"https:\\\/\\\/limosinn.com\\\/fr\\\/#organization\"},\"alternateName\":\"Chicago Limo Airport Black Car Service (Last Minute Chicago VIP Limousines and Airport Black Car SUV Rides Chauffeured Service (Chicago Limos Inn))\",\"potentialAction\":[{\"@type\":\"SearchAction\",\"target\":{\"@type\":\"EntryPoint\",\"urlTemplate\":\"https:\\\/\\\/limosinn.com\\\/fr\\\/?s={search_term_string}\"},\"query-input\":{\"@type\":\"PropertyValueSpecification\",\"valueRequired\":true,\"valueName\":\"search_term_string\"}}],\"inLanguage\":\"fr-FR\"},{\"@type\":\"Organization\",\"@id\":\"https:\\\/\\\/limosinn.com\\\/fr\\\/#organization\",\"name\":\"Chicago Limos Inn\u2122: Chicago City Limousines and Airport Black Car Service\",\"url\":\"https:\\\/\\\/limosinn.com\\\/fr\\\/\",\"logo\":{\"@type\":\"ImageObject\",\"inLanguage\":\"fr-FR\",\"@id\":\"https:\\\/\\\/limosinn.com\\\/fr\\\/#\\\/schema\\\/logo\\\/image\\\/\",\"url\":\"https:\\\/\\\/limosinn.com\\\/wp-content\\\/uploads\\\/2022\\\/11\\\/cropped-logo-limosinn-1.png\",\"contentUrl\":\"https:\\\/\\\/limosinn.com\\\/wp-content\\\/uploads\\\/2022\\\/11\\\/cropped-logo-limosinn-1.png\",\"width\":512,\"height\":512,\"caption\":\"Chicago Limos Inn\u2122: Chicago City Limousines and Airport Black Car Service\"},\"image\":{\"@id\":\"https:\\\/\\\/limosinn.com\\\/fr\\\/#\\\/schema\\\/logo\\\/image\\\/\"},\"sameAs\":[\"https:\\\/\\\/facebook.com\\\/ChicagoLimosInn\\\/\",\"https:\\\/\\\/x.com\\\/limosinn\"]}]}<\/script>\n<!-- \/ Yoast SEO Premium plugin. -->","yoast_head_json":{"title":"Autocar pour grand groupe \u00e0 Chicago | Limos Inn","description":"Limosinn propose des autocars spacieux pour le transport de grands groupes : a\u00e9roports, \u00e9v\u00e9nements, mariages, s\u00e9minaires, soir\u00e9es et plus.","robots":{"index":"index","follow":"follow","max-snippet":"max-snippet:-1","max-image-preview":"max-image-preview:large","max-video-preview":"max-video-preview:-1"},"canonical":"https:\/\/limosinn.com\/fr\/autocar-pour-grand-groupe\/","og_locale":"fr_FR","og_type":"article","og_title":"Autocar pour grand groupe","og_description":"Limosinn propose des autocars spacieux pour le transport de grands groupes : a\u00e9roports, \u00e9v\u00e9nements, mariages, s\u00e9minaires, soir\u00e9es et plus.","og_url":"https:\/\/limosinn.com\/fr\/autocar-pour-grand-groupe\/","og_site_name":"Chicago Limos Inn\u2122","article_publisher":"https:\/\/facebook.com\/ChicagoLimosInn\/","article_modified_time":"2025-11-21T10:25:29+00:00","og_image":[{"width":1200,"height":675,"url":"https:\/\/limosinn.com\/wp-content\/uploads\/2022\/11\/website-limosinn-com.webp","type":"image\/webp"}],"twitter_card":"summary_large_image","twitter_site":"@limosinn","twitter_misc":{"Dur\u00e9e de lecture estim\u00e9e":"2 minutes"},"schema":{"@context":"https:\/\/schema.org","@graph":[{"@type":"WebPage","@id":"https:\/\/limosinn.com\/fr\/autocar-pour-grand-groupe\/","url":"https:\/\/limosinn.com\/fr\/autocar-pour-grand-groupe\/","name":"Autocar pour grand groupe \u00e0 Chicago | Limos Inn","isPartOf":{"@id":"https:\/\/limosinn.com\/fr\/#website"},"datePublished":"2019-04-05T09:25:38+00:00","dateModified":"2025-11-21T10:25:29+00:00","description":"Limosinn propose des autocars spacieux pour le transport de grands groupes : a\u00e9roports, \u00e9v\u00e9nements, mariages, s\u00e9minaires, soir\u00e9es et plus.","breadcrumb":{"@id":"https:\/\/limosinn.com\/fr\/autocar-pour-grand-groupe\/#breadcrumb"},"inLanguage":"fr-FR","potentialAction":[{"@type":"ReadAction","target":["https:\/\/limosinn.com\/fr\/autocar-pour-grand-groupe\/"]}]},{"@type":"BreadcrumbList","@id":"https:\/\/limosinn.com\/fr\/autocar-pour-grand-groupe\/#breadcrumb","itemListElement":[{"@type":"ListItem","position":1,"name":"Home","item":"https:\/\/limosinn.com\/fr\/"},{"@type":"ListItem","position":2,"name":"Autocar pour grand groupe"}]},{"@type":"WebSite","@id":"https:\/\/limosinn.com\/fr\/#website","url":"https:\/\/limosinn.com\/fr\/","name":"Chicago Limos Inn\u2122: Chicago City Limousines and Airport Black Car Service","description":"Most Reliable Airport VIP Limo Car Services in Chicago","publisher":{"@id":"https:\/\/limosinn.com\/fr\/#organization"},"alternateName":"Chicago Limo Airport Black Car Service (Last Minute Chicago VIP Limousines and Airport Black Car SUV Rides Chauffeured Service (Chicago Limos Inn))","potentialAction":[{"@type":"SearchAction","target":{"@type":"EntryPoint","urlTemplate":"https:\/\/limosinn.com\/fr\/?s={search_term_string}"},"query-input":{"@type":"PropertyValueSpecification","valueRequired":true,"valueName":"search_term_string"}}],"inLanguage":"fr-FR"},{"@type":"Organization","@id":"https:\/\/limosinn.com\/fr\/#organization","name":"Chicago Limos Inn\u2122: Chicago City Limousines and Airport Black Car Service","url":"https:\/\/limosinn.com\/fr\/","logo":{"@type":"ImageObject","inLanguage":"fr-FR","@id":"https:\/\/limosinn.com\/fr\/#\/schema\/logo\/image\/","url":"https:\/\/limosinn.com\/wp-content\/uploads\/2022\/11\/cropped-logo-limosinn-1.png","contentUrl":"https:\/\/limosinn.com\/wp-content\/uploads\/2022\/11\/cropped-logo-limosinn-1.png","width":512,"height":512,"caption":"Chicago Limos Inn\u2122: Chicago City Limousines and Airport Black Car Service"},"image":{"@id":"https:\/\/limosinn.com\/fr\/#\/schema\/logo\/image\/"},"sameAs":["https:\/\/facebook.com\/ChicagoLimosInn\/","https:\/\/x.com\/limosinn"]}]}},"_hostinger_reach_plugin_has_subscription_block":false,"_hostinger_reach_plugin_is_elementor":false,"_links":{"self":[{"href":"https:\/\/limosinn.com\/fr\/wp-json\/wp\/v2\/pages\/27856","targetHints":{"allow":["GET"]}}],"collection":[{"href":"https:\/\/limosinn.com\/fr\/wp-json\/wp\/v2\/pages"}],"about":[{"href":"https:\/\/limosinn.com\/fr\/wp-json\/wp\/v2\/types\/page"}],"author":[{"embeddable":true,"href":"https:\/\/limosinn.com\/fr\/wp-json\/wp\/v2\/users\/1"}],"replies":[{"embeddable":true,"href":"https:\/\/limosinn.com\/fr\/wp-json\/wp\/v2\/comments?post=27856"}],"version-history":[{"count":0,"href":"https:\/\/limosinn.com\/fr\/wp-json\/wp\/v2\/pages\/27856\/revisions"}],"wp:attachment":[{"href":"https:\/\/limosinn.com\/fr\/wp-json\/wp\/v2\/media?parent=27856"}],"curies":[{"name":"wp","href":"https:\/\/api.w.org\/{rel}","templated":true}]}}