{"id":27879,"date":"2019-04-05T09:24:36","date_gmt":"2019-04-05T09:24:36","guid":{"rendered":"https:\/\/limosinn.com\/nos-services\/"},"modified":"2025-11-21T10:36:47","modified_gmt":"2025-11-21T10:36:47","slug":"nos-services","status":"publish","type":"page","link":"https:\/\/limosinn.com\/fr\/nos-services\/","title":{"rendered":"Nos services"},"content":{"rendered":"<div class=\"wpb-content-wrapper\"><p>[vc_row][vc_column][vc_raw_html css=\u00a0\u00bb\u00a0\u00bb]PGRpdiBjbGFzcz0id3BiX3dyYXBwZXIiPgogICAgPGRpdiBjbGFzcz0iaW5mby1ibG9jayIgc3R5bGU9ImJhY2tncm91bmQtY29sb3I6ICNGREMzMkE7IGJvcmRlcjogMnB4IHNvbGlkICMyRTMxOTI7IGJvcmRlci1yYWRpdXM6IDEwcHg7IHBhZGRpbmc6IDE1cHg7IHRleHQtYWxpZ246IGNlbnRlcjsgZm9udC1mYW1pbHk6IEFyaWFsLCBzYW5zLXNlcmlmOyBmb250LXNpemU6IDI4cHg7IGZvbnQtd2VpZ2h0OiBib2xkOyBjb2xvcjogIzJFMzE5MjsgYm94LXNoYWRvdzogMCA0cHggOHB4IHJnYmEoMCwgMCwgMCwgMC4yKTsiPgogTm91cyBzb21tZXMgb3V2ZXJ0cyAyNCBoZXVyZXMgc3VyIDI0LCBub3VzIGFsbG9ucyBwYXJ0b3V0IGV0IG5vdXMgYWNjZXB0b25zIHRvdXRlcyBsZXMgcsOpc2VydmF0aW9ucyBkZSBkZXJuacOocmUgbWludXRlIHBvdXIgbGltb3VzaW5lcyBvdSBTVVYgQmxhY2sgQ2FyIGRhbnMgbGUgY29tdMOpIGRlIENvb2suIFZldWlsbGV6IGFwcGVsZXIgPGEgaHJlZj0idGVsOjEtMzEyLTI2NS02MzIyIiBzdHlsZT0iY29sb3I6ICMyRTMxOTI7IHRleHQtZGVjb3JhdGlvbjogbm9uZTsgZm9udC13ZWlnaHQ6IGJvbGQ7IGZvbnQtc2l6ZToyNHB4OyI+MS0zMTItMjY1LTYzMjI8L2E+CiAgICA8L2Rpdj4KPC9kaXY+Cg==[\/vc_raw_html][\/vc_column][\/vc_row][vc_row el_class=\u00a0\u00bbtheme-margin-bottom-60&Prime;][vc_column][vc_custom_heading text=\u00a0\u00bbServices de transport Chicago Limos Inn\u00a0\u00bb font_container=\u00a0\u00bbtag:h1|text_align:center\u00a0\u00bb use_theme_fonts=\u00a0\u00bbyes\u00a0\u00bb css=\u00a0\u00bb\u00a0\u00bb][vc_column_text css=\u00a0\u00bb\u00a0\u00bb]<\/p>\n<p style=\"text-align: center;\">Nous servons les <strong>voyageurs d\u2019affaires<\/strong>, les<strong> r\u00e9sidents<\/strong> et les <strong>visiteurs<\/strong> depuis plus de <strong>10 ans<\/strong>. Nous disposons d\u2019une flotte \u00e9tendue comprenant des <strong>berlines<\/strong> d\u2019entreprise, des <strong>vans <\/strong>et <strong>SUV<\/strong>, des <strong>limousines<\/strong> allong\u00e9es et des <strong>bus<\/strong>. Quelle que soit l\u2019occasion, nous avons le v\u00e9hicule adapt\u00e9. Nous veillons \u00e9galement \u00e0 ce que notre flotte soit toujours impeccable et r\u00e9guli\u00e8rement entretenue.<\/p>\n<p>[\/vc_column_text][\/vc_column][\/vc_row][vc_row full_width=\u00a0\u00bbstretch_row\u00a0\u00bb css=\u00a0\u00bb.vc_custom_1576584180851{background-color: #f6f6f6 !important;}\u00a0\u00bb el_class=\u00a0\u00bbtheme-column-style-2 theme-padding-bottom-0&Prime;][vc_column]\r\n            <p class=\"theme-component-paragraph-large theme-component-paragraph-large-style-2 aligncenter theme-margin-bottom-60\">\r\n                La collection parfaite de v\u00e9hicules \u2014<br \/>\nQuelle que soit votre occasion, choisissez notre service.\r\n            <\/p>\r\n        <p>[vc_row][vc_column el_class=\"theme-margin-bottom-10\"]\n            <div data-column_count=\"2\" class=\"theme-component-gallery theme-component-gallery-type-1 theme-component-gallery-effect-type-2\">\n                <ul>\n                    \r\n            <li class=\"theme-component-gallery-item-width-50\">\r\n                <a data-fancybox-group=\"autoride-gallery-1\" href=\"\/notre-dame-game-limo\/\">\r\n                    <img decoding=\"async\" src=\"https:\/\/limosinn.com\/wp-content\/uploads\/2022\/11\/notre-dame-gamme-limo.webp\" alt=\"Image\"\/>\r\n                    <span><span><\/span><span>NOTRE DAME GAME LIMO<\/span><\/span>\r\n                    <i><\/i>\r\n                <\/a>\r\n            <\/li>\r\n        \r\n            <li class=\"theme-component-gallery-item-width-50\">\r\n                <a data-fancybox-group=\"autoride-gallery-1\" href=\"\/airport-transfers\/\">\r\n                    <img decoding=\"async\" src=\"https:\/\/limosinn.com\/wp-content\/uploads\/2022\/11\/airport-transfert-chicago-limosine-service.webp\" alt=\"airport-transfert-chicago-limosine-service\"\/>\r\n                    <span><span><\/span><span>AIRPORT TRANSFERS<\/span><\/span>\r\n                    <i><\/i>\r\n                <\/a>\r\n            <\/li>\r\n        \r\n            <li class=\"theme-component-gallery-item-width-50\">\r\n                <a data-fancybox-group=\"autoride-gallery-1\" href=\"\/corporate-travel\/\">\r\n                    <img decoding=\"async\" src=\"https:\/\/limosinn.com\/wp-content\/uploads\/2022\/11\/corporate-travel-chicago-limosine-service.webp\" alt=\"corporate travel limo service\"\/>\r\n                    <span><span><\/span><span>CORPORATE TRAVEL<\/span><\/span>\r\n                    <i><\/i>\r\n                <\/a>\r\n            <\/li>\r\n        \r\n            <li class=\"theme-component-gallery-item-width-25\">\r\n                <a data-fancybox-group=\"autoride-gallery-1\" href=\"\/special-occasions\/\">\r\n                    <img decoding=\"async\" src=\"https:\/\/limosinn.com\/wp-content\/uploads\/2022\/11\/wedding-limo-service-package.webp\" alt=\"Image\"\/>\r\n                    <span><span><\/span><span>SPECIAL OCCASIONS<\/span><\/span>\r\n                    <i><\/i>\r\n                <\/a>\r\n            <\/li>\r\n        \r\n            <li class=\"theme-component-gallery-item-width-25\">\r\n                <a data-fancybox-group=\"autoride-gallery-1\" href=\"\/large-groups\/\">\r\n                    <img decoding=\"async\" src=\"https:\/\/limosinn.com\/wp-content\/uploads\/2022\/11\/large-group-limousine-service-1.webp\" alt=\"Image\"\/>\r\n                    <span><span><\/span><span>LARGE GROUPS<\/span><\/span>\r\n                    <i><\/i>\r\n                <\/a>\r\n            <\/li>\r\n        \r\n            <li class=\"theme-component-gallery-item-width-25\">\r\n                <a data-fancybox-group=\"autoride-gallery-1\" href=\"\/interstate-service\/\">\r\n                    <img decoding=\"async\" src=\"https:\/\/limosinn.com\/wp-content\/uploads\/2022\/11\/interstate-limo-service.webp\" alt=\"Image\"\/>\r\n                    <span><span><\/span><span>INTERSTATE SERVICE<\/span><\/span>\r\n                    <i><\/i>\r\n                <\/a>\r\n            <\/li>\r\n        \r\n            <li class=\"theme-component-gallery-item-width-25\">\r\n                <a data-fancybox-group=\"autoride-gallery-1\" href=\"\/sporting-events\/\">\r\n                    <img decoding=\"async\" src=\"https:\/\/limosinn.com\/wp-content\/uploads\/2022\/11\/sporting-event.webp\" alt=\"Image\"\/>\r\n                    <span><span><\/span><span>SPORTING EVENTS<\/span><\/span>\r\n                    <i><\/i>\r\n                <\/a>\r\n            <\/li>\r\n        \r\n            <li class=\"theme-component-gallery-item-width-50\">\r\n                <a data-fancybox-group=\"autoride-gallery-1\" href=\"\/airport-taxi-services\/\">\r\n                    <img decoding=\"async\" src=\"https:\/\/limosinn.com\/wp-content\/uploads\/2022\/11\/airport-taxi-services.webp\" alt=\"Image\"\/>\r\n                    <span><span><\/span><span>AIRPORT TAXI SERVICES<\/span><\/span>\r\n                    <i><\/i>\r\n                <\/a>\r\n            <\/li>\r\n        \r\n            <li class=\"theme-component-gallery-item-width-50\">\r\n                <a data-fancybox-group=\"autoride-gallery-1\" href=\"\/hourly-limo-service\/\">\r\n                    <img decoding=\"async\" src=\"https:\/\/limosinn.com\/wp-content\/uploads\/2022\/11\/hourly-limo-service.webp\" alt=\"Image\"\/>\r\n                    <span><span><\/span><span>HOURLY LIMO SERVICE<\/span><\/span>\r\n                    <i><\/i>\r\n                <\/a>\r\n            <\/li>\r\n        \r\n            <li class=\"theme-component-gallery-item-width-25\">\r\n                <a data-fancybox-group=\"autoride-gallery-1\" href=\"\/point-to-point-limo\/\">\r\n                    <img decoding=\"async\" src=\"https:\/\/limosinn.com\/wp-content\/uploads\/2022\/11\/point-to-point-limos-service.webp\" alt=\"Image\"\/>\r\n                    <span><span><\/span><span>POINT TO POINT LIMO<\/span><\/span>\r\n                    <i><\/i>\r\n                <\/a>\r\n            <\/li>\r\n        \r\n            <li class=\"theme-component-gallery-item-width-25\">\r\n                <a data-fancybox-group=\"autoride-gallery-1\" href=\"\/night-out-limo-service\/\">\r\n                    <img decoding=\"async\" src=\"https:\/\/limosinn.com\/wp-content\/uploads\/2022\/11\/night-out-event-limo.webp\" alt=\"Image\"\/>\r\n                    <span><span><\/span><span>NIGHT OUT LIMO SERVICE<\/span><\/span>\r\n                    <i><\/i>\r\n                <\/a>\r\n            <\/li>\r\n        \r\n            <li class=\"theme-component-gallery-item-width-50\">\r\n                <a data-fancybox-group=\"autoride-gallery-1\" href=\"\/sightseeing-limo\/\">\r\n                    <img decoding=\"async\" src=\"https:\/\/limosinn.com\/wp-content\/uploads\/2022\/11\/SIGHTSEEING-chicago-limousine.webp\" alt=\"Image\"\/>\r\n                    <span><span><\/span><span>SIGHTSEEING LIMO<\/span><\/span>\r\n                    <i><\/i>\r\n                <\/a>\r\n            <\/li>\r\n        \r\n            <li class=\"theme-component-gallery-item-width-50\">\r\n                <a data-fancybox-group=\"autoride-gallery-1\" href=\"\/university-limousine\/\">\r\n                    <img decoding=\"async\" src=\"https:\/\/limosinn.com\/wp-content\/uploads\/2022\/11\/university-limo-service.webp\" alt=\"Image\"\/>\r\n                    <span><span><\/span><span>UNIVERSITY LIMOUSINE<\/span><\/span>\r\n                    <i><\/i>\r\n                <\/a>\r\n            <\/li>\r\n        \n                <\/ul>\n            <\/div>\n        [\/vc_column][\/vc_row]<\/p>\r\n[\/vc_column][\/vc_row]<\/p>\n<\/div>","protected":false},"excerpt":{"rendered":"<p>[vc_row][vc_column][vc_raw_html css=\u00a0\u00bb\u00a0\u00bb]PGRpdiBjbGFzcz0id3BiX3dyYXBwZXIiPgogICAgPGRpdiBjbGFzcz0iaW5mby1ibG9jayIgc3R5bGU9ImJhY2tncm91bmQtY29sb3I6ICNGREMzMkE7IGJvcmRlcjogMnB4IHNvbGlkICMyRTMxOTI7IGJvcmRlci1yYWRpdXM6IDEwcHg7IHBhZGRpbmc6IDE1cHg7IHRleHQtYWxpZ246IGNlbnRlcjsgZm9udC1mYW1pbHk6IEFyaWFsLCBzYW5zLXNlcmlmOyBmb250LXNpemU6IDI4cHg7IGZvbnQtd2VpZ2h0OiBib2xkOyBjb2xvcjogIzJFMzE5MjsgYm94LXNoYWRvdzogMCA0cHggOHB4IHJnYmEoMCwgMCwgMCwgMC4yKTsiPgogTm91cyBzb21tZXMgb3V2ZXJ0cyAyNCBoZXVyZXMgc3VyIDI0LCBub3VzIGFsbG9ucyBwYXJ0b3V0IGV0IG5vdXMgYWNjZXB0b25zIHRvdXRlcyBsZXMgcsOpc2VydmF0aW9ucyBkZSBkZXJuacOocmUgbWludXRlIHBvdXIgbGltb3VzaW5lcyBvdSBTVVYgQmxhY2sgQ2FyIGRhbnMgbGUgY29tdMOpIGRlIENvb2suIFZldWlsbGV6IGFwcGVsZXIgPGEgaHJlZj0idGVsOjEtMzEyLTI2NS02MzIyIiBzdHlsZT0iY29sb3I6ICMyRTMxOTI7IHRleHQtZGVjb3JhdGlvbjogbm9uZTsgZm9udC13ZWlnaHQ6IGJvbGQ7IGZvbnQtc2l6ZToyNHB4OyI+MS0zMTItMjY1LTYzMjI8L2E+CiAgICA8L2Rpdj4KPC9kaXY+Cg==[\/vc_raw_html][\/vc_column][\/vc_row][vc_row el_class=\u00a0\u00bbtheme-margin-bottom-60&Prime;][vc_column][vc_custom_heading text=\u00a0\u00bbServices de transport Chicago Limos Inn\u00a0\u00bb font_container=\u00a0\u00bbtag:h1|text_align:center\u00a0\u00bb use_theme_fonts=\u00a0\u00bbyes\u00a0\u00bb css=\u00a0\u00bb\u00a0\u00bb][vc_column_text css=\u00a0\u00bb\u00a0\u00bb] Nous servons les voyageurs d\u2019affaires, les r\u00e9sidents et les visiteurs depuis plus de 10 ans. Nous disposons d\u2019une flotte \u00e9tendue comprenant des berlines d\u2019entreprise, des vans et SUV, des limousines allong\u00e9es et des bus. Quelle que soit l\u2019occasion, nous avons le v\u00e9hicule [&#8230;]<\/p>\n","protected":false},"author":1,"featured_media":0,"parent":0,"menu_order":0,"comment_status":"closed","ping_status":"closed","template":"","meta":{"footnotes":""},"class_list":["post-27879","page","type-page","status-publish","hentry"],"yoast_head":"<!-- This site is optimized with the Yoast SEO Premium plugin v27.4 (Yoast SEO v27.4) - https:\/\/yoast.com\/product\/yoast-seo-premium-wordpress\/ -->\n<title>Limos Inn Chicago \u2013 Services de Limousine Premium<\/title>\n<meta name=\"description\" content=\"D\u00e9couvrez le luxe avec Limos Inn Chicago. Limousines de luxe, trajets d&#039;affaires et services de voitures haut de gamme pour des d\u00e9placements sans encombre.\" \/>\n<meta name=\"robots\" content=\"index, follow, max-snippet:-1, max-image-preview:large, max-video-preview:-1\" \/>\n<link rel=\"canonical\" href=\"https:\/\/limosinn.com\/fr\/nos-services\/\" \/>\n<meta property=\"og:locale\" content=\"fr_FR\" \/>\n<meta property=\"og:type\" content=\"article\" \/>\n<meta property=\"og:title\" content=\"Nos services\" \/>\n<meta property=\"og:description\" content=\"D\u00e9couvrez le luxe avec Limos Inn Chicago. Limousines de luxe, trajets d&#039;affaires et services de voitures haut de gamme pour des d\u00e9placements sans encombre.\" \/>\n<meta property=\"og:url\" content=\"https:\/\/limosinn.com\/fr\/nos-services\/\" \/>\n<meta property=\"og:site_name\" content=\"Chicago Limos Inn\u2122\" \/>\n<meta property=\"article:publisher\" content=\"https:\/\/facebook.com\/ChicagoLimosInn\/\" \/>\n<meta property=\"article:modified_time\" content=\"2025-11-21T10:36:47+00:00\" \/>\n<meta property=\"og:image\" content=\"https:\/\/limosinn.com\/wp-content\/uploads\/2022\/11\/website-limosinn-com.webp\" \/>\n\t<meta property=\"og:image:width\" content=\"1200\" \/>\n\t<meta property=\"og:image:height\" content=\"675\" \/>\n\t<meta property=\"og:image:type\" content=\"image\/webp\" \/>\n<meta name=\"twitter:card\" content=\"summary_large_image\" \/>\n<meta name=\"twitter:site\" content=\"@limosinn\" \/>\n<meta name=\"twitter:label1\" content=\"Dur\u00e9e de lecture estim\u00e9e\" \/>\n\t<meta name=\"twitter:data1\" content=\"1 minute\" \/>\n<script type=\"application\/ld+json\" class=\"yoast-schema-graph\">{\"@context\":\"https:\\\/\\\/schema.org\",\"@graph\":[{\"@type\":\"WebPage\",\"@id\":\"https:\\\/\\\/limosinn.com\\\/fr\\\/nos-services\\\/\",\"url\":\"https:\\\/\\\/limosinn.com\\\/fr\\\/nos-services\\\/\",\"name\":\"Limos Inn Chicago \u2013 Services de Limousine Premium\",\"isPartOf\":{\"@id\":\"https:\\\/\\\/limosinn.com\\\/fr\\\/#website\"},\"datePublished\":\"2019-04-05T09:24:36+00:00\",\"dateModified\":\"2025-11-21T10:36:47+00:00\",\"description\":\"D\u00e9couvrez le luxe avec Limos Inn Chicago. Limousines de luxe, trajets d'affaires et services de voitures haut de gamme pour des d\u00e9placements sans encombre.\",\"breadcrumb\":{\"@id\":\"https:\\\/\\\/limosinn.com\\\/fr\\\/nos-services\\\/#breadcrumb\"},\"inLanguage\":\"fr-FR\",\"potentialAction\":[{\"@type\":\"ReadAction\",\"target\":[\"https:\\\/\\\/limosinn.com\\\/fr\\\/nos-services\\\/\"]}]},{\"@type\":\"BreadcrumbList\",\"@id\":\"https:\\\/\\\/limosinn.com\\\/fr\\\/nos-services\\\/#breadcrumb\",\"itemListElement\":[{\"@type\":\"ListItem\",\"position\":1,\"name\":\"Home\",\"item\":\"https:\\\/\\\/limosinn.com\\\/fr\\\/\"},{\"@type\":\"ListItem\",\"position\":2,\"name\":\"Nos services\"}]},{\"@type\":\"WebSite\",\"@id\":\"https:\\\/\\\/limosinn.com\\\/fr\\\/#website\",\"url\":\"https:\\\/\\\/limosinn.com\\\/fr\\\/\",\"name\":\"Chicago Limos Inn\u2122: Chicago City Limousines and Airport Black Car Service\",\"description\":\"Most Reliable Airport VIP Limo Car Services in Chicago\",\"publisher\":{\"@id\":\"https:\\\/\\\/limosinn.com\\\/fr\\\/#organization\"},\"alternateName\":\"Chicago Limo Airport Black Car Service (Last Minute Chicago VIP Limousines and Airport Black Car SUV Rides Chauffeured Service (Chicago Limos Inn))\",\"potentialAction\":[{\"@type\":\"SearchAction\",\"target\":{\"@type\":\"EntryPoint\",\"urlTemplate\":\"https:\\\/\\\/limosinn.com\\\/fr\\\/?s={search_term_string}\"},\"query-input\":{\"@type\":\"PropertyValueSpecification\",\"valueRequired\":true,\"valueName\":\"search_term_string\"}}],\"inLanguage\":\"fr-FR\"},{\"@type\":\"Organization\",\"@id\":\"https:\\\/\\\/limosinn.com\\\/fr\\\/#organization\",\"name\":\"Chicago Limos Inn\u2122: Chicago City Limousines and Airport Black Car Service\",\"url\":\"https:\\\/\\\/limosinn.com\\\/fr\\\/\",\"logo\":{\"@type\":\"ImageObject\",\"inLanguage\":\"fr-FR\",\"@id\":\"https:\\\/\\\/limosinn.com\\\/fr\\\/#\\\/schema\\\/logo\\\/image\\\/\",\"url\":\"https:\\\/\\\/limosinn.com\\\/wp-content\\\/uploads\\\/2022\\\/11\\\/cropped-logo-limosinn-1.png\",\"contentUrl\":\"https:\\\/\\\/limosinn.com\\\/wp-content\\\/uploads\\\/2022\\\/11\\\/cropped-logo-limosinn-1.png\",\"width\":512,\"height\":512,\"caption\":\"Chicago Limos Inn\u2122: Chicago City Limousines and Airport Black Car Service\"},\"image\":{\"@id\":\"https:\\\/\\\/limosinn.com\\\/fr\\\/#\\\/schema\\\/logo\\\/image\\\/\"},\"sameAs\":[\"https:\\\/\\\/facebook.com\\\/ChicagoLimosInn\\\/\",\"https:\\\/\\\/x.com\\\/limosinn\"]}]}<\/script>\n<!-- \/ Yoast SEO Premium plugin. -->","yoast_head_json":{"title":"Limos Inn Chicago \u2013 Services de Limousine Premium","description":"D\u00e9couvrez le luxe avec Limos Inn Chicago. Limousines de luxe, trajets d'affaires et services de voitures haut de gamme pour des d\u00e9placements sans encombre.","robots":{"index":"index","follow":"follow","max-snippet":"max-snippet:-1","max-image-preview":"max-image-preview:large","max-video-preview":"max-video-preview:-1"},"canonical":"https:\/\/limosinn.com\/fr\/nos-services\/","og_locale":"fr_FR","og_type":"article","og_title":"Nos services","og_description":"D\u00e9couvrez le luxe avec Limos Inn Chicago. Limousines de luxe, trajets d'affaires et services de voitures haut de gamme pour des d\u00e9placements sans encombre.","og_url":"https:\/\/limosinn.com\/fr\/nos-services\/","og_site_name":"Chicago Limos Inn\u2122","article_publisher":"https:\/\/facebook.com\/ChicagoLimosInn\/","article_modified_time":"2025-11-21T10:36:47+00:00","og_image":[{"width":1200,"height":675,"url":"https:\/\/limosinn.com\/wp-content\/uploads\/2022\/11\/website-limosinn-com.webp","type":"image\/webp"}],"twitter_card":"summary_large_image","twitter_site":"@limosinn","twitter_misc":{"Dur\u00e9e de lecture estim\u00e9e":"1 minute"},"schema":{"@context":"https:\/\/schema.org","@graph":[{"@type":"WebPage","@id":"https:\/\/limosinn.com\/fr\/nos-services\/","url":"https:\/\/limosinn.com\/fr\/nos-services\/","name":"Limos Inn Chicago \u2013 Services de Limousine Premium","isPartOf":{"@id":"https:\/\/limosinn.com\/fr\/#website"},"datePublished":"2019-04-05T09:24:36+00:00","dateModified":"2025-11-21T10:36:47+00:00","description":"D\u00e9couvrez le luxe avec Limos Inn Chicago. Limousines de luxe, trajets d'affaires et services de voitures haut de gamme pour des d\u00e9placements sans encombre.","breadcrumb":{"@id":"https:\/\/limosinn.com\/fr\/nos-services\/#breadcrumb"},"inLanguage":"fr-FR","potentialAction":[{"@type":"ReadAction","target":["https:\/\/limosinn.com\/fr\/nos-services\/"]}]},{"@type":"BreadcrumbList","@id":"https:\/\/limosinn.com\/fr\/nos-services\/#breadcrumb","itemListElement":[{"@type":"ListItem","position":1,"name":"Home","item":"https:\/\/limosinn.com\/fr\/"},{"@type":"ListItem","position":2,"name":"Nos services"}]},{"@type":"WebSite","@id":"https:\/\/limosinn.com\/fr\/#website","url":"https:\/\/limosinn.com\/fr\/","name":"Chicago Limos Inn\u2122: Chicago City Limousines and Airport Black Car Service","description":"Most Reliable Airport VIP Limo Car Services in Chicago","publisher":{"@id":"https:\/\/limosinn.com\/fr\/#organization"},"alternateName":"Chicago Limo Airport Black Car Service (Last Minute Chicago VIP Limousines and Airport Black Car SUV Rides Chauffeured Service (Chicago Limos Inn))","potentialAction":[{"@type":"SearchAction","target":{"@type":"EntryPoint","urlTemplate":"https:\/\/limosinn.com\/fr\/?s={search_term_string}"},"query-input":{"@type":"PropertyValueSpecification","valueRequired":true,"valueName":"search_term_string"}}],"inLanguage":"fr-FR"},{"@type":"Organization","@id":"https:\/\/limosinn.com\/fr\/#organization","name":"Chicago Limos Inn\u2122: Chicago City Limousines and Airport Black Car Service","url":"https:\/\/limosinn.com\/fr\/","logo":{"@type":"ImageObject","inLanguage":"fr-FR","@id":"https:\/\/limosinn.com\/fr\/#\/schema\/logo\/image\/","url":"https:\/\/limosinn.com\/wp-content\/uploads\/2022\/11\/cropped-logo-limosinn-1.png","contentUrl":"https:\/\/limosinn.com\/wp-content\/uploads\/2022\/11\/cropped-logo-limosinn-1.png","width":512,"height":512,"caption":"Chicago Limos Inn\u2122: Chicago City Limousines and Airport Black Car Service"},"image":{"@id":"https:\/\/limosinn.com\/fr\/#\/schema\/logo\/image\/"},"sameAs":["https:\/\/facebook.com\/ChicagoLimosInn\/","https:\/\/x.com\/limosinn"]}]}},"_hostinger_reach_plugin_has_subscription_block":false,"_hostinger_reach_plugin_is_elementor":false,"_links":{"self":[{"href":"https:\/\/limosinn.com\/fr\/wp-json\/wp\/v2\/pages\/27879","targetHints":{"allow":["GET"]}}],"collection":[{"href":"https:\/\/limosinn.com\/fr\/wp-json\/wp\/v2\/pages"}],"about":[{"href":"https:\/\/limosinn.com\/fr\/wp-json\/wp\/v2\/types\/page"}],"author":[{"embeddable":true,"href":"https:\/\/limosinn.com\/fr\/wp-json\/wp\/v2\/users\/1"}],"replies":[{"embeddable":true,"href":"https:\/\/limosinn.com\/fr\/wp-json\/wp\/v2\/comments?post=27879"}],"version-history":[{"count":0,"href":"https:\/\/limosinn.com\/fr\/wp-json\/wp\/v2\/pages\/27879\/revisions"}],"wp:attachment":[{"href":"https:\/\/limosinn.com\/fr\/wp-json\/wp\/v2\/media?parent=27879"}],"curies":[{"name":"wp","href":"https:\/\/api.w.org\/{rel}","templated":true}]}}